{"id":2321,"date":"2019-05-10T09:37:28","date_gmt":"2019-05-10T09:37:28","guid":{"rendered":"https:\/\/circutex.eu\/?page_id=2321"},"modified":"2024-04-04T11:15:14","modified_gmt":"2024-04-04T11:15:14","slug":"getting-started","status":"publish","type":"page","link":"https:\/\/circutex.eu\/es\/","title":{"rendered":"INICIO"},"content":{"rendered":"<p><img decoding=\"async\" src=\"\/wp-content\/uploads\/2022\/07\/CircuText-Website-Concept-4-1.png\" alt=\"\"><\/p>\n<div>\n<p style=\"text-align: center;\"><strong>Bienvenidos a CircuTex<\/strong><br \/><strong>Un proyecto Erasmus+ cuyo objetivo es mejorar las competencias en materia de sostenibilidad de los estudiantes y educadores de las instituciones de educaci\u00f3n superior en el sector de los compuestos fibrosos y los textiles t\u00e9cnicos.<\/strong><\/p>\n<\/div>\n<h1>\n<h2 style=\"text-align: center;\"><span><br \/>#CIRCUTEX\u00a0 \u00a0#ErasmusPlus\u00a0 \u00a0#SEPIE<\/span><\/h2>\n<\/h1>\n<h1>OBJETIVOS<\/h1>\n<p><img decoding=\"async\" src=\"\/wp-content\/uploads\/2022\/08\/imageedit_2_7672352174.png\" alt=\"\"><\/p>\n<div>\n<p style=\"text-align: center;\">crear un curso de aprendizaje electr\u00f3nico para estudiantes de educaci\u00f3n superior sobre la econom\u00eda circular de los composites fibrosos y los textiles t\u00e9cnicos<\/p>\n<\/div>\n<p><img decoding=\"async\" src=\"\/wp-content\/uploads\/2022\/08\/imageedit_1_6716296399.png\" alt=\"\"><\/p>\n<div>\n<p style=\"text-align: center;\">utilizar tecnolog\u00edas innovadoras, como la realidad virtual, para apoyar el proceso de aprendizaje.<\/p>\n<\/div>\n<p><img decoding=\"async\" src=\"\/wp-content\/uploads\/2022\/08\/imageedit_1_4486058557.png\" alt=\"\"><\/p>\n<div>\n<p style=\"text-align: center;\">crear una hoja de ruta y recomendaciones para la asignaci\u00f3n de puntos ECTS al curso y la adopci\u00f3n de microcredenciales<\/p>\n<\/div>\n<p><img decoding=\"async\" src=\"\/wp-content\/uploads\/2022\/08\/imageedit_1_5312009532.png\" alt=\"\"><\/p>\n<div>\n<p class=\"_04xlpA direction-ltr align-center para-style-body\" style=\"text-align: center;\">reunir a organizaciones europeas y desarrollar su capacidad para organizar cursos de aprendizaje que conduzcan a la obtenci\u00f3n de microcredenciales basadas en los resultados del aprendizaje.<\/p>\n<\/div>\n<h1>\u00bfA QUI\u00c9N VA DIRIGIDO?<\/h1>\n<div>\n<p class=\"_04xlpA direction-ltr align-justify para-style-title\">\n<ul>\n<li><span class=\"JsGRdQ\">El grupo objetivo principal del proyecto son las instituciones de educaci\u00f3n superior, los profesores y el personal de estas instituciones y los estudiantes de educaci\u00f3n superior matriculados en los campos de la ingenier\u00eda y textil.\n<p><\/span><\/li>\n<li><span class=\"JsGRdQ\">Los grupos objetivo secundarios son las partes interesadas del sector textil y de la ingenier\u00eda (industrias, empresas, asociaciones, centros de educaci\u00f3n de adultos, etc.) y los responsables pol\u00edticos nacionales.<\/span><\/li>\n<\/ul>\n<\/div>\n<p><img decoding=\"async\" src=\"\/wp-content\/uploads\/2022\/08\/CircuText-Website-Concept-24-%CE%91%CE%BD%CF%84%CE%B9%CE%B3%CF%81%CE%B1%CF%86%CE%AE.png\" alt=\"\"><\/p>\n<h1>RESULTADOS<\/h1>\n<div>\n<h3 style=\"text-align: center;\"><a href=\"https:\/\/circutex.eu\/?page_id=2334&amp;lang=es\" target=\"_blank\" rel=\"noopener\"><span class=\"JsGRdQ\">Un curso de E-learning sobre la econom\u00eda circular de los composites fibrosos y los textiles t\u00e9cnicos<\/span><\/a><\/h3>\n<\/div>\n<div>\n<p style=\"text-align: center;\">\n<h3 style=\"text-align: center;\"><a href=\"https:\/\/circutex.eu\/?page_id=2341&amp;lang=es\" target=\"_blank\" rel=\"noopener\"><span class=\"JsGRdQ\">Un laboratorio virtual para\u00a0 experimentos virtuales sobre la econom\u00eda circular de los productos textiles<\/span><\/a><\/h3>\n<\/div>\n<div>\n<h3 style=\"text-align: center;\"><a href=\"https:\/\/circutex.eu\/?page_id=2346&amp;lang=es\" target=\"_blank\" rel=\"noopener\"><span class=\"JsGRdQ\">Una hoja de ruta para las microcredenciales<\/span><\/a><\/h3>\n<\/div>\n<p>\n    <a href=\"https:\/\/circutex.eu\/?page_id=2334&#038;lang=es\">Explora nuestra plataforma<\/a>\n<\/p>\n<p>\n    <a href=\"https:\/\/circutex.eu\/?page_id=2346&#038;lang=es\">Explora nuestra hoja de ruta<\/a>\n<\/p>\n<div>\n<p>Sobre Circutex<\/p>\n<p>Es un proyecto Erasmus+ cuyo objetivo es mejorar las competencias en materia de sostenibilidad de los estudiantes y educadores de las instituciones de educaci\u00f3n superior en el sector de los compuestos fibrosos y los textiles t\u00e9cnicos<\/p>\n<\/div>\n<p><img decoding=\"async\" src=\"\/wp-content\/uploads\/2022\/10\/ES-Cofinanciado-por-la-Uni%CE%BBn-Europea_NEG_500x100.png\" alt=\"Erasmus+ Logo Co funding\"><\/p>\n<div>\n<p>Financiado por la Uni\u00f3n Europea. Las opiniones y puntos de vista expresados solo comprometen a su(s) autor(es) y no reflejan necesariamente los de la Uni\u00f3n Europea o los de la Agencia Ejecutiva Europea de Educaci\u00f3n y Cultura (EACEA). Ni la Uni\u00f3n Europea ni la EACEA pueden ser considerados responsables de ellos.<\/p>\n<\/div>\n<p><img decoding=\"async\" src=\"\/wp-content\/uploads\/2022\/09\/SEPIE_erasmus_plus.gif\" alt=\"\"><\/p>\n<h1>\n<p class=\"_04xlpA direction-ltr align-center para-style-body\" style=\"text-align: center;\"><span class=\"JsGRdQ\">KA220-HED \u2013 Cooperation partnerships in higher education<\/span><\/p>\n<p class=\"_04xlpA direction-ltr align-center para-style-body\" style=\"text-align: center;\"><span class=\"JsGRdQ\">2021-1-ES01-KA220-HED-000032075<\/span><\/p>\n<\/h1>\n<p><!--more--><br \/>\n<!-- {\"name\":\"Home\",\"type\":\"layout\",\"children\":[{\"name\":\"Hero\",\"type\":\"section\",\"props\":{\"width\":\"default\",\"padding\":\"large\",\"style\":\"default\",\"animation\":\"slide-top-small\",\"image\":\"\",\"image_position\":\"center-center\",\"height\":\"full\",\"image_fixed\":true,\"header_transparent\":\"dark\",\"padding_remove_top\":true,\"vertical_align\":\"middle\",\"title_position\":\"top-left\",\"title_rotation\":\"left\",\"title_breakpoint\":\"xl\",\"image_effect\":\"parallax\",\"image_parallax_bgy_end\":\"500\",\"image_parallax_easing\":\"1\",\"image_parallax_breakpoint\":\"m\",\"media_visibility\":\"s\",\"title\":\"xdgsdfsd\"},\"children\":[{\"name\":\"\",\"type\":\"row\",\"children\":[{\"name\":\"\",\"type\":\"column\",\"props\":{\"image_position\":\"center-center\",\"media_overlay_gradient\":\"\",\"width_medium\":\"1-1\",\"position_sticky_breakpoint\":\"m\"},\"children\":[{\"name\":\"\",\"type\":\"image\",\"props\":{\"margin\":\"default\",\"image\":\"wp-content\\\/uploads\\\/2022\\\/07\\\/CircuText-Website-Concept-4-1.png\",\"text_align\":\"center\",\"image_svg_color\":\"emphasis\"}}]}]},{\"type\":\"row\",\"children\":[{\"type\":\"column\",\"props\":{\"position_sticky_breakpoint\":\"m\",\"image_position\":\"center-center\",\"media_overlay_gradient\":\"\"},\"children\":[{\"type\":\"text\",\"props\":{\"margin\":\"default\",\"column_breakpoint\":\"m\",\"content\":\"\n\n<p style=\\\"text-align: center;\\\"><strong>Bienvenidos a CircuTex<\\\/strong><br \\\/><strong>Un proyecto Erasmus+ cuyo objetivo es mejorar las competencias en materia de sostenibilidad de los estudiantes y educadores de las instituciones de educaci\\u00f3n superior en el sector de los compuestos fibrosos y los textiles t\\u00e9cnicos.<\\\/strong><\\\/p>\",\"text_style\":\"lead\"}},{\"type\":\"headline\",\"props\":{\"title_element\":\"h1\",\"content\":\"\n\n<h2 style=\\\"text-align: center;\\\"><span><br \\\/>#CIRCUTEX\\u00a0 \\u00a0#ErasmusPlus\\u00a0 \\u00a0#SEPIE<\\\/span><\\\/h2>\"}},{\"type\":\"headline\",\"props\":{\"title_element\":\"h1\",\"content\":\"<br \\\/>OBJETIVOS\",\"text_align\":\"center\",\"title_color\":\"emphasis\",\"title_style\":\"heading-medium\",\"title_decoration\":\"divider\",\"class\":\"\"}}]}]},{\"type\":\"row\",\"props\":{\"layout\":\"1-4,1-4,1-4,1-4|1-2,1-2,1-2,1-2\"},\"children\":[{\"type\":\"column\",\"props\":{\"position_sticky_breakpoint\":\"m\",\"image_position\":\"center-center\",\"media_overlay_gradient\":\"\",\"width_medium\":\"1-4\",\"width_small\":\"1-2\"},\"children\":[]},{\"type\":\"column\",\"props\":{\"position_sticky_breakpoint\":\"m\",\"image_position\":\"center-center\",\"media_overlay_gradient\":\"\",\"width_medium\":\"1-4\",\"width_small\":\"1-2\"},\"children\":[{\"type\":\"image\",\"props\":{\"margin\":\"default\",\"image_svg_color\":\"emphasis\",\"image\":\"wp-content\\\/uploads\\\/2022\\\/08\\\/imageedit_2_7672352174.png\",\"image_height\":\"300\"}},{\"type\":\"text\",\"props\":{\"margin\":\"default\",\"column_breakpoint\":\"m\",\"content\":\"\n\n<p style=\\\"text-align: center;\\\">crear un curso de aprendizaje electr\\u00f3nico para estudiantes de educaci\\u00f3n superior sobre la econom\\u00eda circular de los composites fibrosos y los textiles t\\u00e9cnicos<\\\/p>\",\"text_style\":\"lead\"}}]},{\"type\":\"column\",\"props\":{\"position_sticky_breakpoint\":\"m\",\"image_position\":\"center-center\",\"media_overlay_gradient\":\"\",\"width_medium\":\"1-4\",\"width_small\":\"1-2\"},\"children\":[{\"type\":\"image\",\"props\":{\"margin\":\"default\",\"image_svg_color\":\"emphasis\",\"image\":\"wp-content\\\/uploads\\\/2022\\\/08\\\/imageedit_1_6716296399.png\",\"image_width\":\"300\"}},{\"type\":\"text\",\"props\":{\"margin\":\"default\",\"column_breakpoint\":\"m\",\"content\":\"\n\n<p style=\\\"text-align: center;\\\">utilizar tecnolog\\u00edas innovadoras, como la realidad virtual, para apoyar el proceso de aprendizaje.<\\\/p>\",\"text_style\":\"lead\"}}]},{\"type\":\"column\",\"props\":{\"position_sticky_breakpoint\":\"m\",\"image_position\":\"center-center\",\"media_overlay_gradient\":\"\",\"width_medium\":\"1-4\",\"width_small\":\"1-2\"},\"children\":[]}]},{\"type\":\"row\",\"props\":{\"layout\":\"1-4,1-4,1-4,1-4|1-2,1-2,1-2,1-2\"},\"children\":[{\"type\":\"column\",\"props\":{\"position_sticky_breakpoint\":\"m\",\"image_position\":\"center-center\",\"media_overlay_gradient\":\"\",\"width_medium\":\"1-4\",\"width_small\":\"1-2\"},\"children\":[]},{\"type\":\"column\",\"props\":{\"position_sticky_breakpoint\":\"m\",\"image_position\":\"center-center\",\"media_overlay_gradient\":\"\",\"width_medium\":\"1-4\",\"width_small\":\"1-2\"},\"children\":[{\"type\":\"image\",\"props\":{\"margin\":\"default\",\"image_svg_color\":\"emphasis\",\"image\":\"wp-content\\\/uploads\\\/2022\\\/08\\\/imageedit_1_4486058557.png\",\"image_height\":\"300\"}},{\"type\":\"text\",\"props\":{\"margin\":\"default\",\"column_breakpoint\":\"m\",\"content\":\"\n\n<p style=\\\"text-align: center;\\\">crear una hoja de ruta y recomendaciones para la asignaci\\u00f3n de puntos ECTS al curso y la adopci\\u00f3n de microcredenciales<\\\/p>\",\"text_style\":\"lead\"}}]},{\"type\":\"column\",\"props\":{\"position_sticky_breakpoint\":\"m\",\"image_position\":\"center-center\",\"media_overlay_gradient\":\"\",\"width_medium\":\"1-4\",\"width_small\":\"1-2\"},\"children\":[{\"type\":\"image\",\"props\":{\"margin\":\"default\",\"image_svg_color\":\"emphasis\",\"image\":\"wp-content\\\/uploads\\\/2022\\\/08\\\/imageedit_1_5312009532.png\",\"image_width\":\"300\"}},{\"type\":\"text\",\"props\":{\"margin\":\"default\",\"column_breakpoint\":\"m\",\"content\":\"\n\n<p class=\\\"_04xlpA direction-ltr align-center para-style-body\\\" style=\\\"text-align: center;\\\">reunir a organizaciones europeas y desarrollar su capacidad para organizar cursos de aprendizaje que conduzcan a la obtenci\\u00f3n de microcredenciales basadas en los resultados del aprendizaje.<\\\/p>\",\"text_style\":\"lead\"}}]},{\"type\":\"column\",\"props\":{\"position_sticky_breakpoint\":\"m\",\"image_position\":\"center-center\",\"media_overlay_gradient\":\"\",\"width_medium\":\"1-4\",\"width_small\":\"1-2\"},\"children\":[]}]},{\"type\":\"row\",\"props\":{\"layout\":\"1-2,1-2\"},\"children\":[{\"type\":\"column\",\"props\":{\"position_sticky_breakpoint\":\"m\",\"image_position\":\"center-center\",\"media_overlay_gradient\":\"\",\"width_medium\":\"1-2\"},\"children\":[{\"type\":\"headline\",\"props\":{\"title_element\":\"h1\",\"content\":\"<br \\\/>\\u00bfA QUI\\u00c9N VA DIRIGIDO?\",\"text_align\":\"center\",\"title_color\":\"emphasis\",\"title_style\":\"heading-medium\",\"title_decoration\":\"divider\",\"class\":\"\"}},{\"type\":\"text\",\"props\":{\"margin\":\"default\",\"column_breakpoint\":\"m\",\"content\":\"\n\n<p class=\\\"_04xlpA direction-ltr align-justify para-style-title\\\"><\\\/p>\\n\n\n<ul>\\n\n\n<li><span class=\\\"JsGRdQ\\\">El grupo objetivo principal del proyecto son las instituciones de educaci\\u00f3n superior, los profesores y el personal de estas instituciones y los estudiantes de educaci\\u00f3n superior matriculados en los campos de la ingenier\\u00eda y textil.<br \\\/><br \\\/><\\\/span><\\\/li>\\n\n\n<li><span class=\\\"JsGRdQ\\\">Los grupos objetivo secundarios son las partes interesadas del sector textil y de la ingenier\\u00eda (industrias, empresas, asociaciones, centros de educaci\\u00f3n de adultos, etc.) y los responsables pol\\u00edticos nacionales.<\\\/span><\\\/li>\\n<\\\/ul>\",\"text_style\":\"lead\"}}]},{\"type\":\"column\",\"props\":{\"position_sticky_breakpoint\":\"m\",\"image_position\":\"center-center\",\"media_overlay_gradient\":\"\",\"width_medium\":\"1-2\"},\"children\":[{\"type\":\"image\",\"props\":{\"margin\":\"default\",\"image_svg_color\":\"emphasis\",\"image\":\"wp-content\\\/uploads\\\/2022\\\/08\\\/CircuText-Website-Concept-24-\\u0391\\u03bd\\u03c4\\u03b9\\u03b3\\u03c1\\u03b1\\u03c6\\u03ae.png\"}}]}]},{\"type\":\"row\",\"children\":[{\"type\":\"column\",\"props\":{\"position_sticky_breakpoint\":\"m\",\"image_position\":\"center-center\",\"media_overlay_gradient\":\"\"},\"children\":[{\"type\":\"headline\",\"props\":{\"title_element\":\"h1\",\"content\":\"<br \\\/>RESULTADOS\",\"text_align\":\"center\",\"title_color\":\"emphasis\",\"title_style\":\"heading-medium\",\"title_decoration\":\"divider\",\"class\":\"\"}}]}]},{\"type\":\"row\",\"props\":{\"layout\":\"1-3,1-3,1-3\"},\"children\":[{\"type\":\"column\",\"props\":{\"position_sticky_breakpoint\":\"m\",\"image_position\":\"center-center\",\"media_overlay_gradient\":\"\",\"width_medium\":\"1-3\",\"image\":\"wp-content\\\/uploads\\\/2022\\\/08\\\/CircuText-Website-Concept-25.png\",\"image_size\":\"height-1-1\"},\"children\":[{\"type\":\"text\",\"props\":{\"margin\":\"default\",\"column_breakpoint\":\"m\",\"content\":\"\n\n<h3 style=\\\"text-align: center;\\\"><a href=\\\"https:\\\/\\\/circutex.eu\\\/?page_id=2334&amp;lang=es\\\" target=\\\"_blank\\\" rel=\\\"noopener\\\"><span class=\\\"JsGRdQ\\\">Un curso de E-learning sobre la econom\\u00eda circular de los composites fibrosos y los textiles t\\u00e9cnicos<\\\/span><\\\/a><\\\/h3>\",\"text_color\":\"primary\",\"text_style\":\"lead\",\"position\":\"absolute\",\"position_left\":\"0\",\"position_bottom\":\"-195\"}}]},{\"type\":\"column\",\"props\":{\"position_sticky_breakpoint\":\"m\",\"image_position\":\"center-center\",\"media_overlay_gradient\":\"\",\"width_medium\":\"1-3\",\"image\":\"wp-content\\\/uploads\\\/2022\\\/08\\\/CircuText-Website-Concept-26.png\",\"image_size\":\"height-1-1\"},\"children\":[{\"type\":\"text\",\"props\":{\"margin\":\"default\",\"column_breakpoint\":\"m\",\"content\":\"\n\n<p style=\\\"text-align: center;\\\"><\\\/p>\\n\n\n<h3 style=\\\"text-align: center;\\\"><a href=\\\"https:\\\/\\\/circutex.eu\\\/?page_id=2341&amp;lang=es\\\" target=\\\"_blank\\\" rel=\\\"noopener\\\"><span class=\\\"JsGRdQ\\\">Un laboratorio virtual para\\u00a0 experimentos virtuales sobre la econom\\u00eda circular de los productos textiles<\\\/span><\\\/a><\\\/h3>\",\"text_color\":\"primary\",\"text_style\":\"lead\",\"position\":\"relative\",\"position_bottom\":\"-30\"}}]},{\"type\":\"column\",\"props\":{\"position_sticky_breakpoint\":\"m\",\"image_position\":\"center-center\",\"media_overlay_gradient\":\"\",\"width_medium\":\"1-3\",\"image\":\"wp-content\\\/uploads\\\/2022\\\/08\\\/CircuText-Website-Concept-27.png\",\"image_size\":\"height-1-1\"},\"children\":[{\"type\":\"text\",\"props\":{\"margin\":\"default\",\"column_breakpoint\":\"m\",\"content\":\"\n\n<p><\\\/p>\\n\n\n<h3 style=\\\"text-align: center;\\\"><a href=\\\"https:\\\/\\\/circutex.eu\\\/?page_id=2346&amp;lang=es\\\" target=\\\"_blank\\\" rel=\\\"noopener\\\"><span class=\\\"JsGRdQ\\\">Una hoja de ruta para las microcredenciales<\\\/span><\\\/a><\\\/h3>\",\"text_color\":\"emphasis\",\"text_style\":\"lead\",\"position\":\"absolute\",\"position_bottom\":\"-140\"}}]}]},{\"type\":\"row\",\"props\":{\"layout\":\"1-3,1-3,1-3\"},\"children\":[{\"type\":\"column\",\"props\":{\"position_sticky_breakpoint\":\"m\",\"image_position\":\"center-center\",\"media_overlay_gradient\":\"\",\"width_medium\":\"1-3\"},\"children\":[{\"type\":\"button\",\"props\":{\"grid_column_gap\":\"large\",\"grid_row_gap\":\"small\",\"margin\":\"default\",\"button_size\":\"large\",\"maxwidth\":\"xlarge\",\"position\":\"relative\",\"position_right\":\"-220\"},\"children\":[{\"type\":\"button_item\",\"props\":{\"button_style\":\"default\",\"icon_align\":\"left\",\"content\":\"Explora nuestra plataforma\",\"link_title\":\"\",\"link\":\"https:\\\/\\\/circutex.eu\\\/?page_id=2334&lang=es\"}}]}]},{\"type\":\"column\",\"props\":{\"position_sticky_breakpoint\":\"m\",\"image_position\":\"center-center\",\"media_overlay_gradient\":\"\",\"width_medium\":\"1-3\"},\"children\":[]},{\"type\":\"column\",\"props\":{\"position_sticky_breakpoint\":\"m\",\"image_position\":\"center-center\",\"media_overlay_gradient\":\"\",\"width_medium\":\"1-3\"},\"children\":[{\"type\":\"button\",\"props\":{\"grid_column_gap\":\"small\",\"grid_row_gap\":\"small\",\"margin\":\"default\",\"position\":\"relative\",\"position_right\":\"220\",\"button_size\":\"large\"},\"children\":[{\"type\":\"button_item\",\"props\":{\"button_style\":\"default\",\"icon_align\":\"left\",\"content\":\"Explora nuestra hoja de ruta\",\"link\":\"https:\\\/\\\/circutex.eu\\\/?page_id=2346&lang=es\"}}]}]}]}]},{\"type\":\"section\",\"props\":{\"style\":\"default\",\"width\":\"default\",\"vertical_align\":\"middle\",\"title_position\":\"top-left\",\"title_rotation\":\"left\",\"title_breakpoint\":\"xl\",\"image_position\":\"center-center\",\"image\":\"wp-content\\\/uploads\\\/2022\\\/08\\\/06-scaled.jpg\"},\"children\":[{\"type\":\"row\",\"props\":{\"layout\":\"1-2,1-2\"},\"children\":[{\"type\":\"column\",\"props\":{\"position_sticky_breakpoint\":\"m\",\"image_position\":\"center-center\",\"media_overlay_gradient\":\"\",\"width_medium\":\"1-2\"},\"children\":[{\"type\":\"text\",\"props\":{\"margin\":\"default\",\"column_breakpoint\":\"m\",\"content\":\"\n\n<p>Sobre Circutex<br \\\/><br \\\/>Es un proyecto Erasmus+ cuyo objetivo es mejorar las competencias en materia de sostenibilidad de los estudiantes y educadores de las instituciones de educaci\\u00f3n superior en el sector de los compuestos fibrosos y los textiles t\\u00e9cnicos<\\\/p>\",\"text_style\":\"lead\",\"text_color\":\"muted\"}},{\"type\":\"image\",\"props\":{\"margin\":\"default\",\"image_svg_color\":\"emphasis\",\"image\":\"wp-content\\\/uploads\\\/2022\\\/10\\\/ES-Cofinanciado-por-la-Uni\\u03bbn-Europea_NEG_500x100.png\",\"image_alt\":\"Erasmus+ Logo Co funding\"}}]},{\"type\":\"column\",\"props\":{\"position_sticky_breakpoint\":\"m\",\"image_position\":\"center-center\",\"media_overlay_gradient\":\"\",\"width_medium\":\"1-2\"},\"children\":[{\"type\":\"text\",\"props\":{\"margin\":\"default\",\"column_breakpoint\":\"m\",\"content\":\"\n\n<p>Financiado por la Uni\\u00f3n Europea. Las opiniones y puntos de vista expresados solo comprometen a su(s) autor(es) y no reflejan necesariamente los de la Uni\\u00f3n Europea o los de la Agencia Ejecutiva Europea de Educaci\\u00f3n y Cultura (EACEA). Ni la Uni\\u00f3n Europea ni la EACEA pueden ser considerados responsables de ellos.<\\\/p>\",\"text_style\":\"lead\",\"text_color\":\"muted\"}},{\"type\":\"image\",\"props\":{\"margin\":\"default\",\"image_svg_color\":\"emphasis\",\"image\":\"wp-content\\\/uploads\\\/2022\\\/09\\\/SEPIE_erasmus_plus.gif\"}}]}]},{\"type\":\"row\",\"children\":[{\"type\":\"column\",\"props\":{\"position_sticky_breakpoint\":\"m\",\"image_position\":\"center-center\",\"media_overlay_gradient\":\"\"},\"children\":[{\"type\":\"headline\",\"props\":{\"title_element\":\"h1\",\"content\":\"\n\n<p class=\\\"_04xlpA direction-ltr align-center para-style-body\\\" style=\\\"text-align: center;\\\"><span class=\\\"JsGRdQ\\\">KA220-HED \\u2013 Cooperation partnerships in higher education<\\\/span><\\\/p>\\n\n\n<p class=\\\"_04xlpA direction-ltr align-center para-style-body\\\" style=\\\"text-align: center;\\\"><span class=\\\"JsGRdQ\\\">2021-1-ES01-KA220-HED-000032075<\\\/span><\\\/p>\",\"title_style\":\"h3\",\"title_color\":\"muted\"}}]}]}]}],\"version\":\"2.7.22\"} --><\/p>\n","protected":false},"excerpt":{"rendered":"<p>Bienvenidos a CircuTexUn proyecto Erasmus+ cuyo objetivo es mejorar las competencias en materia de sostenibilidad de los estudiantes y educadores de las instituciones de educaci\u00f3n superior en el sector de los compuestos fibrosos y los textiles t\u00e9cnicos. #CIRCUTEX\u00a0 \u00a0#ErasmusPlus\u00a0 \u00a0#SEPIE OBJETIVOS crear un curso de aprendizaje electr\u00f3nico para estudiantes de educaci\u00f3n superior sobre la econom\u00eda [&hellip;]<\/p>\n","protected":false},"author":1,"featured_media":0,"parent":0,"menu_order":6,"comment_status":"open","ping_status":"open","template":"","meta":[],"acf":[],"_links":{"self":[{"href":"https:\/\/circutex.eu\/es\/wp-json\/wp\/v2\/pages\/2321"}],"collection":[{"href":"https:\/\/circutex.eu\/es\/wp-json\/wp\/v2\/pages"}],"about":[{"href":"https:\/\/circutex.eu\/es\/wp-json\/wp\/v2\/types\/page"}],"author":[{"embeddable":true,"href":"https:\/\/circutex.eu\/es\/wp-json\/wp\/v2\/users\/1"}],"replies":[{"embeddable":true,"href":"https:\/\/circutex.eu\/es\/wp-json\/wp\/v2\/comments?post=2321"}],"version-history":[{"count":16,"href":"https:\/\/circutex.eu\/es\/wp-json\/wp\/v2\/pages\/2321\/revisions"}],"predecessor-version":[{"id":3234,"href":"https:\/\/circutex.eu\/es\/wp-json\/wp\/v2\/pages\/2321\/revisions\/3234"}],"wp:attachment":[{"href":"https:\/\/circutex.eu\/es\/wp-json\/wp\/v2\/media?parent=2321"}],"curies":[{"name":"wp","href":"https:\/\/api.w.org\/{rel}","templated":true}]}}