{"id":2334,"date":"2022-07-27T13:04:16","date_gmt":"2022-07-27T13:04:16","guid":{"rendered":"https:\/\/circutex.eu\/?page_id=2334"},"modified":"2024-04-04T11:31:04","modified_gmt":"2024-04-04T11:31:04","slug":"elearning","status":"publish","type":"page","link":"https:\/\/circutex.eu\/es\/elearning\/","title":{"rendered":"eLEARNING"},"content":{"rendered":"<p><img decoding=\"async\" src=\"\/wp-content\/uploads\/2022\/09\/young-caucasian-woman-using-laptop-computer-lookin-2022-06-01-23-22-16-utc-1-scaled.jpg\" alt=\"\"><\/p>\n<h1><span class=\"JsGRdQ\">CURSO DE eLEARNING<\/span><\/h1>\n<div>\n<h3 class=\"_04xlpA direction-ltr align-start para-style-body\">CURSO E-LEARNING<\/p>\n<p>Curso de aprendizaje online sobre Econom\u00eda Circular de compuestos reforzados con fibras y textiles t\u00e9cnicos.<\/p>\n<p>Est\u00e1 dirigido a estudiantes de educaci\u00f3n superior y a personas del sector de la industria textil que quieran aumentar sus conocimientos y competencias.<\/p>\n<p>El curso es modular y de autoaprendizaje. Incluye una evaluaci\u00f3n de los conocimientos adquiridos y ofrece certificaci\u00f3n.<\/h3>\n<p><a href=\"https:\/\/circutex.eu\/wp-content\/uploads\/2023\/02\/IO1-A3_Course-curriculum.pdf\">Download PDF: Course curriculum<\/a><\/p>\n<p><a href=\"https:\/\/circutex.eu\/wp-content\/uploads\/2023\/02\/IO1-A1_A2_Synthesis-report_Colection-of-good-practices-CIRCUTEX_Report.pdf\">Download PDF: Collection of Good Practices<\/a><\/p>\n<\/div>\n<p>\n    <a href=\"https:\/\/e-trainingcentre.gr\/course\/view.php?id=269\">ENTRAR<\/a>\n<\/p>\n<div>\n<p>Sobre Circutex<\/p>\n<p>Es un proyecto Erasmus+ cuyo objetivo es mejorar las competencias en materia de sostenibilidad de los estudiantes y educadores de las instituciones de educaci\u00f3n superior en el sector de los compuestos fibrosos y los textiles t\u00e9cnicos<\/p>\n<\/div>\n<p><img decoding=\"async\" src=\"\/wp-content\/uploads\/2022\/10\/ES-Cofinanciado-por-la-Uni%CE%BBn-Europea_NEG_500x100.png\" alt=\"Erasmus+ Logo Co funding\"><\/p>\n<div>\n<p>Financiado por la Uni\u00f3n Europea. Las opiniones y puntos de vista expresados solo comprometen a su(s) autor(es) y no reflejan necesariamente los de la Uni\u00f3n Europea o los de la Agencia Ejecutiva Europea de Educaci\u00f3n y Cultura (EACEA). Ni la Uni\u00f3n Europea ni la EACEA pueden ser considerados responsables de ellos.<\/p>\n<\/div>\n<p><img decoding=\"async\" src=\"\/wp-content\/uploads\/2022\/09\/SEPIE_erasmus_plus.gif\" alt=\"\"><\/p>\n<h1>\n<p class=\"_04xlpA direction-ltr align-center para-style-body\" style=\"text-align: center;\"><span class=\"JsGRdQ\">KA220-HED \u2013 Cooperation partnerships in higher education<\/span><\/p>\n<p class=\"_04xlpA direction-ltr align-center para-style-body\" style=\"text-align: center;\"><span class=\"JsGRdQ\">2021-1-ES01-KA220-HED-000032075<\/span><\/p>\n<\/h1>\n<p><!--more--><br \/>\n<!-- {\"name\":\"Home\",\"type\":\"layout\",\"children\":[{\"name\":\"Hero\",\"type\":\"section\",\"props\":{\"width\":\"default\",\"padding\":\"large\",\"style\":\"default\",\"animation\":\"slide-top-small\",\"image\":\"\",\"image_position\":\"center-center\",\"height\":\"full\",\"image_fixed\":true,\"header_transparent\":\"dark\",\"padding_remove_top\":true,\"vertical_align\":\"middle\",\"title_position\":\"top-left\",\"title_rotation\":\"left\",\"title_breakpoint\":\"xl\",\"image_effect\":\"parallax\",\"image_parallax_bgy_end\":\"500\",\"image_parallax_easing\":\"1\",\"image_parallax_breakpoint\":\"m\",\"media_visibility\":\"s\",\"title\":\"xdgsdfsd\"},\"children\":[{\"type\":\"row\",\"children\":[{\"type\":\"column\",\"props\":{\"position_sticky_breakpoint\":\"m\",\"image_position\":\"center-center\",\"media_overlay_gradient\":\"\",\"width_medium\":\"1-4\"},\"children\":[{\"type\":\"image\",\"props\":{\"margin\":\"default\",\"image_svg_color\":\"emphasis\",\"image\":\"wp-content\\\/uploads\\\/2022\\\/09\\\/young-caucasian-woman-using-laptop-computer-lookin-2022-06-01-23-22-16-utc-1-scaled.jpg\"}}]},{\"type\":\"column\",\"props\":{\"position_sticky_breakpoint\":\"m\",\"image_position\":\"top-left\",\"media_overlay_gradient\":\"\",\"width_medium\":\"1-2\",\"image\":\"wp-content\\\/uploads\\\/2022\\\/09\\\/Screenshot_495.png\",\"text_color\":\"dark\",\"image_height\":\"1500\",\"image_size\":\"height-1-1\"},\"children\":[{\"type\":\"headline\",\"props\":{\"title_element\":\"h1\",\"content\":\"<span class=\\\"JsGRdQ\\\">CURSO DE eLEARNING<\\\/span>\",\"position\":\"relative\",\"position_bottom\":\"40\"}},{\"type\":\"text\",\"props\":{\"margin\":\"default\",\"column_breakpoint\":\"m\",\"content\":\"\n\n<h3 class=\\\"_04xlpA direction-ltr align-start para-style-body\\\">CURSO E-LEARNING<br \\\/><br \\\/>Curso de aprendizaje online sobre Econom\\u00eda Circular de compuestos reforzados con fibras y textiles t\\u00e9cnicos.<br \\\/><br \\\/>Est\\u00e1 dirigido a estudiantes de educaci\\u00f3n superior y a personas del sector de la industria textil que quieran aumentar sus conocimientos y competencias.<br \\\/><br \\\/>El curso es modular y de autoaprendizaje. Incluye una evaluaci\\u00f3n de los conocimientos adquiridos y ofrece certificaci\\u00f3n.<\\\/h3>\\n\n\n<p><a href=\\\"https:\\\/\\\/circutex.eu\\\/wp-content\\\/uploads\\\/2023\\\/02\\\/IO1-A3_Course-curriculum.pdf\\\">Download PDF: Course curriculum<\\\/a><\\\/p>\\n\n\n<p><a href=\\\"https:\\\/\\\/circutex.eu\\\/wp-content\\\/uploads\\\/2023\\\/02\\\/IO1-A1_A2_Synthesis-report_Colection-of-good-practices-CIRCUTEX_Report.pdf\\\">Download PDF: Collection of Good Practices<\\\/a><\\\/p>\",\"text_style\":\"lead\",\"position\":\"relative\",\"position_bottom\":\"20\"}},{\"type\":\"button\",\"props\":{\"grid_column_gap\":\"small\",\"grid_row_gap\":\"small\",\"margin\":\"default\"},\"children\":[{\"type\":\"button_item\",\"props\":{\"button_style\":\"default\",\"icon_align\":\"left\",\"content\":\"ENTRAR\",\"link\":\"https:\\\/\\\/e-trainingcentre.gr\\\/course\\\/view.php?id=269\"}}]}]}],\"props\":{\"layout\":\"1-2,1-2\"}}]},{\"type\":\"section\",\"props\":{\"style\":\"default\",\"width\":\"default\",\"vertical_align\":\"middle\",\"title_position\":\"top-left\",\"title_rotation\":\"left\",\"title_breakpoint\":\"xl\",\"image_position\":\"center-center\",\"image\":\"wp-content\\\/uploads\\\/2022\\\/08\\\/06-scaled.jpg\"},\"children\":[{\"type\":\"row\",\"props\":{\"layout\":\"1-2,1-2\"},\"children\":[{\"type\":\"column\",\"props\":{\"position_sticky_breakpoint\":\"m\",\"image_position\":\"center-center\",\"media_overlay_gradient\":\"\",\"width_medium\":\"1-2\"},\"children\":[{\"type\":\"text\",\"props\":{\"margin\":\"default\",\"column_breakpoint\":\"m\",\"content\":\"\n\n<p>Sobre Circutex<br \\\/><br \\\/>Es un proyecto Erasmus+ cuyo objetivo es mejorar las competencias en materia de sostenibilidad de los estudiantes y educadores de las instituciones de educaci\\u00f3n superior en el sector de los compuestos fibrosos y los textiles t\\u00e9cnicos<\\\/p>\",\"text_style\":\"lead\",\"text_color\":\"muted\"}},{\"type\":\"image\",\"props\":{\"margin\":\"default\",\"image_svg_color\":\"emphasis\",\"image\":\"wp-content\\\/uploads\\\/2022\\\/10\\\/ES-Cofinanciado-por-la-Uni\\u03bbn-Europea_NEG_500x100.png\",\"image_alt\":\"Erasmus+ Logo Co funding\"}}]},{\"type\":\"column\",\"props\":{\"position_sticky_breakpoint\":\"m\",\"image_position\":\"center-center\",\"media_overlay_gradient\":\"\",\"width_medium\":\"1-2\"},\"children\":[{\"type\":\"text\",\"props\":{\"margin\":\"default\",\"column_breakpoint\":\"m\",\"content\":\"\n\n<p>Financiado por la Uni\\u00f3n Europea. Las opiniones y puntos de vista expresados solo comprometen a su(s) autor(es) y no reflejan necesariamente los de la Uni\\u00f3n Europea o los de la Agencia Ejecutiva Europea de Educaci\\u00f3n y Cultura (EACEA). Ni la Uni\\u00f3n Europea ni la EACEA pueden ser considerados responsables de ellos.<\\\/p>\",\"text_style\":\"lead\",\"text_color\":\"muted\"}},{\"type\":\"image\",\"props\":{\"margin\":\"default\",\"image_svg_color\":\"emphasis\",\"image\":\"wp-content\\\/uploads\\\/2022\\\/09\\\/SEPIE_erasmus_plus.gif\"}}]}]},{\"type\":\"row\",\"children\":[{\"type\":\"column\",\"props\":{\"position_sticky_breakpoint\":\"m\",\"image_position\":\"center-center\",\"media_overlay_gradient\":\"\"},\"children\":[{\"type\":\"headline\",\"props\":{\"title_element\":\"h1\",\"content\":\"\n\n<p class=\\\"_04xlpA direction-ltr align-center para-style-body\\\" style=\\\"text-align: center;\\\"><span class=\\\"JsGRdQ\\\">KA220-HED \\u2013 Cooperation partnerships in higher education<\\\/span><\\\/p>\\n\n\n<p class=\\\"_04xlpA direction-ltr align-center para-style-body\\\" style=\\\"text-align: center;\\\"><span class=\\\"JsGRdQ\\\">2021-1-ES01-KA220-HED-000032075<\\\/span><\\\/p>\",\"title_style\":\"h3\",\"title_color\":\"muted\"}}]}]}],\"name\":\"footer es final\"}],\"version\":\"2.7.22\"} --><\/p>\n","protected":false},"excerpt":{"rendered":"<p>CURSO DE eLEARNING CURSO E-LEARNING Curso de aprendizaje online sobre Econom\u00eda Circular de compuestos reforzados con fibras y textiles t\u00e9cnicos. Est\u00e1 dirigido a estudiantes de educaci\u00f3n superior y a personas del sector de la industria textil que quieran aumentar sus conocimientos y competencias. El curso es modular y de autoaprendizaje. Incluye una evaluaci\u00f3n de los [&hellip;]<\/p>\n","protected":false},"author":1,"featured_media":0,"parent":0,"menu_order":6,"comment_status":"open","ping_status":"open","template":"","meta":[],"acf":[],"_links":{"self":[{"href":"https:\/\/circutex.eu\/es\/wp-json\/wp\/v2\/pages\/2334"}],"collection":[{"href":"https:\/\/circutex.eu\/es\/wp-json\/wp\/v2\/pages"}],"about":[{"href":"https:\/\/circutex.eu\/es\/wp-json\/wp\/v2\/types\/page"}],"author":[{"embeddable":true,"href":"https:\/\/circutex.eu\/es\/wp-json\/wp\/v2\/users\/1"}],"replies":[{"embeddable":true,"href":"https:\/\/circutex.eu\/es\/wp-json\/wp\/v2\/comments?post=2334"}],"version-history":[{"count":6,"href":"https:\/\/circutex.eu\/es\/wp-json\/wp\/v2\/pages\/2334\/revisions"}],"predecessor-version":[{"id":3235,"href":"https:\/\/circutex.eu\/es\/wp-json\/wp\/v2\/pages\/2334\/revisions\/3235"}],"wp:attachment":[{"href":"https:\/\/circutex.eu\/es\/wp-json\/wp\/v2\/media?parent=2334"}],"curies":[{"name":"wp","href":"https:\/\/api.w.org\/{rel}","templated":true}]}}