{"id":2341,"date":"2022-08-31T12:08:25","date_gmt":"2022-08-31T12:08:25","guid":{"rendered":"https:\/\/circutex.eu\/?page_id=2341"},"modified":"2024-04-10T13:49:31","modified_gmt":"2024-04-10T13:49:31","slug":"laboratory","status":"publish","type":"page","link":"https:\/\/circutex.eu\/es\/laboratory\/","title":{"rendered":"LABORATORIO"},"content":{"rendered":"<p><img decoding=\"async\" src=\"\/wp-content\/uploads\/2022\/08\/close-up-of-a-microscope-for-studying-laboratory-m-2022-03-08-05-27-29-utc-scaled.jpg\" alt=\"\"><\/p>\n<h1>LABORATORIO VIRTUAL<\/h1>\n<div>\n<p>El laboratorio virtual est\u00e1 incluido en el curso.<\/p>\n<p>A trav\u00e9s de esta aplicaci\u00f3n, puede probar y aplicar experimentos relacionados con la econom\u00eda circular de los compuestos reforzados con fibras y textiles t\u00e9cnicos.<\/p>\n<p>El laboratorio incluye \u00abgemelos digitales\u00bb de equipos de laboratorio reales, con representaciones en 3D y movimiento virtual.<\/p>\n<p>Podr\u00e1 acceder al laboratorio virtual utilizando dispositivos de realidad virtual (Gafas Meta Quest-2).<\/p>\n<\/div>\n<p>\n    <a href=\"https:\/\/www.meta.com\/experiences\/8448051588603239\/?ranking_trace=0_8448051588603239_QUESTSEARCH_4ce16685-2e15-4316-a589-ee959c311eb7&#038;utm_source=e-trainingcentre.gr&#038;utm_medium=oculusredirect\">Entrar<\/a>\n<\/p>\n<div>\n<p>    <iframe loading=\"lazy\" width=\"1200\" height=\"415\" src=\"https:\/\/www.youtube.com\/embed\/o-xgxOzAs_g?si=-x74C67TZBIfahyB\" title=\"YouTube video player\" frameborder=\"0\" allow=\"accelerometer; autoplay; clipboard-write; encrypted-media; gyroscope; picture-in-picture; web-share\" referrerpolicy=\"strict-origin-when-cross-origin\" allowfullscreen><\/iframe>\n<\/div>\n<div>\n<p>Sobre Circutex<\/p>\n<p>Es un proyecto Erasmus+ cuyo objetivo es mejorar las competencias en materia de sostenibilidad de los estudiantes y educadores de las instituciones de educaci\u00f3n superior en el sector de los compuestos fibrosos y los textiles t\u00e9cnicos<\/p>\n<\/div>\n<p><img decoding=\"async\" src=\"\/wp-content\/uploads\/2022\/10\/ES-Cofinanciado-por-la-Uni%CE%BBn-Europea_NEG_500x100.png\" alt=\"Erasmus+ Logo Co funding\"><\/p>\n<div>\n<p>Financiado por la Uni\u00f3n Europea. Las opiniones y puntos de vista expresados solo comprometen a su(s) autor(es) y no reflejan necesariamente los de la Uni\u00f3n Europea o los de la Agencia Ejecutiva Europea de Educaci\u00f3n y Cultura (EACEA). Ni la Uni\u00f3n Europea ni la EACEA pueden ser considerados responsables de ellos.<\/p>\n<\/div>\n<p><img decoding=\"async\" src=\"\/wp-content\/uploads\/2022\/09\/SEPIE_erasmus_plus.gif\" alt=\"\"><\/p>\n<h1>\n<p class=\"_04xlpA direction-ltr align-center para-style-body\" style=\"text-align: center;\"><span class=\"JsGRdQ\">KA220-HED \u2013 Cooperation partnerships in higher education<\/span><\/p>\n<p class=\"_04xlpA direction-ltr align-center para-style-body\" style=\"text-align: center;\"><span class=\"JsGRdQ\">2021-1-ES01-KA220-HED-000032075<\/span><\/p>\n<\/h1>\n<p><!--more--><br \/>\n<!-- {\"type\":\"layout\",\"children\":[{\"type\":\"section\",\"props\":{\"style\":\"default\",\"width\":\"default\",\"vertical_align\":\"middle\",\"title_position\":\"top-left\",\"title_rotation\":\"left\",\"title_breakpoint\":\"xl\",\"image_position\":\"center-center\"},\"children\":[{\"type\":\"row\",\"children\":[{\"type\":\"column\",\"props\":{\"position_sticky_breakpoint\":\"m\",\"image_position\":\"center-center\",\"media_overlay_gradient\":\"\"},\"children\":[]}]},{\"type\":\"row\",\"props\":{\"layout\":\"1-2,1-2\"},\"children\":[{\"type\":\"column\",\"props\":{\"position_sticky_breakpoint\":\"m\",\"image_position\":\"center-center\",\"media_overlay_gradient\":\"\",\"width_medium\":\"1-2\",\"width_large\":\"1-4\"},\"children\":[{\"type\":\"image\",\"props\":{\"margin\":\"default\",\"image_svg_color\":\"emphasis\",\"image\":\"wp-content\\\/uploads\\\/2022\\\/08\\\/close-up-of-a-microscope-for-studying-laboratory-m-2022-03-08-05-27-29-utc-scaled.jpg\"}}]},{\"type\":\"column\",\"props\":{\"position_sticky_breakpoint\":\"m\",\"image_position\":\"top-center\",\"media_overlay_gradient\":\"\",\"width_medium\":\"1-2\",\"image\":\"wp-content\\\/uploads\\\/2022\\\/09\\\/Screenshot_495.png\",\"image_height\":\"640\",\"image_size\":\"height-1-1\"},\"children\":[{\"type\":\"headline\",\"props\":{\"title_element\":\"h1\",\"content\":\"LABORATORIO VIRTUAL\",\"title_color\":\"emphasis\",\"position\":\"relative\",\"position_bottom\":\"50\"}},{\"type\":\"text\",\"props\":{\"margin\":\"default\",\"column_breakpoint\":\"m\",\"content\":\"\n\n<p>El laboratorio virtual est\\u00e1 incluido en el curso.<\\\/p>\\n\n\n<p>A trav\\u00e9s de esta aplicaci\\u00f3n, puede probar y aplicar experimentos relacionados con la econom\\u00eda circular de los compuestos reforzados con fibras y textiles t\\u00e9cnicos.<\\\/p>\\n\n\n<p>El laboratorio incluye \\\"gemelos digitales\\\" de equipos de laboratorio reales, con representaciones en 3D y movimiento virtual.<\\\/p>\\n\n\n<p>Podr\\u00e1 acceder al laboratorio virtual utilizando dispositivos de realidad virtual (Gafas Meta Quest-2).<\\\/p>\",\"text_style\":\"lead\",\"position\":\"relative\",\"position_bottom\":\"40\"}},{\"type\":\"button\",\"props\":{\"grid_column_gap\":\"small\",\"grid_row_gap\":\"small\",\"margin\":\"default\"},\"children\":[{\"type\":\"button_item\",\"props\":{\"button_style\":\"default\",\"icon_align\":\"left\",\"content\":\"Entrar\",\"link\":\"https:\\\/\\\/www.meta.com\\\/experiences\\\/8448051588603239\\\/?ranking_trace=0_8448051588603239_QUESTSEARCH_4ce16685-2e15-4316-a589-ee959c311eb7&utm_source=e-trainingcentre.gr&utm_medium=oculusredirect\"}}],\"name\":\"lab\"}]}]}]},{\"type\":\"section\",\"props\":{\"style\":\"default\",\"width\":\"default\",\"vertical_align\":\"middle\",\"title_position\":\"top-left\",\"title_rotation\":\"left\",\"title_breakpoint\":\"xl\",\"image_position\":\"center-center\"},\"children\":[{\"type\":\"row\",\"children\":[{\"type\":\"column\",\"props\":{\"position_sticky_breakpoint\":\"m\",\"image_position\":\"center-center\",\"media_overlay_gradient\":\"\"},\"children\":[{\"type\":\"html\",\"props\":{\"content\":\"<iframe width=\\\"1200\\\" height=\\\"415\\\" src=\\\"https:\\\/\\\/www.youtube.com\\\/embed\\\/o-xgxOzAs_g?si=-x74C67TZBIfahyB\\\" title=\\\"YouTube video player\\\" frameborder=\\\"0\\\" allow=\\\"accelerometer; autoplay; clipboard-write; encrypted-media; gyroscope; picture-in-picture; web-share\\\" referrerpolicy=\\\"strict-origin-when-cross-origin\\\" allowfullscreen><\\\/iframe>\"}}]}]}]},{\"type\":\"section\",\"props\":{\"style\":\"default\",\"width\":\"default\",\"vertical_align\":\"middle\",\"title_position\":\"top-left\",\"title_rotation\":\"left\",\"title_breakpoint\":\"xl\",\"image_position\":\"center-center\",\"image\":\"wp-content\\\/uploads\\\/2022\\\/08\\\/06-scaled.jpg\"},\"children\":[{\"type\":\"row\",\"props\":{\"layout\":\"1-2,1-2\"},\"children\":[{\"type\":\"column\",\"props\":{\"position_sticky_breakpoint\":\"m\",\"image_position\":\"center-center\",\"media_overlay_gradient\":\"\",\"width_medium\":\"1-2\"},\"children\":[{\"type\":\"text\",\"props\":{\"margin\":\"default\",\"column_breakpoint\":\"m\",\"content\":\"\n\n<p>Sobre Circutex<br \\\/><br \\\/>Es un proyecto Erasmus+ cuyo objetivo es mejorar las competencias en materia de sostenibilidad de los estudiantes y educadores de las instituciones de educaci\\u00f3n superior en el sector de los compuestos fibrosos y los textiles t\\u00e9cnicos<\\\/p>\",\"text_style\":\"lead\",\"text_color\":\"muted\"}},{\"type\":\"image\",\"props\":{\"margin\":\"default\",\"image_svg_color\":\"emphasis\",\"image\":\"wp-content\\\/uploads\\\/2022\\\/10\\\/ES-Cofinanciado-por-la-Uni\\u03bbn-Europea_NEG_500x100.png\",\"image_alt\":\"Erasmus+ Logo Co funding\"}}]},{\"type\":\"column\",\"props\":{\"position_sticky_breakpoint\":\"m\",\"image_position\":\"center-center\",\"media_overlay_gradient\":\"\",\"width_medium\":\"1-2\"},\"children\":[{\"type\":\"text\",\"props\":{\"margin\":\"default\",\"column_breakpoint\":\"m\",\"content\":\"\n\n<p>Financiado por la Uni\\u00f3n Europea. Las opiniones y puntos de vista expresados solo comprometen a su(s) autor(es) y no reflejan necesariamente los de la Uni\\u00f3n Europea o los de la Agencia Ejecutiva Europea de Educaci\\u00f3n y Cultura (EACEA). Ni la Uni\\u00f3n Europea ni la EACEA pueden ser considerados responsables de ellos.<\\\/p>\",\"text_style\":\"lead\",\"text_color\":\"muted\"}},{\"type\":\"image\",\"props\":{\"margin\":\"default\",\"image_svg_color\":\"emphasis\",\"image\":\"wp-content\\\/uploads\\\/2022\\\/09\\\/SEPIE_erasmus_plus.gif\"}}]}]},{\"type\":\"row\",\"children\":[{\"type\":\"column\",\"props\":{\"position_sticky_breakpoint\":\"m\",\"image_position\":\"center-center\",\"media_overlay_gradient\":\"\"},\"children\":[{\"type\":\"headline\",\"props\":{\"title_element\":\"h1\",\"content\":\"\n\n<p class=\\\"_04xlpA direction-ltr align-center para-style-body\\\" style=\\\"text-align: center;\\\"><span class=\\\"JsGRdQ\\\">KA220-HED \\u2013 Cooperation partnerships in higher education<\\\/span><\\\/p>\\n\n\n<p class=\\\"_04xlpA direction-ltr align-center para-style-body\\\" style=\\\"text-align: center;\\\"><span class=\\\"JsGRdQ\\\">2021-1-ES01-KA220-HED-000032075<\\\/span><\\\/p>\",\"title_style\":\"h3\",\"title_color\":\"muted\"}}]}]}],\"name\":\"footer es final\"}],\"version\":\"2.7.22\"} --><\/p>\n","protected":false},"excerpt":{"rendered":"<p>LABORATORIO VIRTUAL El laboratorio virtual est\u00e1 incluido en el curso. A trav\u00e9s de esta aplicaci\u00f3n, puede probar y aplicar experimentos relacionados con la econom\u00eda circular de los compuestos reforzados con fibras y textiles t\u00e9cnicos. El laboratorio incluye \u00abgemelos digitales\u00bb de equipos de laboratorio reales, con representaciones en 3D y movimiento virtual. Podr\u00e1 acceder al laboratorio [&hellip;]<\/p>\n","protected":false},"author":1,"featured_media":0,"parent":0,"menu_order":6,"comment_status":"open","ping_status":"open","template":"","meta":[],"acf":[],"_links":{"self":[{"href":"https:\/\/circutex.eu\/es\/wp-json\/wp\/v2\/pages\/2341"}],"collection":[{"href":"https:\/\/circutex.eu\/es\/wp-json\/wp\/v2\/pages"}],"about":[{"href":"https:\/\/circutex.eu\/es\/wp-json\/wp\/v2\/types\/page"}],"author":[{"embeddable":true,"href":"https:\/\/circutex.eu\/es\/wp-json\/wp\/v2\/users\/1"}],"replies":[{"embeddable":true,"href":"https:\/\/circutex.eu\/es\/wp-json\/wp\/v2\/comments?post=2341"}],"version-history":[{"count":9,"href":"https:\/\/circutex.eu\/es\/wp-json\/wp\/v2\/pages\/2341\/revisions"}],"predecessor-version":[{"id":3239,"href":"https:\/\/circutex.eu\/es\/wp-json\/wp\/v2\/pages\/2341\/revisions\/3239"}],"wp:attachment":[{"href":"https:\/\/circutex.eu\/es\/wp-json\/wp\/v2\/media?parent=2341"}],"curies":[{"name":"wp","href":"https:\/\/api.w.org\/{rel}","templated":true}]}}