{"id":2346,"date":"2022-08-31T12:12:18","date_gmt":"2022-08-31T12:12:18","guid":{"rendered":"https:\/\/circutex.eu\/?page_id=2346"},"modified":"2024-04-04T11:37:26","modified_gmt":"2024-04-04T11:37:26","slug":"roadmap","status":"publish","type":"page","link":"https:\/\/circutex.eu\/es\/roadmap\/","title":{"rendered":"HOJA DE RUTA"},"content":{"rendered":"<p><img decoding=\"async\" src=\"\/wp-content\/uploads\/2022\/08\/man-working-in-an-office-background-2021-08-29-09-10-27-utc-scaled.jpg\" alt=\"\"><\/p>\n<h1>HOJA DE RUTA PARA LAS MICROCREDENCIALES<\/h1>\n<div>\n<h3 class=\"_04xlpA direction-ltr align-start para-style-body\">La hoja de ruta contiene recomendaciones pol\u00edticas para la aplicaci\u00f3n de microcredenciales en las IES asociadas, as\u00ed como incluye instrucciones sobre c\u00f3mo designar puntos ECTS y c\u00f3mo expedir certificados digitales a los alumnos a escala europea de \u00abCredenciales digitales Europass\u00bb\u00bb.<\/p>\n<p>Este conjunto de recomendaciones tiene como objetivo ayudar a los responsables y a las IES de cada pa\u00eds sobre c\u00f3mo pueden incluir microcredenciales en sus marcos nacionales y c\u00f3mo aplicar procedimientos de reconocimiento y validaci\u00f3n de las mismas.<\/h3>\n<\/div>\n<div>\n<p>Download PDF: <a href=\"https:\/\/circutex.eu\/wp-content\/uploads\/2024\/03\/CircuText_3_A4_Roadmap-in-validation.pdf\"><span lang=\"EN-US\">Roadmap for the validation and accreditation of micro-credential<\/span><\/a><\/p>\n<p>Download PDF: <a href=\"https:\/\/circutex.eu\/wp-content\/uploads\/2024\/03\/CircuText_3_A5_Recommendations-to-policymakers-FINAL.pdf\"><span lang=\"EN-US\">Recommendations for policy makers<\/span><\/a><\/p>\n<\/div>\n<div>\n<p>Sobre Circutex<\/p>\n<p>Es un proyecto Erasmus+ cuyo objetivo es mejorar las competencias en materia de sostenibilidad de los estudiantes y educadores de las instituciones de educaci\u00f3n superior en el sector de los compuestos fibrosos y los textiles t\u00e9cnicos<\/p>\n<\/div>\n<p><img decoding=\"async\" src=\"\/wp-content\/uploads\/2022\/10\/ES-Cofinanciado-por-la-Uni%CE%BBn-Europea_NEG_500x100.png\" alt=\"Erasmus+ Logo Co funding\"><\/p>\n<div>\n<p>Financiado por la Uni\u00f3n Europea. Las opiniones y puntos de vista expresados solo comprometen a su(s) autor(es) y no reflejan necesariamente los de la Uni\u00f3n Europea o los de la Agencia Ejecutiva Europea de Educaci\u00f3n y Cultura (EACEA). Ni la Uni\u00f3n Europea ni la EACEA pueden ser considerados responsables de ellos.<\/p>\n<\/div>\n<p><img decoding=\"async\" src=\"\/wp-content\/uploads\/2022\/09\/SEPIE_erasmus_plus.gif\" alt=\"\"><\/p>\n<h1>\n<p class=\"_04xlpA direction-ltr align-center para-style-body\" style=\"text-align: center;\"><span class=\"JsGRdQ\">KA220-HED \u2013 Cooperation partnerships in higher education<\/span><\/p>\n<p class=\"_04xlpA direction-ltr align-center para-style-body\" style=\"text-align: center;\"><span class=\"JsGRdQ\">2021-1-ES01-KA220-HED-000032075<\/span><\/p>\n<\/h1>\n<p><!--more--><br \/>\n<!-- {\"type\":\"layout\",\"children\":[{\"type\":\"section\",\"props\":{\"style\":\"default\",\"width\":\"default\",\"vertical_align\":\"middle\",\"title_position\":\"top-left\",\"title_rotation\":\"left\",\"title_breakpoint\":\"xl\",\"image_position\":\"center-center\",\"width_expand\":\"right\"},\"children\":[{\"type\":\"row\",\"props\":{\"layout\":\"1-2,1-2\"},\"children\":[{\"type\":\"column\",\"props\":{\"position_sticky_breakpoint\":\"m\",\"image_position\":\"center-center\",\"media_overlay_gradient\":\"\",\"width_medium\":\"1-2\",\"width_large\":\"1-4\"},\"children\":[{\"type\":\"image\",\"props\":{\"margin\":\"default\",\"image_svg_color\":\"emphasis\",\"image\":\"wp-content\\\/uploads\\\/2022\\\/08\\\/man-working-in-an-office-background-2021-08-29-09-10-27-utc-scaled.jpg\",\"position\":\"relative\",\"position_left\":\"0\"}}]},{\"type\":\"column\",\"props\":{\"position_sticky_breakpoint\":\"m\",\"image_position\":\"top-center\",\"media_overlay_gradient\":\"\",\"width_medium\":\"1-2\",\"image\":\"wp-content\\\/uploads\\\/2022\\\/09\\\/Screenshot_495.png\",\"image_height\":\"780\",\"image_size\":\"height-1-1\"},\"children\":[{\"type\":\"headline\",\"props\":{\"title_element\":\"h1\",\"content\":\"HOJA DE RUTA PARA LAS MICROCREDENCIALES\",\"title_style\":\"h2\",\"title_color\":\"emphasis\",\"position\":\"relative\",\"position_bottom\":\"50\",\"position_left\":\"0\"}},{\"type\":\"text\",\"props\":{\"margin\":\"default\",\"column_breakpoint\":\"m\",\"content\":\"\n\n<h3 class=\\\"_04xlpA direction-ltr align-start para-style-body\\\">La hoja de ruta contiene recomendaciones pol\\u00edticas para la aplicaci\\u00f3n de microcredenciales en las IES asociadas, as\\u00ed como incluye instrucciones sobre c\\u00f3mo designar puntos ECTS y c\\u00f3mo expedir certificados digitales a los alumnos a escala europea de \\\"Credenciales digitales Europass\\u00bb\\\".<br \\\/><br \\\/>Este conjunto de recomendaciones tiene como objetivo ayudar a los responsables y a las IES de cada pa\\u00eds sobre c\\u00f3mo pueden incluir microcredenciales en sus marcos nacionales y c\\u00f3mo aplicar procedimientos de reconocimiento y validaci\\u00f3n de las mismas.<\\\/h3>\",\"text_style\":\"lead\",\"position\":\"relative\",\"position_bottom\":\"60\"}},{\"type\":\"text\",\"props\":{\"margin\":\"default\",\"column_breakpoint\":\"m\",\"content\":\"\n\n<p><\\\/p>\\n\n\n<p>Download PDF: <a href=\\\"https:\\\/\\\/circutex.eu\\\/wp-content\\\/uploads\\\/2024\\\/03\\\/CircuText_3_A4_Roadmap-in-validation.pdf\\\"><span lang=\\\"EN-US\\\">Roadmap for the validation and accreditation of micro-credential<\\\/span><\\\/a><\\\/p>\\n\n\n<p>Download PDF: <a href=\\\"https:\\\/\\\/circutex.eu\\\/wp-content\\\/uploads\\\/2024\\\/03\\\/CircuText_3_A5_Recommendations-to-policymakers-FINAL.pdf\\\"><span lang=\\\"EN-US\\\">Recommendations for policy makers<\\\/span><\\\/a><\\\/p>\",\"text_style\":\"lead\",\"position\":\"relative\",\"position_bottom\":\"60\"},\"name\":\"text\"}]}]}]},{\"type\":\"section\",\"props\":{\"style\":\"default\",\"width\":\"default\",\"vertical_align\":\"middle\",\"title_position\":\"top-left\",\"title_rotation\":\"left\",\"title_breakpoint\":\"xl\",\"image_position\":\"center-center\",\"image\":\"wp-content\\\/uploads\\\/2022\\\/08\\\/06-scaled.jpg\"},\"children\":[{\"type\":\"row\",\"props\":{\"layout\":\"1-2,1-2\"},\"children\":[{\"type\":\"column\",\"props\":{\"position_sticky_breakpoint\":\"m\",\"image_position\":\"center-center\",\"media_overlay_gradient\":\"\",\"width_medium\":\"1-2\"},\"children\":[{\"type\":\"text\",\"props\":{\"margin\":\"default\",\"column_breakpoint\":\"m\",\"content\":\"\n\n<p>Sobre Circutex<br \\\/><br \\\/>Es un proyecto Erasmus+ cuyo objetivo es mejorar las competencias en materia de sostenibilidad de los estudiantes y educadores de las instituciones de educaci\\u00f3n superior en el sector de los compuestos fibrosos y los textiles t\\u00e9cnicos<\\\/p>\",\"text_style\":\"lead\",\"text_color\":\"muted\"}},{\"type\":\"image\",\"props\":{\"margin\":\"default\",\"image_svg_color\":\"emphasis\",\"image\":\"wp-content\\\/uploads\\\/2022\\\/10\\\/ES-Cofinanciado-por-la-Uni\\u03bbn-Europea_NEG_500x100.png\",\"image_alt\":\"Erasmus+ Logo Co funding\"}}]},{\"type\":\"column\",\"props\":{\"position_sticky_breakpoint\":\"m\",\"image_position\":\"center-center\",\"media_overlay_gradient\":\"\",\"width_medium\":\"1-2\"},\"children\":[{\"type\":\"text\",\"props\":{\"margin\":\"default\",\"column_breakpoint\":\"m\",\"content\":\"\n\n<p>Financiado por la Uni\\u00f3n Europea. Las opiniones y puntos de vista expresados solo comprometen a su(s) autor(es) y no reflejan necesariamente los de la Uni\\u00f3n Europea o los de la Agencia Ejecutiva Europea de Educaci\\u00f3n y Cultura (EACEA). Ni la Uni\\u00f3n Europea ni la EACEA pueden ser considerados responsables de ellos.<\\\/p>\",\"text_style\":\"lead\",\"text_color\":\"muted\"}},{\"type\":\"image\",\"props\":{\"margin\":\"default\",\"image_svg_color\":\"emphasis\",\"image\":\"wp-content\\\/uploads\\\/2022\\\/09\\\/SEPIE_erasmus_plus.gif\"}}]}]},{\"type\":\"row\",\"children\":[{\"type\":\"column\",\"props\":{\"position_sticky_breakpoint\":\"m\",\"image_position\":\"center-center\",\"media_overlay_gradient\":\"\"},\"children\":[{\"type\":\"headline\",\"props\":{\"title_element\":\"h1\",\"content\":\"\n\n<p class=\\\"_04xlpA direction-ltr align-center para-style-body\\\" style=\\\"text-align: center;\\\"><span class=\\\"JsGRdQ\\\">KA220-HED \\u2013 Cooperation partnerships in higher education<\\\/span><\\\/p>\\n\n\n<p class=\\\"_04xlpA direction-ltr align-center para-style-body\\\" style=\\\"text-align: center;\\\"><span class=\\\"JsGRdQ\\\">2021-1-ES01-KA220-HED-000032075<\\\/span><\\\/p>\",\"title_style\":\"h3\",\"title_color\":\"muted\"}}]}]}],\"name\":\"footer es final\"}],\"version\":\"2.7.22\"} --><\/p>\n","protected":false},"excerpt":{"rendered":"<p>HOJA DE RUTA PARA LAS MICROCREDENCIALES La hoja de ruta contiene recomendaciones pol\u00edticas para la aplicaci\u00f3n de microcredenciales en las IES asociadas, as\u00ed como incluye instrucciones sobre c\u00f3mo designar puntos ECTS y c\u00f3mo expedir certificados digitales a los alumnos a escala europea de \u00abCredenciales digitales Europass\u00bb\u00bb. Este conjunto de recomendaciones tiene como objetivo ayudar a [&hellip;]<\/p>\n","protected":false},"author":1,"featured_media":0,"parent":0,"menu_order":6,"comment_status":"open","ping_status":"open","template":"","meta":[],"acf":[],"_links":{"self":[{"href":"https:\/\/circutex.eu\/es\/wp-json\/wp\/v2\/pages\/2346"}],"collection":[{"href":"https:\/\/circutex.eu\/es\/wp-json\/wp\/v2\/pages"}],"about":[{"href":"https:\/\/circutex.eu\/es\/wp-json\/wp\/v2\/types\/page"}],"author":[{"embeddable":true,"href":"https:\/\/circutex.eu\/es\/wp-json\/wp\/v2\/users\/1"}],"replies":[{"embeddable":true,"href":"https:\/\/circutex.eu\/es\/wp-json\/wp\/v2\/comments?post=2346"}],"version-history":[{"count":8,"href":"https:\/\/circutex.eu\/es\/wp-json\/wp\/v2\/pages\/2346\/revisions"}],"predecessor-version":[{"id":3237,"href":"https:\/\/circutex.eu\/es\/wp-json\/wp\/v2\/pages\/2346\/revisions\/3237"}],"wp:attachment":[{"href":"https:\/\/circutex.eu\/es\/wp-json\/wp\/v2\/media?parent=2346"}],"curies":[{"name":"wp","href":"https:\/\/api.w.org\/{rel}","templated":true}]}}