{"id":2351,"date":"2022-07-27T13:24:08","date_gmt":"2022-07-27T13:24:08","guid":{"rendered":"https:\/\/circutex.eu\/?page_id=2351"},"modified":"2022-10-06T13:17:36","modified_gmt":"2022-10-06T13:17:36","slug":"partners","status":"publish","type":"page","link":"https:\/\/circutex.eu\/es\/partners\/","title":{"rendered":"SOCIOS"},"content":{"rendered":"<h1>SOCIOS<\/h1>\n<ul>\n<li>\n<p>        <img decoding=\"async\" src=\"\/wp-content\/uploads\/2022\/07\/image.png\" alt=\"\"><\/p>\n<h3>UNIVERSITAT POLITECNICA DE VALENCIA<\/h3>\n<div>\n<p>La Universidad Polit\u00e9cnica de Valencia es una instituci\u00f3n p\u00fablica de educaci\u00f3n superior que participa activamente en proyectos de cooperaci\u00f3n y movilidad internacional. La UPV acoge a casi 30.000 estudiantes y emplea a m\u00e1s de 4.000 personas (personal docente, investigador y administrativo).<\/p>\n<p>Es la primera universidad tecnol\u00f3gica de Espa\u00f1a seg\u00fan las clasificaciones internacionales (como es el Ranking de Universidades del Mundo de Shanghai).<\/p>\n<p>P\u00e1gina web: <a href=\"http:\/\/upv.es\" target=\"_blank\" rel=\"noopener\">www.upv.es<\/a><\/p>\n<\/div>\n<\/li>\n<li>\n<p>        <img decoding=\"async\" src=\"\/wp-content\/uploads\/2022\/09\/%CE%B1%CF%81%CF%87%CE%B5%CE%AF%CE%BF-%CE%BB%CE%AE%CF%88%CE%B7%CF%82-3-1.png\" alt=\"\"><\/p>\n<h3>UNIVERSITATEA DIN ORADEA<\/h3>\n<div>\n<p>La Universitatea Din Oradea proporciona educaci\u00f3n e investigaci\u00f3n con un alto nivel de calidad en un contexto nacional e internacional de desarrollo social, profesional e intelectual de las personas.<\/p>\n<p>Estas misiones est\u00e1n conformadas por objetivos tales como atraer a estudiantes de todo el mundo (la universidad ha implementado relaciones internacionales con 529 instituciones de 39 pa\u00edses), posicionar a la universidad entre las mejores instituciones educativas del pa\u00eds y de Europa y transmitir a una comunidad m\u00e1s amplia el significado y la importancia de la educaci\u00f3n acad\u00e9mica y la investigaci\u00f3n cient\u00edfica en general y la que se lleva a cabo en la propia universidad, en particular.<\/p>\n<p>De la Universidad de Oradea participan en el proyecto dos departamentos: El Departamento de Textiles, Cuero y Gesti\u00f3n Industrial (DTPMI) y el Departamento de Geograf\u00eda, Turismo y Planificaci\u00f3n.\u00a0<\/p>\n<p><span>P\u00e1gina web<\/span>: <a href=\"http:\/\/www.uoradea.ro\" target=\"_blank\" rel=\"noopener\">www.uoradea.ro\u00a0<\/a><\/p>\n<\/div>\n<\/li>\n<li>\n<p>        <img decoding=\"async\" src=\"\/wp-content\/uploads\/2022\/07\/image-2.png\" alt=\"\"><\/p>\n<h3>KAUNO TECHNOLOGIJOS UNIVERSITETAS<\/h3>\n<div>\n<p>Kauno Technologijos Universitetas es la mayor y m\u00e1s antigua universidad tecnol\u00f3gica de Lituania, y una de las mayores de los pa\u00edses b\u00e1lticos. Es una de las universidades m\u00e1s destacadas de Lituania, que ha ocupado una posici\u00f3n de liderazgo en muchas l\u00edneas de investigaciones y estudios cient\u00edficos.<\/p>\n<p>La Facultad de Ingenier\u00eda Mec\u00e1nica y Dise\u00f1o es la \u00fanica en Lituania que imparte estudios sobre textiles. Recientemente, los estudios se han centrado claramente en la sostenibilidad y en la econom\u00eda circular en el sector textil y de la moda. Cada a\u00f1o se generan varios proyectos financiados por la UE, el Gobierno lituano o compa\u00f1\u00edas industriales.<\/p>\n<p><span>P\u00e1gina web<\/span>: <a href=\"http:\/\/www.ktu.edu\" target=\"_blank\" rel=\"noopener\">www.ktu.edu<\/a><\/p>\n<\/div>\n<\/li>\n<li>\n<p>        <img decoding=\"async\" src=\"\/wp-content\/uploads\/2022\/07\/image-1.png\" alt=\"\"><\/p>\n<h3>PANEPISTIMIO DYTIKIS ATTIKIS<\/h3>\n<div>\n<p>Es la tercera universidad m\u00e1s grande de Grecia. Esta universidad, basada en la larga y exitosa tradici\u00f3n de los institutos constituyentes, ofrece una educaci\u00f3n de alto nivel de pregrado y postgrado combinada con actividades intensivas de investigaci\u00f3n en \u00e1reas espec\u00edficas. UNIWA mantiene asociaciones permanentes con otros institutos educativos y de investigaci\u00f3n nacionales y extranjeros con el fin de mejorar continuamente el nivel de los estudios y la investigaci\u00f3n.\u00a0<\/p>\n<p>En el proyecto participar\u00e1 el Laboratorio de Dise\u00f1o y Desarrollo de Innovadores Tejidos de Punto y Prendas de Vestir, que es el Laboratorio del antiguo Departamento de Ingenier\u00eda Textil de la UNIMA (el nuevo nombre del Departamento es Dise\u00f1o Industrial e Ingenier\u00eda de Producci\u00f3n).<\/p>\n<p><span>P\u00e1gina web<\/span>: <a href=\"http:\/\/www.uniwa.gr\" target=\"_blank\" rel=\"noopener\">www.uniwa.gr<\/a><\/p>\n<\/div>\n<\/li>\n<li>\n<p>        <img decoding=\"async\" src=\"\/wp-content\/uploads\/2022\/07\/image-4.png\" alt=\"\"><\/p>\n<h3>IDEC S.A<\/h3>\n<div>\n<p class=\"_04xlpA direction-ltr align-justify para-style-body\">IDEC es una empresa de consultor\u00eda de formaci\u00f3n situada en El Pireo, Grecia. Sus actividades consisten en la formaci\u00f3n, el asesoramiento de la gesti\u00f3n, la garant\u00eda de calidad, la evaluaci\u00f3n y el desarrollo de soluciones TIC tanto para el sector privado como para el p\u00fablico. IDEC ha estado activa los \u00faltimos 20 a\u00f1os en el campo de los proyectos de la UE.\u00a0<\/p>\n<p class=\"_04xlpA direction-ltr align-justify para-style-body\">IDEC ha trabajado durante los \u00faltimos 25 a\u00f1os en el \u00e1mbito de la educaci\u00f3n de adultos y los proyectos de la UE. A trav\u00e9s de su doble papel, como proveedor de educaci\u00f3n y como empresa de consultor\u00eda de gesti\u00f3n, IDEC ha sido capaz de incorporar las mejores pr\u00e1cticas del sector empresarial a la educaci\u00f3n, ajust\u00e1ndolas al esp\u00edritu de la educaci\u00f3n abierta, sostenible y accesible para todos.<\/p>\n<p><span>P\u00e1gina web<\/span>: <a href=\"http:\/\/www.idec.gr\" target=\"_blank\" rel=\"noopener\">www.idec.gr<\/a><\/p>\n<\/div>\n<\/li>\n<\/ul>\n<div>\n<p>Sobre Circutex<\/p>\n<p>Es un proyecto Erasmus+ cuyo objetivo es mejorar las competencias en materia de sostenibilidad de los estudiantes y educadores de las instituciones de educaci\u00f3n superior en el sector de los compuestos fibrosos y los textiles t\u00e9cnicos<\/p>\n<\/div>\n<p><img decoding=\"async\" src=\"\/wp-content\/uploads\/2022\/10\/ES-Cofinanciado-por-la-Uni%CE%BBn-Europea_NEG_500x100.png\" alt=\"Erasmus+ Logo Co funding\"><\/p>\n<div>\n<p>Financiado por la Uni\u00f3n Europea. Las opiniones y puntos de vista expresados solo comprometen a su(s) autor(es) y no reflejan necesariamente los de la Uni\u00f3n Europea o los de la Agencia Ejecutiva Europea de Educaci\u00f3n y Cultura (EACEA). Ni la Uni\u00f3n Europea ni la EACEA pueden ser considerados responsables de ellos.<\/p>\n<\/div>\n<p><img decoding=\"async\" src=\"\/wp-content\/uploads\/2022\/09\/SEPIE_erasmus_plus.gif\" alt=\"\"><\/p>\n<h1>\n<p class=\"_04xlpA direction-ltr align-center para-style-body\" style=\"text-align: center;\"><span class=\"JsGRdQ\">KA220-HED \u2013 Cooperation partnerships in higher education<\/span><\/p>\n<p class=\"_04xlpA direction-ltr align-center para-style-body\" style=\"text-align: center;\"><span class=\"JsGRdQ\">2021-1-ES01-KA220-HED-000032075<\/span><\/p>\n<\/h1>\n<p><!--more--><br \/>\n<!-- {\"name\":\"Home\",\"type\":\"layout\",\"children\":[{\"name\":\"Hero\",\"type\":\"section\",\"props\":{\"width\":\"default\",\"padding\":\"large\",\"style\":\"default\",\"animation\":\"slide-top-small\",\"image\":\"\",\"image_position\":\"center-center\",\"height\":\"full\",\"image_fixed\":true,\"header_transparent\":\"dark\",\"padding_remove_top\":true,\"vertical_align\":\"middle\",\"title_position\":\"top-left\",\"title_rotation\":\"left\",\"title_breakpoint\":\"xl\",\"image_effect\":\"parallax\",\"image_parallax_bgy_end\":\"500\",\"image_parallax_easing\":\"1\",\"image_parallax_breakpoint\":\"m\",\"media_visibility\":\"s\",\"title\":\"xdgsdfsd\"},\"children\":[{\"name\":\"\",\"type\":\"row\",\"children\":[{\"name\":\"\",\"type\":\"column\",\"props\":{\"image_position\":\"center-center\",\"media_overlay_gradient\":\"\",\"width_medium\":\"1-1\",\"position_sticky_breakpoint\":\"m\"},\"children\":[{\"type\":\"headline\",\"props\":{\"title_element\":\"h1\",\"content\":\"SOCIOS\",\"title_style\":\"heading-medium\",\"title_color\":\"emphasis\",\"title_decoration\":\"divider\"}}]}]},{\"type\":\"row\",\"children\":[{\"type\":\"column\",\"props\":{\"position_sticky_breakpoint\":\"m\",\"image_position\":\"center-center\",\"media_overlay_gradient\":\"\"},\"children\":[{\"type\":\"grid\",\"props\":{\"show_title\":true,\"show_meta\":false,\"show_content\":true,\"show_image\":true,\"show_link\":false,\"grid_default\":\"1\",\"grid_medium\":\"3\",\"filter_style\":\"tab\",\"filter_all\":true,\"filter_position\":\"top\",\"filter_align\":\"left\",\"filter_grid_width\":\"auto\",\"filter_grid_breakpoint\":\"m\",\"title_hover_style\":\"reset\",\"title_element\":\"h3\",\"title_align\":\"top\",\"title_grid_width\":\"1-2\",\"title_grid_breakpoint\":\"m\",\"meta_style\":\"meta\",\"meta_align\":\"below-title\",\"meta_element\":\"div\",\"content_column_breakpoint\":\"m\",\"icon_width\":80,\"image_align\":\"top\",\"image_grid_width\":\"1-2\",\"image_grid_breakpoint\":\"m\",\"image_svg_color\":\"emphasis\",\"link_text\":\"Read more\",\"link_style\":\"default\",\"margin\":\"default\",\"item_animation\":true,\"content_style\":\"lead\",\"grid_column_align\":false,\"grid_large\":\"2\"},\"children\":[{\"type\":\"grid_item\",\"props\":{\"image\":\"wp-content\\\/uploads\\\/2022\\\/07\\\/image.png\",\"link\":\"\",\"title\":\"UNIVERSITAT POLITECNICA DE VALENCIA\",\"content\":\"\n\n<p>La Universidad Polit\\u00e9cnica de Valencia es una instituci\\u00f3n p\\u00fablica de educaci\\u00f3n superior que participa activamente en proyectos de cooperaci\\u00f3n y movilidad internacional. La UPV acoge a casi 30.000 estudiantes y emplea a m\\u00e1s de 4.000 personas (personal docente, investigador y administrativo).<\\\/p>\\n\n\n<p>Es la primera universidad tecnol\\u00f3gica de Espa\\u00f1a seg\\u00fan las clasificaciones internacionales (como es el Ranking de Universidades del Mundo de Shanghai).<\\\/p>\\n\n\n<p>P\\u00e1gina web: <a href=\\\"http:\\\/\\\/upv.es\\\" target=\\\"_blank\\\" rel=\\\"noopener\\\">www.upv.es<\\\/a><\\\/p>\"}},{\"type\":\"grid_item\",\"props\":{\"image\":\"wp-content\\\/uploads\\\/2022\\\/09\\\/\\u03b1\\u03c1\\u03c7\\u03b5\\u03af\\u03bf-\\u03bb\\u03ae\\u03c8\\u03b7\\u03c2-3-1.png\",\"link\":\"\",\"title\":\"UNIVERSITATEA DIN ORADEA\",\"content\":\"\n\n<p>La Universitatea Din Oradea proporciona educaci\\u00f3n e investigaci\\u00f3n con un alto nivel de calidad en un contexto nacional e internacional de desarrollo social, profesional e intelectual de las personas.<\\\/p>\\n\n\n<p>Estas misiones est\\u00e1n conformadas por objetivos tales como atraer a estudiantes de todo el mundo (la universidad ha implementado relaciones internacionales con 529 instituciones de 39 pa\\u00edses), posicionar a la universidad entre las mejores instituciones educativas del pa\\u00eds y de Europa y transmitir a una comunidad m\\u00e1s amplia el significado y la importancia de la educaci\\u00f3n acad\\u00e9mica y la investigaci\\u00f3n cient\\u00edfica en general y la que se lleva a cabo en la propia universidad, en particular.<\\\/p>\\n\n\n<p>De la Universidad de Oradea participan en el proyecto dos departamentos: El Departamento de Textiles, Cuero y Gesti\\u00f3n Industrial (DTPMI) y el Departamento de Geograf\\u00eda, Turismo y Planificaci\\u00f3n.\\u00a0<\\\/p>\\n\n\n<p><span>P\\u00e1gina web<\\\/span>: <a href=\\\"http:\\\/\\\/www.uoradea.ro\\\" target=\\\"_blank\\\" rel=\\\"noopener\\\">www.uoradea.ro\\u00a0<\\\/a><\\\/p>\"}},{\"type\":\"grid_item\",\"props\":{\"image\":\"wp-content\\\/uploads\\\/2022\\\/07\\\/image-2.png\",\"title\":\"KAUNO TECHNOLOGIJOS UNIVERSITETAS\",\"content\":\"\n\n<p>Kauno Technologijos Universitetas es la mayor y m\\u00e1s antigua universidad tecnol\\u00f3gica de Lituania, y una de las mayores de los pa\\u00edses b\\u00e1lticos. Es una de las universidades m\\u00e1s destacadas de Lituania, que ha ocupado una posici\\u00f3n de liderazgo en muchas l\\u00edneas de investigaciones y estudios cient\\u00edficos.<\\\/p>\\n\n\n<p>La Facultad de Ingenier\\u00eda Mec\\u00e1nica y Dise\\u00f1o es la \\u00fanica en Lituania que imparte estudios sobre textiles. Recientemente, los estudios se han centrado claramente en la sostenibilidad y en la econom\\u00eda circular en el sector textil y de la moda. Cada a\\u00f1o se generan varios proyectos financiados por la UE, el Gobierno lituano o compa\\u00f1\\u00edas industriales.<\\\/p>\\n\n\n<p><span>P\\u00e1gina web<\\\/span>: <a href=\\\"http:\\\/\\\/www.ktu.edu\\\" target=\\\"_blank\\\" rel=\\\"noopener\\\">www.ktu.edu<\\\/a><\\\/p>\",\"link\":\"\"}},{\"type\":\"grid_item\",\"props\":{\"image\":\"wp-content\\\/uploads\\\/2022\\\/07\\\/image-1.png\",\"title\":\"PANEPISTIMIO DYTIKIS ATTIKIS\",\"content\":\"\n\n<p>Es la tercera universidad m\\u00e1s grande de Grecia. Esta universidad, basada en la larga y exitosa tradici\\u00f3n de los institutos constituyentes, ofrece una educaci\\u00f3n de alto nivel de pregrado y postgrado combinada con actividades intensivas de investigaci\\u00f3n en \\u00e1reas espec\\u00edficas. UNIWA mantiene asociaciones permanentes con otros institutos educativos y de investigaci\\u00f3n nacionales y extranjeros con el fin de mejorar continuamente el nivel de los estudios y la investigaci\\u00f3n.\\u00a0<\\\/p>\\n\n\n<p><br \\\/>En el proyecto participar\\u00e1 el Laboratorio de Dise\\u00f1o y Desarrollo de Innovadores Tejidos de Punto y Prendas de Vestir, que es el Laboratorio del antiguo Departamento de Ingenier\\u00eda Textil de la UNIMA (el nuevo nombre del Departamento es Dise\\u00f1o Industrial e Ingenier\\u00eda de Producci\\u00f3n).<\\\/p>\\n\n\n<p><span>P\\u00e1gina web<\\\/span>: <a href=\\\"http:\\\/\\\/www.uniwa.gr\\\" target=\\\"_blank\\\" rel=\\\"noopener\\\">www.uniwa.gr<\\\/a><\\\/p>\"}},{\"type\":\"grid_item\",\"props\":{\"content\":\"\n\n<p class=\\\"_04xlpA direction-ltr align-justify para-style-body\\\">IDEC es una empresa de consultor\\u00eda de formaci\\u00f3n situada en El Pireo, Grecia. Sus actividades consisten en la formaci\\u00f3n, el asesoramiento de la gesti\\u00f3n, la garant\\u00eda de calidad, la evaluaci\\u00f3n y el desarrollo de soluciones TIC tanto para el sector privado como para el p\\u00fablico. IDEC ha estado activa los \\u00faltimos 20 a\\u00f1os en el campo de los proyectos de la UE.\\u00a0<\\\/p>\\n\n\n<p class=\\\"_04xlpA direction-ltr align-justify para-style-body\\\"><br \\\/>IDEC ha trabajado durante los \\u00faltimos 25 a\\u00f1os en el \\u00e1mbito de la educaci\\u00f3n de adultos y los proyectos de la UE. A trav\\u00e9s de su doble papel, como proveedor de educaci\\u00f3n y como empresa de consultor\\u00eda de gesti\\u00f3n, IDEC ha sido capaz de incorporar las mejores pr\\u00e1cticas del sector empresarial a la educaci\\u00f3n, ajust\\u00e1ndolas al esp\\u00edritu de la educaci\\u00f3n abierta, sostenible y accesible para todos.<\\\/p>\\n\n\n<p><span>P\\u00e1gina web<\\\/span>: <a href=\\\"http:\\\/\\\/www.idec.gr\\\" target=\\\"_blank\\\" rel=\\\"noopener\\\">www.idec.gr<\\\/a><\\\/p>\",\"title\":\"IDEC S.A\",\"image\":\"wp-content\\\/uploads\\\/2022\\\/07\\\/image-4.png\"}}]}]}]}]},{\"type\":\"section\",\"props\":{\"style\":\"default\",\"width\":\"default\",\"vertical_align\":\"middle\",\"title_position\":\"top-left\",\"title_rotation\":\"left\",\"title_breakpoint\":\"xl\",\"image_position\":\"center-center\",\"image\":\"wp-content\\\/uploads\\\/2022\\\/08\\\/06-scaled.jpg\"},\"children\":[{\"type\":\"row\",\"props\":{\"layout\":\"1-2,1-2\"},\"children\":[{\"type\":\"column\",\"props\":{\"position_sticky_breakpoint\":\"m\",\"image_position\":\"center-center\",\"media_overlay_gradient\":\"\",\"width_medium\":\"1-2\"},\"children\":[{\"type\":\"text\",\"props\":{\"margin\":\"default\",\"column_breakpoint\":\"m\",\"content\":\"\n\n<p>Sobre Circutex<br \\\/><br \\\/>Es un proyecto Erasmus+ cuyo objetivo es mejorar las competencias en materia de sostenibilidad de los estudiantes y educadores de las instituciones de educaci\\u00f3n superior en el sector de los compuestos fibrosos y los textiles t\\u00e9cnicos<\\\/p>\",\"text_style\":\"lead\",\"text_color\":\"muted\"}},{\"type\":\"image\",\"props\":{\"margin\":\"default\",\"image_svg_color\":\"emphasis\",\"image\":\"wp-content\\\/uploads\\\/2022\\\/10\\\/ES-Cofinanciado-por-la-Uni\\u03bbn-Europea_NEG_500x100.png\",\"image_alt\":\"Erasmus+ Logo Co funding\"}}]},{\"type\":\"column\",\"props\":{\"position_sticky_breakpoint\":\"m\",\"image_position\":\"center-center\",\"media_overlay_gradient\":\"\",\"width_medium\":\"1-2\"},\"children\":[{\"type\":\"text\",\"props\":{\"margin\":\"default\",\"column_breakpoint\":\"m\",\"content\":\"\n\n<p>Financiado por la Uni\\u00f3n Europea. Las opiniones y puntos de vista expresados solo comprometen a su(s) autor(es) y no reflejan necesariamente los de la Uni\\u00f3n Europea o los de la Agencia Ejecutiva Europea de Educaci\\u00f3n y Cultura (EACEA). Ni la Uni\\u00f3n Europea ni la EACEA pueden ser considerados responsables de ellos.<\\\/p>\",\"text_style\":\"lead\",\"text_color\":\"muted\"}},{\"type\":\"image\",\"props\":{\"margin\":\"default\",\"image_svg_color\":\"emphasis\",\"image\":\"wp-content\\\/uploads\\\/2022\\\/09\\\/SEPIE_erasmus_plus.gif\"}}]}]},{\"type\":\"row\",\"children\":[{\"type\":\"column\",\"props\":{\"position_sticky_breakpoint\":\"m\",\"image_position\":\"center-center\",\"media_overlay_gradient\":\"\"},\"children\":[{\"type\":\"headline\",\"props\":{\"title_element\":\"h1\",\"content\":\"\n\n<p class=\\\"_04xlpA direction-ltr align-center para-style-body\\\" style=\\\"text-align: center;\\\"><span class=\\\"JsGRdQ\\\">KA220-HED \\u2013 Cooperation partnerships in higher education<\\\/span><\\\/p>\\n\n\n<p class=\\\"_04xlpA direction-ltr align-center para-style-body\\\" style=\\\"text-align: center;\\\"><span class=\\\"JsGRdQ\\\">2021-1-ES01-KA220-HED-000032075<\\\/span><\\\/p>\",\"title_style\":\"h3\",\"title_color\":\"muted\"}}]}]}],\"name\":\"footer es final\"}],\"version\":\"2.7.22\"} --><\/p>\n","protected":false},"excerpt":{"rendered":"<p>SOCIOS UNIVERSITAT POLITECNICA DE VALENCIA La Universidad Polit\u00e9cnica de Valencia es una instituci\u00f3n p\u00fablica de educaci\u00f3n superior que participa activamente en proyectos de cooperaci\u00f3n y movilidad internacional. La UPV acoge a casi 30.000 estudiantes y emplea a m\u00e1s de 4.000 personas (personal docente, investigador y administrativo). Es la primera universidad tecnol\u00f3gica de Espa\u00f1a seg\u00fan las [&hellip;]<\/p>\n","protected":false},"author":1,"featured_media":0,"parent":0,"menu_order":6,"comment_status":"open","ping_status":"open","template":"","meta":[],"acf":[],"_links":{"self":[{"href":"https:\/\/circutex.eu\/es\/wp-json\/wp\/v2\/pages\/2351"}],"collection":[{"href":"https:\/\/circutex.eu\/es\/wp-json\/wp\/v2\/pages"}],"about":[{"href":"https:\/\/circutex.eu\/es\/wp-json\/wp\/v2\/types\/page"}],"author":[{"embeddable":true,"href":"https:\/\/circutex.eu\/es\/wp-json\/wp\/v2\/users\/1"}],"replies":[{"embeddable":true,"href":"https:\/\/circutex.eu\/es\/wp-json\/wp\/v2\/comments?post=2351"}],"version-history":[{"count":7,"href":"https:\/\/circutex.eu\/es\/wp-json\/wp\/v2\/pages\/2351\/revisions"}],"predecessor-version":[{"id":2580,"href":"https:\/\/circutex.eu\/es\/wp-json\/wp\/v2\/pages\/2351\/revisions\/2580"}],"wp:attachment":[{"href":"https:\/\/circutex.eu\/es\/wp-json\/wp\/v2\/media?parent=2351"}],"curies":[{"name":"wp","href":"https:\/\/api.w.org\/{rel}","templated":true}]}}