{"id":2430,"date":"2019-05-10T09:37:28","date_gmt":"2019-05-10T09:37:28","guid":{"rendered":"https:\/\/circutex.eu\/?page_id=2430"},"modified":"2022-10-06T12:42:13","modified_gmt":"2022-10-06T12:42:13","slug":"getting-started","status":"publish","type":"page","link":"https:\/\/circutex.eu\/lt\/","title":{"rendered":"PAGRINDINIS"},"content":{"rendered":"<p><img decoding=\"async\" src=\"\/wp-content\/uploads\/2022\/07\/CircuText-Website-Concept-4-1.png\" alt=\"\"><\/p>\n<div>\n<p style=\"text-align: center;\"><strong>Sveiki atvyk\u0119 \u012f CircuTex<\/strong><br \/><strong>Erasmus+ projekt\u0105, kuriuo siekiama stiprinti auk\u0161t\u0173j\u0173 mokykl\u0173 student\u0173 ir d\u0117stytoj\u0173 tvarumo kompetencijas pluo\u0161tini\u0173 kompozit\u0173 ir technin\u0117s tekstil\u0117s sektoriuje.<\/strong><\/p>\n<\/div>\n<h1>\n<h2 style=\"text-align: center;\"><span><br \/>#CIRCUTEX\u00a0 \u00a0#ErasmusPlus\u00a0 \u00a0#SEPIE<\/span><\/h2>\n<\/h1>\n<h1>TIKSLAI<\/h1>\n<p><img decoding=\"async\" src=\"\/wp-content\/uploads\/2022\/08\/imageedit_2_7672352174.png\" alt=\"\"><\/p>\n<div>\n<p style=\"text-align: center;\">sukurti e-mokymo kurs\u0105 auk\u0161t\u0173j\u0173 mokykl\u0173 studentams apie pluo\u0161tini\u0173 kompozit\u0173 ir technin\u0117s tekstil\u0117s \u017eiedin\u0119 ekonomik\u0105<\/p>\n<\/div>\n<p><img decoding=\"async\" src=\"\/wp-content\/uploads\/2022\/08\/imageedit_1_6716296399.png\" alt=\"\"><\/p>\n<div>\n<p style=\"text-align: center;\">mokymosi procese pritaikyti inovatyvias technologijas, tokias kaip virtuali realyb\u0117<\/p>\n<\/div>\n<p><img decoding=\"async\" src=\"\/wp-content\/uploads\/2022\/08\/imageedit_1_4486058557.png\" alt=\"\"><\/p>\n<div>\n<p style=\"text-align: center;\">sudaryti plan\u0105 ir rekomendacijas d\u0117l ECTS ta\u0161k\u0173 skyrimo kurso ir mikrokredencial\u0173 pri\u0117mimo<\/p>\n<\/div>\n<p><img decoding=\"async\" src=\"\/wp-content\/uploads\/2022\/08\/imageedit_1_5312009532.png\" alt=\"\"><\/p>\n<div>\n<p class=\"_04xlpA direction-ltr align-center para-style-body\" style=\"text-align: center;\">suburti Europos organizacijas ir stiprinti j\u0173 geb\u0117jimus organizuojant mokymosi kursus, kurie leist\u0173 \u012fgyti mikrokredencialus, pagr\u012fstus mokymosi rezultatais<\/p>\n<\/div>\n<h1>KAM TAI SKIRTA?<\/h1>\n<div>\n<ul>\n<li class=\"_04xlpA direction-ltr align-justify para-style-title\">Pirmin\u0117 projekto tikslin\u0117 grup\u0117 yra auk\u0161tosios mokyklos, auk\u0161t\u0173j\u0173 mokykl\u0173 d\u0117stytojai ir darbuotojai bei auk\u0161t\u0173j\u0173 mokykl\u0173 studentai, studijuojantys in\u017einerijos ir tekstil\u0117s srityse.\n<\/li>\n<li class=\"_04xlpA direction-ltr align-justify para-style-title\">Antrin\u0117s tikslin\u0117s grup\u0117s yra tekstil\u0117s ir in\u017einerijos srities suinteresuotosios \u0161alys (pramon\u0117s \u012fmon\u0117s, asociacijos, suaugusi\u0173j\u0173 \u0161vietimo centrai ir tt) ir nacionalin\u0117s politikos formuotojai.<\/li>\n<\/ul>\n<\/div>\n<p><img decoding=\"async\" src=\"\/wp-content\/uploads\/2022\/08\/CircuText-Website-Concept-24-%CE%91%CE%BD%CF%84%CE%B9%CE%B3%CF%81%CE%B1%CF%86%CE%AE.png\" alt=\"\"><\/p>\n<h1>RESULTATAI<\/h1>\n<div>\n<p style=\"text-align: center;\">\n<h3 style=\"text-align: center;\"><a href=\"https:\/\/circutex.eu\/?page_id=2439&amp;lang=lt\" target=\"_blank\" rel=\"noopener\"><span class=\"JsGRdQ\">E-mokymosi kursas apie pluo\u0161tini\u0173 kompozit\u0173 ir technin\u0117s tekstil\u0117s \u017eiedin\u0119 ekonomik\u0105<\/span><\/a><\/h3>\n<\/div>\n<div>\n<h3 style=\"text-align: center;\"><a href=\"https:\/\/circutex.eu\/?page_id=2443&amp;lang=lt\" target=\"_blank\" rel=\"noopener\"><span class=\"JsGRdQ\">Virtuali laboratorija virtualiems eksperimentams \u012fgyvendinti<\/span><\/a><\/h3>\n<\/div>\n<div>\n<h3 style=\"text-align: center;\"><a href=\"https:\/\/circutex.eu\/?page_id=2448&amp;lang=lt\" target=\"_blank\" rel=\"noopener\"><span class=\"JsGRdQ\">Mikrokredencial\u0173 planas<\/span><\/a><\/h3>\n<\/div>\n<p>\n    <a href=\"https:\/\/circutex.eu\/?page_id=2439&#038;lang=lt\">E-mokymosi kursas<\/a>\n<\/p>\n<p>\n    <a href=\"https:\/\/circutex.eu\/?page_id=2448&#038;lang=lt\">Mikrokredencial\u0173 planas<\/a>\n<\/p>\n<div>\n<p class=\"_04xlpA direction-ltr align-justify para-style-body\"><span class=\"JsGRdQ\">CircuTex<\/span><\/p>\n<p class=\"_04xlpA direction-ltr align-justify para-style-body\">Erasmus+ projekt\u0105, kuriuo siekiama stiprinti auk\u0161t\u0173j\u0173 mokykl\u0173 student\u0173 ir d\u0117stytoj\u0173 tvarumo kompetencijas pluo\u0161tini\u0173 kompozit\u0173 ir technin\u0117s tekstil\u0117s sektoriuje.<\/p>\n<\/div>\n<div>\n<p>Finansuojama Europos S\u0105jungos l\u0117\u0161omis. Ta\u010diau i\u0161rei\u0161kiamas po\u017ei\u016bris ar nuomon\u0117 yra tik autoriaus (-i\u0173) ir neb\u016btinai atspindi Europos S\u0105jungos ar Europos \u0161vietimo ir kult\u016bros vykdomosios \u012fstaigos (EACEA) po\u017ei\u016br\u012f ar nuomon\u0119. Nei Europos S\u0105junga, nei EACEA negali b\u016bti laikoma u\u017e juos atsakinga.<\/p>\n<\/div>\n<p><img decoding=\"async\" src=\"\/wp-content\/uploads\/2022\/10\/LT-Bendrai-finansuoja-Europos-Sajunga_NEG_500x110.png\" alt=\"Erasmus+ logo co funding LT\"><br \/>\n<img decoding=\"async\" src=\"\/wp-content\/uploads\/2022\/09\/SEPIE_erasmus_plus.gif\" alt=\"\"><\/p>\n<h1>\n<p class=\"_04xlpA direction-ltr align-center para-style-body\" style=\"text-align: center;\"><span class=\"JsGRdQ\">KA220-HED &#8211; Cooperation partnerships in higher education<\/span><\/p>\n<p class=\"_04xlpA direction-ltr align-center para-style-body\" style=\"text-align: center;\"><span class=\"JsGRdQ\">2021-1-ES01-KA220-HED-000032075<\/span><\/p>\n<\/h1>\n<p><!--more--><br \/>\n<!-- {\"name\":\"Home\",\"type\":\"layout\",\"children\":[{\"name\":\"Hero\",\"type\":\"section\",\"props\":{\"width\":\"default\",\"padding\":\"large\",\"style\":\"default\",\"animation\":\"slide-top-small\",\"image\":\"\",\"image_position\":\"center-center\",\"height\":\"full\",\"image_fixed\":true,\"header_transparent\":\"dark\",\"padding_remove_top\":true,\"vertical_align\":\"middle\",\"title_position\":\"top-left\",\"title_rotation\":\"left\",\"title_breakpoint\":\"xl\",\"image_effect\":\"parallax\",\"image_parallax_bgy_end\":\"500\",\"image_parallax_easing\":\"1\",\"image_parallax_breakpoint\":\"m\",\"media_visibility\":\"s\",\"title\":\"xdgsdfsd\"},\"children\":[{\"name\":\"\",\"type\":\"row\",\"children\":[{\"name\":\"\",\"type\":\"column\",\"props\":{\"image_position\":\"center-center\",\"media_overlay_gradient\":\"\",\"width_medium\":\"1-1\",\"position_sticky_breakpoint\":\"m\"},\"children\":[{\"name\":\"\",\"type\":\"image\",\"props\":{\"margin\":\"default\",\"image\":\"wp-content\\\/uploads\\\/2022\\\/07\\\/CircuText-Website-Concept-4-1.png\",\"text_align\":\"center\",\"image_svg_color\":\"emphasis\"}}]}]},{\"type\":\"row\",\"children\":[{\"type\":\"column\",\"props\":{\"position_sticky_breakpoint\":\"m\",\"image_position\":\"center-center\",\"media_overlay_gradient\":\"\"},\"children\":[{\"type\":\"text\",\"props\":{\"margin\":\"default\",\"column_breakpoint\":\"m\",\"content\":\"\n\n<p style=\\\"text-align: center;\\\"><strong>Sveiki atvyk\\u0119 \\u012f CircuTex<\\\/strong><br \\\/><strong>Erasmus+ projekt\\u0105, kuriuo siekiama stiprinti auk\\u0161t\\u0173j\\u0173 mokykl\\u0173 student\\u0173 ir d\\u0117stytoj\\u0173 tvarumo kompetencijas pluo\\u0161tini\\u0173 kompozit\\u0173 ir technin\\u0117s tekstil\\u0117s sektoriuje.<\\\/strong><\\\/p>\",\"text_style\":\"lead\"}},{\"type\":\"headline\",\"props\":{\"title_element\":\"h1\",\"content\":\"\n\n<h2 style=\\\"text-align: center;\\\"><span><br \\\/>#CIRCUTEX\\u00a0 \\u00a0#ErasmusPlus\\u00a0 \\u00a0#SEPIE<\\\/span><\\\/h2>\"}},{\"type\":\"headline\",\"props\":{\"title_element\":\"h1\",\"content\":\"<br \\\/>TIKSLAI\",\"text_align\":\"center\",\"title_color\":\"emphasis\",\"title_style\":\"heading-medium\",\"title_decoration\":\"divider\",\"class\":\"\"}}]}]},{\"type\":\"row\",\"props\":{\"layout\":\"1-4,1-4,1-4,1-4|1-2,1-2,1-2,1-2\"},\"children\":[{\"type\":\"column\",\"props\":{\"position_sticky_breakpoint\":\"m\",\"image_position\":\"center-center\",\"media_overlay_gradient\":\"\",\"width_medium\":\"1-4\",\"width_small\":\"1-2\"},\"children\":[]},{\"type\":\"column\",\"props\":{\"position_sticky_breakpoint\":\"m\",\"image_position\":\"center-center\",\"media_overlay_gradient\":\"\",\"width_medium\":\"1-4\",\"width_small\":\"1-2\"},\"children\":[{\"type\":\"image\",\"props\":{\"margin\":\"default\",\"image_svg_color\":\"emphasis\",\"image\":\"wp-content\\\/uploads\\\/2022\\\/08\\\/imageedit_2_7672352174.png\",\"image_height\":\"300\"}},{\"type\":\"text\",\"props\":{\"margin\":\"default\",\"column_breakpoint\":\"m\",\"content\":\"\n\n<p style=\\\"text-align: center;\\\">sukurti e-mokymo kurs\\u0105 auk\\u0161t\\u0173j\\u0173 mokykl\\u0173 studentams apie pluo\\u0161tini\\u0173 kompozit\\u0173 ir technin\\u0117s tekstil\\u0117s \\u017eiedin\\u0119 ekonomik\\u0105<\\\/p>\",\"text_style\":\"lead\"}}]},{\"type\":\"column\",\"props\":{\"position_sticky_breakpoint\":\"m\",\"image_position\":\"center-center\",\"media_overlay_gradient\":\"\",\"width_medium\":\"1-4\",\"width_small\":\"1-2\"},\"children\":[{\"type\":\"image\",\"props\":{\"margin\":\"default\",\"image_svg_color\":\"emphasis\",\"image\":\"wp-content\\\/uploads\\\/2022\\\/08\\\/imageedit_1_6716296399.png\",\"image_width\":\"300\"}},{\"type\":\"text\",\"props\":{\"margin\":\"default\",\"column_breakpoint\":\"m\",\"content\":\"\n\n<p style=\\\"text-align: center;\\\">mokymosi procese pritaikyti inovatyvias technologijas, tokias kaip virtuali realyb\\u0117<\\\/p>\",\"text_style\":\"lead\"}}]},{\"type\":\"column\",\"props\":{\"position_sticky_breakpoint\":\"m\",\"image_position\":\"center-center\",\"media_overlay_gradient\":\"\",\"width_medium\":\"1-4\",\"width_small\":\"1-2\"},\"children\":[]}]},{\"type\":\"row\",\"props\":{\"layout\":\"1-4,1-4,1-4,1-4|1-2,1-2,1-2,1-2\"},\"children\":[{\"type\":\"column\",\"props\":{\"position_sticky_breakpoint\":\"m\",\"image_position\":\"center-center\",\"media_overlay_gradient\":\"\",\"width_medium\":\"1-4\",\"width_small\":\"1-2\"},\"children\":[]},{\"type\":\"column\",\"props\":{\"position_sticky_breakpoint\":\"m\",\"image_position\":\"center-center\",\"media_overlay_gradient\":\"\",\"width_medium\":\"1-4\",\"width_small\":\"1-2\"},\"children\":[{\"type\":\"image\",\"props\":{\"margin\":\"default\",\"image_svg_color\":\"emphasis\",\"image\":\"wp-content\\\/uploads\\\/2022\\\/08\\\/imageedit_1_4486058557.png\",\"image_height\":\"300\"}},{\"type\":\"text\",\"props\":{\"margin\":\"default\",\"column_breakpoint\":\"m\",\"content\":\"\n\n<p style=\\\"text-align: center;\\\">sudaryti plan\\u0105 ir rekomendacijas d\\u0117l ECTS ta\\u0161k\\u0173 skyrimo kurso ir mikrokredencial\\u0173 pri\\u0117mimo<\\\/p>\",\"text_style\":\"lead\"}}]},{\"type\":\"column\",\"props\":{\"position_sticky_breakpoint\":\"m\",\"image_position\":\"center-center\",\"media_overlay_gradient\":\"\",\"width_medium\":\"1-4\",\"width_small\":\"1-2\"},\"children\":[{\"type\":\"image\",\"props\":{\"margin\":\"default\",\"image_svg_color\":\"emphasis\",\"image\":\"wp-content\\\/uploads\\\/2022\\\/08\\\/imageedit_1_5312009532.png\",\"image_width\":\"300\"}},{\"type\":\"text\",\"props\":{\"margin\":\"default\",\"column_breakpoint\":\"m\",\"content\":\"\n\n<p class=\\\"_04xlpA direction-ltr align-center para-style-body\\\" style=\\\"text-align: center;\\\">suburti Europos organizacijas ir stiprinti j\\u0173 geb\\u0117jimus organizuojant mokymosi kursus, kurie leist\\u0173 \\u012fgyti mikrokredencialus, pagr\\u012fstus mokymosi rezultatais<\\\/p>\",\"text_style\":\"lead\"}}]},{\"type\":\"column\",\"props\":{\"position_sticky_breakpoint\":\"m\",\"image_position\":\"center-center\",\"media_overlay_gradient\":\"\",\"width_medium\":\"1-4\",\"width_small\":\"1-2\"},\"children\":[]}]},{\"type\":\"row\",\"props\":{\"layout\":\"1-2,1-2\"},\"children\":[{\"type\":\"column\",\"props\":{\"position_sticky_breakpoint\":\"m\",\"image_position\":\"center-center\",\"media_overlay_gradient\":\"\",\"width_medium\":\"1-2\"},\"children\":[{\"type\":\"headline\",\"props\":{\"title_element\":\"h1\",\"content\":\"<br \\\/>KAM TAI SKIRTA?\",\"text_align\":\"center\",\"title_color\":\"emphasis\",\"title_style\":\"heading-medium\",\"title_decoration\":\"divider\",\"class\":\"\"}},{\"type\":\"text\",\"props\":{\"margin\":\"default\",\"column_breakpoint\":\"m\",\"content\":\"\n\n<ul>\\n\n\n<li class=\\\"_04xlpA direction-ltr align-justify para-style-title\\\">Pirmin\\u0117 projekto tikslin\\u0117 grup\\u0117 yra auk\\u0161tosios mokyklos, auk\\u0161t\\u0173j\\u0173 mokykl\\u0173 d\\u0117stytojai ir darbuotojai bei auk\\u0161t\\u0173j\\u0173 mokykl\\u0173 studentai, studijuojantys in\\u017einerijos ir tekstil\\u0117s srityse.<br \\\/><br \\\/><\\\/li>\\n\n\n<li class=\\\"_04xlpA direction-ltr align-justify para-style-title\\\">Antrin\\u0117s tikslin\\u0117s grup\\u0117s yra tekstil\\u0117s ir in\\u017einerijos srities suinteresuotosios \\u0161alys (pramon\\u0117s \\u012fmon\\u0117s, asociacijos, suaugusi\\u0173j\\u0173 \\u0161vietimo centrai ir tt) ir nacionalin\\u0117s politikos formuotojai.<\\\/li>\\n<\\\/ul>\",\"text_style\":\"lead\"}}]},{\"type\":\"column\",\"props\":{\"position_sticky_breakpoint\":\"m\",\"image_position\":\"center-center\",\"media_overlay_gradient\":\"\",\"width_medium\":\"1-2\"},\"children\":[{\"type\":\"image\",\"props\":{\"margin\":\"default\",\"image_svg_color\":\"emphasis\",\"image\":\"wp-content\\\/uploads\\\/2022\\\/08\\\/CircuText-Website-Concept-24-\\u0391\\u03bd\\u03c4\\u03b9\\u03b3\\u03c1\\u03b1\\u03c6\\u03ae.png\"}}]}]},{\"type\":\"row\",\"children\":[{\"type\":\"column\",\"props\":{\"position_sticky_breakpoint\":\"m\",\"image_position\":\"center-center\",\"media_overlay_gradient\":\"\"},\"children\":[{\"type\":\"headline\",\"props\":{\"title_element\":\"h1\",\"content\":\"<br \\\/>RESULTATAI\",\"text_align\":\"center\",\"title_color\":\"emphasis\",\"title_style\":\"heading-medium\",\"title_decoration\":\"divider\",\"class\":\"\"}}]}]},{\"type\":\"row\",\"props\":{\"layout\":\"1-3,1-3,1-3\"},\"children\":[{\"type\":\"column\",\"props\":{\"position_sticky_breakpoint\":\"m\",\"image_position\":\"center-center\",\"media_overlay_gradient\":\"\",\"width_medium\":\"1-3\",\"image\":\"wp-content\\\/uploads\\\/2022\\\/08\\\/CircuText-Website-Concept-25.png\",\"image_size\":\"height-1-1\"},\"children\":[{\"type\":\"text\",\"props\":{\"margin\":\"default\",\"column_breakpoint\":\"m\",\"content\":\"\n\n<p><\\\/p>\\n\n\n<p style=\\\"text-align: center;\\\"><\\\/p>\\n\n\n<h3 style=\\\"text-align: center;\\\"><a href=\\\"https:\\\/\\\/circutex.eu\\\/?page_id=2439&amp;lang=lt\\\" target=\\\"_blank\\\" rel=\\\"noopener\\\"><span class=\\\"JsGRdQ\\\">E-mokymosi kursas apie pluo\\u0161tini\\u0173 kompozit\\u0173 ir technin\\u0117s tekstil\\u0117s \\u017eiedin\\u0119 ekonomik\\u0105<\\\/span><\\\/a><\\\/h3>\",\"text_color\":\"primary\",\"text_style\":\"lead\",\"position\":\"relative\",\"position_left\":\"0\",\"position_bottom\":\"-20\"}}]},{\"type\":\"column\",\"props\":{\"position_sticky_breakpoint\":\"m\",\"image_position\":\"center-center\",\"media_overlay_gradient\":\"\",\"width_medium\":\"1-3\",\"image\":\"wp-content\\\/uploads\\\/2022\\\/08\\\/CircuText-Website-Concept-26.png\",\"image_size\":\"height-1-1\"},\"children\":[{\"type\":\"text\",\"props\":{\"margin\":\"default\",\"column_breakpoint\":\"m\",\"content\":\"\n\n<p><\\\/p>\\n\n\n<h3 style=\\\"text-align: center;\\\"><a href=\\\"https:\\\/\\\/circutex.eu\\\/?page_id=2443&amp;lang=lt\\\" target=\\\"_blank\\\" rel=\\\"noopener\\\"><span class=\\\"JsGRdQ\\\">Virtuali laboratorija virtualiems eksperimentams \\u012fgyvendinti<\\\/span><\\\/a><\\\/h3>\",\"text_color\":\"primary\",\"text_style\":\"lead\",\"position\":\"relative\",\"position_bottom\":\"-20\"}}]},{\"type\":\"column\",\"props\":{\"position_sticky_breakpoint\":\"m\",\"image_position\":\"center-center\",\"media_overlay_gradient\":\"\",\"width_medium\":\"1-3\",\"image\":\"wp-content\\\/uploads\\\/2022\\\/08\\\/CircuText-Website-Concept-27.png\",\"image_size\":\"height-1-1\"},\"children\":[{\"type\":\"text\",\"props\":{\"margin\":\"default\",\"column_breakpoint\":\"m\",\"content\":\"\n\n<p><\\\/p>\\n\n\n<h3 style=\\\"text-align: center;\\\"><a href=\\\"https:\\\/\\\/circutex.eu\\\/?page_id=2448&amp;lang=lt\\\" target=\\\"_blank\\\" rel=\\\"noopener\\\"><span class=\\\"JsGRdQ\\\">Mikrokredencial\\u0173 planas<\\\/span><\\\/a><\\\/h3>\",\"text_color\":\"emphasis\",\"text_style\":\"lead\",\"position\":\"relative\",\"position_bottom\":\"-20\"}}]}]},{\"type\":\"row\",\"props\":{\"layout\":\"1-3,1-3,1-3\"},\"children\":[{\"type\":\"column\",\"props\":{\"position_sticky_breakpoint\":\"m\",\"image_position\":\"center-center\",\"media_overlay_gradient\":\"\",\"width_medium\":\"1-3\"},\"children\":[{\"type\":\"button\",\"props\":{\"grid_column_gap\":\"large\",\"grid_row_gap\":\"small\",\"margin\":\"default\",\"button_size\":\"large\",\"maxwidth\":\"xlarge\",\"position\":\"relative\",\"position_right\":\"-290\"},\"children\":[{\"type\":\"button_item\",\"props\":{\"button_style\":\"default\",\"icon_align\":\"left\",\"content\":\"E-mokymosi kursas\",\"link_title\":\"\",\"link\":\"https:\\\/\\\/circutex.eu\\\/?page_id=2439&lang=lt\"}}]}]},{\"type\":\"column\",\"props\":{\"position_sticky_breakpoint\":\"m\",\"image_position\":\"center-center\",\"media_overlay_gradient\":\"\",\"width_medium\":\"1-3\"},\"children\":[]},{\"type\":\"column\",\"props\":{\"position_sticky_breakpoint\":\"m\",\"image_position\":\"center-center\",\"media_overlay_gradient\":\"\",\"width_medium\":\"1-3\"},\"children\":[{\"type\":\"button\",\"props\":{\"grid_column_gap\":\"small\",\"grid_row_gap\":\"small\",\"margin\":\"default\",\"position\":\"relative\",\"position_right\":\"220\",\"button_size\":\"large\"},\"children\":[{\"type\":\"button_item\",\"props\":{\"button_style\":\"default\",\"icon_align\":\"left\",\"content\":\"Mikrokredencial\\u0173 planas\",\"link\":\"https:\\\/\\\/circutex.eu\\\/?page_id=2448&lang=lt\"}}]}]}]}]},{\"type\":\"section\",\"props\":{\"style\":\"default\",\"width\":\"default\",\"vertical_align\":\"middle\",\"title_position\":\"top-left\",\"title_rotation\":\"left\",\"title_breakpoint\":\"xl\",\"image_position\":\"center-center\",\"image\":\"wp-content\\\/uploads\\\/2022\\\/08\\\/06-scaled.jpg\"},\"children\":[{\"type\":\"row\",\"props\":{\"layout\":\"1-2,1-2\"},\"children\":[{\"type\":\"column\",\"props\":{\"position_sticky_breakpoint\":\"m\",\"image_position\":\"center-center\",\"media_overlay_gradient\":\"\",\"width_medium\":\"1-2\"},\"children\":[{\"type\":\"text\",\"props\":{\"margin\":\"default\",\"column_breakpoint\":\"m\",\"content\":\"\n\n<p class=\\\"_04xlpA direction-ltr align-justify para-style-body\\\"><span class=\\\"JsGRdQ\\\">CircuTex<\\\/span><\\\/p>\\n\n\n<p class=\\\"_04xlpA direction-ltr align-justify para-style-body\\\">Erasmus+ projekt\\u0105, kuriuo siekiama stiprinti auk\\u0161t\\u0173j\\u0173 mokykl\\u0173 student\\u0173 ir d\\u0117stytoj\\u0173 tvarumo kompetencijas pluo\\u0161tini\\u0173 kompozit\\u0173 ir technin\\u0117s tekstil\\u0117s sektoriuje.<\\\/p>\",\"text_style\":\"lead\",\"text_color\":\"muted\"}}]},{\"type\":\"column\",\"props\":{\"position_sticky_breakpoint\":\"m\",\"image_position\":\"center-center\",\"media_overlay_gradient\":\"\",\"width_medium\":\"1-2\"},\"children\":[{\"type\":\"text\",\"props\":{\"margin\":\"default\",\"column_breakpoint\":\"m\",\"content\":\"\n\n<p>Finansuojama Europos S\\u0105jungos l\\u0117\\u0161omis. Ta\\u010diau i\\u0161rei\\u0161kiamas po\\u017ei\\u016bris ar nuomon\\u0117 yra tik autoriaus (-i\\u0173) ir neb\\u016btinai atspindi Europos S\\u0105jungos ar Europos \\u0161vietimo ir kult\\u016bros vykdomosios \\u012fstaigos (EACEA) po\\u017ei\\u016br\\u012f ar nuomon\\u0119. Nei Europos S\\u0105junga, nei EACEA negali b\\u016bti laikoma u\\u017e juos atsakinga.<\\\/p>\",\"text_style\":\"lead\",\"text_color\":\"muted\"}}]}]},{\"type\":\"row\",\"props\":{\"layout\":\"1-2,1-2\"},\"children\":[{\"type\":\"column\",\"props\":{\"position_sticky_breakpoint\":\"m\",\"image_position\":\"center-center\",\"media_overlay_gradient\":\"\",\"width_medium\":\"1-2\"},\"children\":[{\"type\":\"image\",\"props\":{\"margin\":\"default\",\"image_svg_color\":\"emphasis\",\"image\":\"wp-content\\\/uploads\\\/2022\\\/10\\\/LT-Bendrai-finansuoja-Europos-Sajunga_NEG_500x110.png\",\"position\":\"relative\",\"position_right\":\"-40\",\"maxwidth\":\"large\",\"position_bottom\":\"-30\",\"image_alt\":\"Erasmus+ logo co funding LT\"}}]},{\"type\":\"column\",\"props\":{\"position_sticky_breakpoint\":\"m\",\"image_position\":\"center-center\",\"media_overlay_gradient\":\"\",\"width_medium\":\"1-2\"},\"children\":[{\"type\":\"image\",\"props\":{\"margin\":\"default\",\"image_svg_color\":\"emphasis\",\"image\":\"wp-content\\\/uploads\\\/2022\\\/09\\\/SEPIE_erasmus_plus.gif\"}}]}]},{\"type\":\"row\",\"children\":[{\"type\":\"column\",\"props\":{\"position_sticky_breakpoint\":\"m\",\"image_position\":\"center-center\",\"media_overlay_gradient\":\"\"},\"children\":[{\"type\":\"headline\",\"props\":{\"title_element\":\"h1\",\"content\":\"\n\n<p class=\\\"_04xlpA direction-ltr align-center para-style-body\\\" style=\\\"text-align: center;\\\"><span class=\\\"JsGRdQ\\\">KA220-HED - Cooperation partnerships in higher education<\\\/span><\\\/p>\\n\n\n<p class=\\\"_04xlpA direction-ltr align-center para-style-body\\\" style=\\\"text-align: center;\\\"><span class=\\\"JsGRdQ\\\">2021-1-ES01-KA220-HED-000032075<\\\/span><\\\/p>\",\"title_style\":\"h3\",\"title_color\":\"muted\"}}]}]}]}],\"version\":\"2.7.22\"} --><\/p>\n","protected":false},"excerpt":{"rendered":"<p>Sveiki atvyk\u0119 \u012f CircuTexErasmus+ projekt\u0105, kuriuo siekiama stiprinti auk\u0161t\u0173j\u0173 mokykl\u0173 student\u0173 ir d\u0117stytoj\u0173 tvarumo kompetencijas pluo\u0161tini\u0173 kompozit\u0173 ir technin\u0117s tekstil\u0117s sektoriuje. #CIRCUTEX\u00a0 \u00a0#ErasmusPlus\u00a0 \u00a0#SEPIE TIKSLAI sukurti e-mokymo kurs\u0105 auk\u0161t\u0173j\u0173 mokykl\u0173 studentams apie pluo\u0161tini\u0173 kompozit\u0173 ir technin\u0117s tekstil\u0117s \u017eiedin\u0119 ekonomik\u0105 mokymosi procese pritaikyti inovatyvias technologijas, tokias kaip virtuali realyb\u0117 sudaryti plan\u0105 ir rekomendacijas d\u0117l ECTS ta\u0161k\u0173 [&hellip;]<\/p>\n","protected":false},"author":1,"featured_media":0,"parent":0,"menu_order":6,"comment_status":"open","ping_status":"open","template":"","meta":[],"acf":[],"_links":{"self":[{"href":"https:\/\/circutex.eu\/lt\/wp-json\/wp\/v2\/pages\/2430"}],"collection":[{"href":"https:\/\/circutex.eu\/lt\/wp-json\/wp\/v2\/pages"}],"about":[{"href":"https:\/\/circutex.eu\/lt\/wp-json\/wp\/v2\/types\/page"}],"author":[{"embeddable":true,"href":"https:\/\/circutex.eu\/lt\/wp-json\/wp\/v2\/users\/1"}],"replies":[{"embeddable":true,"href":"https:\/\/circutex.eu\/lt\/wp-json\/wp\/v2\/comments?post=2430"}],"version-history":[{"count":13,"href":"https:\/\/circutex.eu\/lt\/wp-json\/wp\/v2\/pages\/2430\/revisions"}],"predecessor-version":[{"id":2563,"href":"https:\/\/circutex.eu\/lt\/wp-json\/wp\/v2\/pages\/2430\/revisions\/2563"}],"wp:attachment":[{"href":"https:\/\/circutex.eu\/lt\/wp-json\/wp\/v2\/media?parent=2430"}],"curies":[{"name":"wp","href":"https:\/\/api.w.org\/{rel}","templated":true}]}}