{"id":2439,"date":"2022-07-27T13:04:16","date_gmt":"2022-07-27T13:04:16","guid":{"rendered":"https:\/\/circutex.eu\/?page_id=2439"},"modified":"2023-11-20T08:20:20","modified_gmt":"2023-11-20T08:20:20","slug":"elearning","status":"publish","type":"page","link":"https:\/\/circutex.eu\/lt\/elearning\/","title":{"rendered":"eLEARNING"},"content":{"rendered":"<p><img decoding=\"async\" src=\"\/wp-content\/uploads\/2022\/09\/young-caucasian-woman-using-laptop-computer-lookin-2022-06-01-23-22-16-utc-1-scaled.jpg\" alt=\"\"><\/p>\n<h1>E-mokymosi kursas<\/h1>\n<div>\n<h3 class=\"_04xlpA direction-ltr align-start para-style-body\">E-mokymosi kursas bus skirtas auk\u0161t\u0173j\u0173 mokykl\u0173 studentams, ugdyti j\u0173 \u017eiedin\u0117s ekonomikos praktikos \u012fg\u016bd\u017eius, daugiausia d\u0117mesio skiriant pluo\u0161tiniams kompozitams ir techninei tekstilei.<\/h3>\n<h3 class=\"_04xlpA direction-ltr align-start para-style-body\">Kursas bus modulinis, pagr\u012fstas mokymosi rezultatais ir kompetencijomis, ir bus baigiamas savaranki\u0161kai. Ji truks 1 semestr\u0105 ir papildys pagrindines student\u0173 studijas.<\/h3>\n<h3 class=\"_04xlpA direction-ltr align-start para-style-body\">Nepaisant to, kurs\u0105 gal\u0117s lankyti ir kiti suinteresuoti asmenys i\u0161 tekstil\u0117s pramon\u0117s sektoriaus, norintys pagilinti savo \u017einias ir kompetencijas \u017eiedin\u0117s pluo\u0161tini\u0173 kompozit\u0173 ir technin\u0117s tekstil\u0117s ekonomikos srityje. Kursas apims \u012fgyt\u0173 \u017eini\u0173 \u012fvertinim\u0105 ir sertifikavim\u0105.<\/h3>\n<\/div>\n<p>\n    <a href=\"https:\/\/e-trainingcentre.gr\/course\/view.php?id=270\">\u012e\u0116JIMAS<\/a>\n<\/p>\n<div>\n<p class=\"_04xlpA direction-ltr align-justify para-style-body\"><span class=\"JsGRdQ\">CircuTex<\/span><\/p>\n<p class=\"_04xlpA direction-ltr align-justify para-style-body\">Erasmus+ projekt\u0105, kuriuo siekiama stiprinti auk\u0161t\u0173j\u0173 mokykl\u0173 student\u0173 ir d\u0117stytoj\u0173 tvarumo kompetencijas pluo\u0161tini\u0173 kompozit\u0173 ir technin\u0117s tekstil\u0117s sektoriuje.<\/p>\n<\/div>\n<div>\n<p>Finansuojama Europos S\u0105jungos l\u0117\u0161omis. Ta\u010diau i\u0161rei\u0161kiamas po\u017ei\u016bris ar nuomon\u0117 yra tik autoriaus (-i\u0173) ir neb\u016btinai atspindi Europos S\u0105jungos ar Europos \u0161vietimo ir kult\u016bros vykdomosios \u012fstaigos (EACEA) po\u017ei\u016br\u012f ar nuomon\u0119. Nei Europos S\u0105junga, nei EACEA negali b\u016bti laikoma u\u017e juos atsakinga.<\/p>\n<\/div>\n<p><img decoding=\"async\" src=\"\/wp-content\/uploads\/2022\/09\/logosbeneficaireserasmusright_lt_0-1.jpg\" alt=\"\"><br \/>\n<img decoding=\"async\" src=\"\/wp-content\/uploads\/2022\/09\/SEPIE_erasmus_plus.gif\" alt=\"\"><\/p>\n<h1>\n<p class=\"_04xlpA direction-ltr align-center para-style-body\" style=\"text-align: center;\"><span class=\"JsGRdQ\">KA220-HED &#8211; Cooperation partnerships in higher education<\/span><\/p>\n<p class=\"_04xlpA direction-ltr align-center para-style-body\" style=\"text-align: center;\"><span class=\"JsGRdQ\">2021-1-ES01-KA220-HED-000032075<\/span><\/p>\n<\/h1>\n<p><!--more--><br \/>\n<!-- {\"name\":\"Home\",\"type\":\"layout\",\"children\":[{\"name\":\"Hero\",\"type\":\"section\",\"props\":{\"width\":\"default\",\"padding\":\"large\",\"style\":\"default\",\"animation\":\"slide-top-small\",\"image\":\"\",\"image_position\":\"center-center\",\"height\":\"full\",\"image_fixed\":true,\"header_transparent\":\"dark\",\"padding_remove_top\":true,\"vertical_align\":\"middle\",\"title_position\":\"top-left\",\"title_rotation\":\"left\",\"title_breakpoint\":\"xl\",\"image_effect\":\"parallax\",\"image_parallax_bgy_end\":\"500\",\"image_parallax_easing\":\"1\",\"image_parallax_breakpoint\":\"m\",\"media_visibility\":\"s\",\"title\":\"xdgsdfsd\"},\"children\":[{\"type\":\"row\",\"children\":[{\"type\":\"column\",\"props\":{\"position_sticky_breakpoint\":\"m\",\"image_position\":\"center-center\",\"media_overlay_gradient\":\"\",\"width_medium\":\"1-4\"},\"children\":[{\"type\":\"image\",\"props\":{\"margin\":\"default\",\"image_svg_color\":\"emphasis\",\"image\":\"wp-content\\\/uploads\\\/2022\\\/09\\\/young-caucasian-woman-using-laptop-computer-lookin-2022-06-01-23-22-16-utc-1-scaled.jpg\"}}]},{\"type\":\"column\",\"props\":{\"position_sticky_breakpoint\":\"m\",\"image_position\":\"top-left\",\"media_overlay_gradient\":\"\",\"width_medium\":\"1-2\",\"image\":\"wp-content\\\/uploads\\\/2022\\\/09\\\/Screenshot_495.png\",\"text_color\":\"dark\",\"image_height\":\"1500\",\"image_size\":\"height-1-1\"},\"children\":[{\"type\":\"headline\",\"props\":{\"title_element\":\"h1\",\"content\":\"E-mokymosi kursas\",\"position\":\"relative\",\"position_bottom\":\"40\"}},{\"type\":\"text\",\"props\":{\"margin\":\"default\",\"column_breakpoint\":\"m\",\"content\":\"\n\n<h3 class=\\\"_04xlpA direction-ltr align-start para-style-body\\\">E-mokymosi kursas bus skirtas auk\\u0161t\\u0173j\\u0173 mokykl\\u0173 studentams, ugdyti j\\u0173 \\u017eiedin\\u0117s ekonomikos praktikos \\u012fg\\u016bd\\u017eius, daugiausia d\\u0117mesio skiriant pluo\\u0161tiniams kompozitams ir techninei tekstilei.<\\\/h3>\\n\n\n<h3 class=\\\"_04xlpA direction-ltr align-start para-style-body\\\">Kursas bus modulinis, pagr\\u012fstas mokymosi rezultatais ir kompetencijomis, ir bus baigiamas savaranki\\u0161kai. Ji truks 1 semestr\\u0105 ir papildys pagrindines student\\u0173 studijas.<\\\/h3>\\n\n\n<h3 class=\\\"_04xlpA direction-ltr align-start para-style-body\\\">Nepaisant to, kurs\\u0105 gal\\u0117s lankyti ir kiti suinteresuoti asmenys i\\u0161 tekstil\\u0117s pramon\\u0117s sektoriaus, norintys pagilinti savo \\u017einias ir kompetencijas \\u017eiedin\\u0117s pluo\\u0161tini\\u0173 kompozit\\u0173 ir technin\\u0117s tekstil\\u0117s ekonomikos srityje. Kursas apims \\u012fgyt\\u0173 \\u017eini\\u0173 \\u012fvertinim\\u0105 ir sertifikavim\\u0105.<\\\/h3>\",\"text_style\":\"lead\",\"position\":\"relative\",\"position_bottom\":\"20\"}},{\"type\":\"button\",\"props\":{\"grid_column_gap\":\"small\",\"grid_row_gap\":\"small\",\"margin\":\"default\"},\"children\":[{\"type\":\"button_item\",\"props\":{\"button_style\":\"default\",\"icon_align\":\"left\",\"content\":\"\\u012e\\u0116JIMAS\",\"link\":\"https:\\\/\\\/e-trainingcentre.gr\\\/course\\\/view.php?id=270\"}}]}]}],\"props\":{\"layout\":\"1-2,1-2\"}}]},{\"type\":\"section\",\"props\":{\"style\":\"default\",\"width\":\"default\",\"vertical_align\":\"middle\",\"title_position\":\"top-left\",\"title_rotation\":\"left\",\"title_breakpoint\":\"xl\",\"image_position\":\"center-center\",\"image\":\"wp-content\\\/uploads\\\/2022\\\/08\\\/06-scaled.jpg\"},\"children\":[{\"type\":\"row\",\"props\":{\"layout\":\"1-2,1-2\"},\"children\":[{\"type\":\"column\",\"props\":{\"position_sticky_breakpoint\":\"m\",\"image_position\":\"center-center\",\"media_overlay_gradient\":\"\",\"width_medium\":\"1-2\"},\"children\":[{\"type\":\"text\",\"props\":{\"margin\":\"default\",\"column_breakpoint\":\"m\",\"content\":\"\n\n<p class=\\\"_04xlpA direction-ltr align-justify para-style-body\\\"><span class=\\\"JsGRdQ\\\">CircuTex<\\\/span><\\\/p>\\n\n\n<p class=\\\"_04xlpA direction-ltr align-justify para-style-body\\\">Erasmus+ projekt\\u0105, kuriuo siekiama stiprinti auk\\u0161t\\u0173j\\u0173 mokykl\\u0173 student\\u0173 ir d\\u0117stytoj\\u0173 tvarumo kompetencijas pluo\\u0161tini\\u0173 kompozit\\u0173 ir technin\\u0117s tekstil\\u0117s sektoriuje.<\\\/p>\",\"text_style\":\"lead\",\"text_color\":\"muted\"}}]},{\"type\":\"column\",\"props\":{\"position_sticky_breakpoint\":\"m\",\"image_position\":\"center-center\",\"media_overlay_gradient\":\"\",\"width_medium\":\"1-2\"},\"children\":[{\"type\":\"text\",\"props\":{\"margin\":\"default\",\"column_breakpoint\":\"m\",\"content\":\"\n\n<p>Finansuojama Europos S\\u0105jungos l\\u0117\\u0161omis. Ta\\u010diau i\\u0161rei\\u0161kiamas po\\u017ei\\u016bris ar nuomon\\u0117 yra tik autoriaus (-i\\u0173) ir neb\\u016btinai atspindi Europos S\\u0105jungos ar Europos \\u0161vietimo ir kult\\u016bros vykdomosios \\u012fstaigos (EACEA) po\\u017ei\\u016br\\u012f ar nuomon\\u0119. Nei Europos S\\u0105junga, nei EACEA negali b\\u016bti laikoma u\\u017e juos atsakinga.<\\\/p>\",\"text_style\":\"lead\",\"text_color\":\"muted\"}}]}]},{\"type\":\"row\",\"props\":{\"layout\":\"1-2,1-2\"},\"children\":[{\"type\":\"column\",\"props\":{\"position_sticky_breakpoint\":\"m\",\"image_position\":\"center-center\",\"media_overlay_gradient\":\"\",\"width_medium\":\"1-2\"},\"children\":[{\"type\":\"image\",\"props\":{\"margin\":\"default\",\"image_svg_color\":\"emphasis\",\"image\":\"wp-content\\\/uploads\\\/2022\\\/09\\\/logosbeneficaireserasmusright_lt_0-1.jpg\",\"position\":\"relative\",\"position_right\":\"-40\",\"maxwidth\":\"large\",\"position_bottom\":\"-30\"}}]},{\"type\":\"column\",\"props\":{\"position_sticky_breakpoint\":\"m\",\"image_position\":\"center-center\",\"media_overlay_gradient\":\"\",\"width_medium\":\"1-2\"},\"children\":[{\"type\":\"image\",\"props\":{\"margin\":\"default\",\"image_svg_color\":\"emphasis\",\"image\":\"wp-content\\\/uploads\\\/2022\\\/09\\\/SEPIE_erasmus_plus.gif\"}}]}]},{\"type\":\"row\",\"children\":[{\"type\":\"column\",\"props\":{\"position_sticky_breakpoint\":\"m\",\"image_position\":\"center-center\",\"media_overlay_gradient\":\"\"},\"children\":[{\"type\":\"headline\",\"props\":{\"title_element\":\"h1\",\"content\":\"\n\n<p class=\\\"_04xlpA direction-ltr align-center para-style-body\\\" style=\\\"text-align: center;\\\"><span class=\\\"JsGRdQ\\\">KA220-HED - Cooperation partnerships in higher education<\\\/span><\\\/p>\\n\n\n<p class=\\\"_04xlpA direction-ltr align-center para-style-body\\\" style=\\\"text-align: center;\\\"><span class=\\\"JsGRdQ\\\">2021-1-ES01-KA220-HED-000032075<\\\/span><\\\/p>\",\"title_style\":\"h3\",\"title_color\":\"muted\"}}]}]}],\"name\":\"footer lt 3\"}],\"version\":\"2.7.22\"} --><\/p>\n","protected":false},"excerpt":{"rendered":"<p>E-mokymosi kursas E-mokymosi kursas bus skirtas auk\u0161t\u0173j\u0173 mokykl\u0173 studentams, ugdyti j\u0173 \u017eiedin\u0117s ekonomikos praktikos \u012fg\u016bd\u017eius, daugiausia d\u0117mesio skiriant pluo\u0161tiniams kompozitams ir techninei tekstilei. Kursas bus modulinis, pagr\u012fstas mokymosi rezultatais ir kompetencijomis, ir bus baigiamas savaranki\u0161kai. Ji truks 1 semestr\u0105 ir papildys pagrindines student\u0173 studijas. Nepaisant to, kurs\u0105 gal\u0117s lankyti ir kiti suinteresuoti asmenys i\u0161 tekstil\u0117s [&hellip;]<\/p>\n","protected":false},"author":1,"featured_media":0,"parent":0,"menu_order":6,"comment_status":"open","ping_status":"open","template":"","meta":[],"acf":[],"_links":{"self":[{"href":"https:\/\/circutex.eu\/lt\/wp-json\/wp\/v2\/pages\/2439"}],"collection":[{"href":"https:\/\/circutex.eu\/lt\/wp-json\/wp\/v2\/pages"}],"about":[{"href":"https:\/\/circutex.eu\/lt\/wp-json\/wp\/v2\/types\/page"}],"author":[{"embeddable":true,"href":"https:\/\/circutex.eu\/lt\/wp-json\/wp\/v2\/users\/1"}],"replies":[{"embeddable":true,"href":"https:\/\/circutex.eu\/lt\/wp-json\/wp\/v2\/comments?post=2439"}],"version-history":[{"count":6,"href":"https:\/\/circutex.eu\/lt\/wp-json\/wp\/v2\/pages\/2439\/revisions"}],"predecessor-version":[{"id":3031,"href":"https:\/\/circutex.eu\/lt\/wp-json\/wp\/v2\/pages\/2439\/revisions\/3031"}],"wp:attachment":[{"href":"https:\/\/circutex.eu\/lt\/wp-json\/wp\/v2\/media?parent=2439"}],"curies":[{"name":"wp","href":"https:\/\/api.w.org\/{rel}","templated":true}]}}