{"id":2443,"date":"2022-08-31T12:08:25","date_gmt":"2022-08-31T12:08:25","guid":{"rendered":"https:\/\/circutex.eu\/?page_id=2443"},"modified":"2024-04-10T13:50:10","modified_gmt":"2024-04-10T13:50:10","slug":"laboratory","status":"publish","type":"page","link":"https:\/\/circutex.eu\/lt\/laboratory\/","title":{"rendered":"LABORATORIJA"},"content":{"rendered":"<p><img decoding=\"async\" src=\"\/wp-content\/uploads\/2022\/08\/close-up-of-a-microscope-for-studying-laboratory-m-2022-03-08-05-27-29-utc-scaled.jpg\" alt=\"\"><\/p>\n<h1>VIRTUALI LABORATORIJA<\/h1>\n<div>\n<h3 class=\"_04xlpA direction-ltr align-start para-style-body\">Bus sukurta virtuali laboratorija, kuri bus \u012ftraukta \u012f e-mokymosi kurs\u0105. Per virtuali\u0105 laboratorij\u0105 e-mokymosi kurso dalyviai gal\u0117s i\u0161bandyti ir pritaikyti eksperimentus, susijusius su pluo\u0161tini\u0173 kompozit\u0173 ir technin\u0117s tekstil\u0117s \u017eiedine ekonomika.<\/h3>\n<h3 class=\"_04xlpA direction-ltr align-start para-style-body\">\u0160ie eksperimentai bus mokymosi proceso ir vertinimo dalis. Laboratorijoje bus virtual\u016bs \u201eskaitmeniniai dvyniai\u201c i\u0161 tikrosios laboratorijos \u012frangos, patobulintos 3D vaizdais ir virtualiu judesiu. Studentai gal\u0117s prisijungti prie virtualios laboratorijos internetu per savo mobiliuosius \u012frenginius.<\/h3>\n<h3 class=\"_04xlpA direction-ltr align-start para-style-body\">Be to, partneri\u0173 auk\u0161tosiose mokyklose bus organizuojami seminarai, kuriuose studentai tur\u0117s galimyb\u0119 patekti \u012f virtualias laboratorijas, naudodamiesi virtualios realyb\u0117s \u012franga.<\/h3>\n<\/div>\n<p>\n    <a href=\"https:\/\/www.meta.com\/experiences\/8448051588603239\/?ranking_trace=0_8448051588603239_QUESTSEARCH_4ce16685-2e15-4316-a589-ee959c311eb7&#038;utm_source=e-trainingcentre.gr&#038;utm_medium=oculusredirect\">Enter<\/a>\n<\/p>\n<div>\n<p>    <iframe loading=\"lazy\" width=\"1200\" height=\"415\" src=\"https:\/\/www.youtube.com\/embed\/o-xgxOzAs_g?si=-x74C67TZBIfahyB\" title=\"YouTube video player\" frameborder=\"0\" allow=\"accelerometer; autoplay; clipboard-write; encrypted-media; gyroscope; picture-in-picture; web-share\" referrerpolicy=\"strict-origin-when-cross-origin\" allowfullscreen><\/iframe>\n<\/div>\n<div>\n<p class=\"_04xlpA direction-ltr align-justify para-style-body\"><span class=\"JsGRdQ\">CircuTex<\/span><\/p>\n<p class=\"_04xlpA direction-ltr align-justify para-style-body\">Erasmus+ projekt\u0105, kuriuo siekiama stiprinti auk\u0161t\u0173j\u0173 mokykl\u0173 student\u0173 ir d\u0117stytoj\u0173 tvarumo kompetencijas pluo\u0161tini\u0173 kompozit\u0173 ir technin\u0117s tekstil\u0117s sektoriuje.<\/p>\n<\/div>\n<div>\n<p>Finansuojama Europos S\u0105jungos l\u0117\u0161omis. Ta\u010diau i\u0161rei\u0161kiamas po\u017ei\u016bris ar nuomon\u0117 yra tik autoriaus (-i\u0173) ir neb\u016btinai atspindi Europos S\u0105jungos ar Europos \u0161vietimo ir kult\u016bros vykdomosios \u012fstaigos (EACEA) po\u017ei\u016br\u012f ar nuomon\u0119. Nei Europos S\u0105junga, nei EACEA negali b\u016bti laikoma u\u017e juos atsakinga.<\/p>\n<\/div>\n<p><img decoding=\"async\" src=\"\/wp-content\/uploads\/2022\/09\/logosbeneficaireserasmusright_lt_0-1.jpg\" alt=\"\"><br \/>\n<img decoding=\"async\" src=\"\/wp-content\/uploads\/2022\/09\/SEPIE_erasmus_plus.gif\" alt=\"\"><\/p>\n<h1>\n<p class=\"_04xlpA direction-ltr align-center para-style-body\" style=\"text-align: center;\"><span class=\"JsGRdQ\">KA220-HED &#8211; Cooperation partnerships in higher education<\/span><\/p>\n<p class=\"_04xlpA direction-ltr align-center para-style-body\" style=\"text-align: center;\"><span class=\"JsGRdQ\">2021-1-ES01-KA220-HED-000032075<\/span><\/p>\n<\/h1>\n<p><!--more--><br \/>\n<!-- {\"type\":\"layout\",\"children\":[{\"type\":\"section\",\"props\":{\"style\":\"default\",\"width\":\"default\",\"vertical_align\":\"middle\",\"title_position\":\"top-left\",\"title_rotation\":\"left\",\"title_breakpoint\":\"xl\",\"image_position\":\"center-center\"},\"children\":[{\"type\":\"row\",\"children\":[{\"type\":\"column\",\"props\":{\"position_sticky_breakpoint\":\"m\",\"image_position\":\"center-center\",\"media_overlay_gradient\":\"\"},\"children\":[]}]},{\"type\":\"row\",\"props\":{\"layout\":\"1-2,1-2\"},\"children\":[{\"type\":\"column\",\"props\":{\"position_sticky_breakpoint\":\"m\",\"image_position\":\"center-center\",\"media_overlay_gradient\":\"\",\"width_medium\":\"1-2\",\"width_large\":\"1-4\"},\"children\":[{\"type\":\"image\",\"props\":{\"margin\":\"default\",\"image_svg_color\":\"emphasis\",\"image\":\"wp-content\\\/uploads\\\/2022\\\/08\\\/close-up-of-a-microscope-for-studying-laboratory-m-2022-03-08-05-27-29-utc-scaled.jpg\"}}]},{\"type\":\"column\",\"props\":{\"position_sticky_breakpoint\":\"m\",\"image_position\":\"top-center\",\"media_overlay_gradient\":\"\",\"width_medium\":\"1-2\",\"image\":\"wp-content\\\/uploads\\\/2022\\\/09\\\/Screenshot_495.png\",\"image_height\":\"640\",\"image_size\":\"height-1-1\"},\"children\":[{\"type\":\"headline\",\"props\":{\"title_element\":\"h1\",\"content\":\"VIRTUALI LABORATORIJA\",\"title_color\":\"emphasis\",\"position\":\"relative\",\"position_bottom\":\"50\"}},{\"type\":\"text\",\"props\":{\"margin\":\"default\",\"column_breakpoint\":\"m\",\"content\":\"\n\n<h3 class=\\\"_04xlpA direction-ltr align-start para-style-body\\\">Bus sukurta virtuali laboratorija, kuri bus \\u012ftraukta \\u012f e-mokymosi kurs\\u0105. Per virtuali\\u0105 laboratorij\\u0105 e-mokymosi kurso dalyviai gal\\u0117s i\\u0161bandyti ir pritaikyti eksperimentus, susijusius su pluo\\u0161tini\\u0173 kompozit\\u0173 ir technin\\u0117s tekstil\\u0117s \\u017eiedine ekonomika.<\\\/h3>\\n\n\n<h3 class=\\\"_04xlpA direction-ltr align-start para-style-body\\\">\\u0160ie eksperimentai bus mokymosi proceso ir vertinimo dalis. Laboratorijoje bus virtual\\u016bs \\u201eskaitmeniniai dvyniai\\u201c i\\u0161 tikrosios laboratorijos \\u012frangos, patobulintos 3D vaizdais ir virtualiu judesiu. Studentai gal\\u0117s prisijungti prie virtualios laboratorijos internetu per savo mobiliuosius \\u012frenginius.<\\\/h3>\\n\n\n<h3 class=\\\"_04xlpA direction-ltr align-start para-style-body\\\">Be to, partneri\\u0173 auk\\u0161tosiose mokyklose bus organizuojami seminarai, kuriuose studentai tur\\u0117s galimyb\\u0119 patekti \\u012f virtualias laboratorijas, naudodamiesi virtualios realyb\\u0117s \\u012franga.<\\\/h3>\",\"text_style\":\"lead\",\"position\":\"relative\",\"position_bottom\":\"40\"}},{\"type\":\"button\",\"props\":{\"grid_column_gap\":\"small\",\"grid_row_gap\":\"small\",\"margin\":\"default\"},\"children\":[{\"type\":\"button_item\",\"props\":{\"button_style\":\"default\",\"icon_align\":\"left\",\"content\":\"Enter\",\"link\":\"https:\\\/\\\/www.meta.com\\\/experiences\\\/8448051588603239\\\/?ranking_trace=0_8448051588603239_QUESTSEARCH_4ce16685-2e15-4316-a589-ee959c311eb7&utm_source=e-trainingcentre.gr&utm_medium=oculusredirect\"}}],\"name\":\"lab\"}]}]}]},{\"type\":\"section\",\"props\":{\"style\":\"default\",\"width\":\"default\",\"vertical_align\":\"middle\",\"title_position\":\"top-left\",\"title_rotation\":\"left\",\"title_breakpoint\":\"xl\",\"image_position\":\"center-center\"},\"children\":[{\"type\":\"row\",\"children\":[{\"type\":\"column\",\"props\":{\"position_sticky_breakpoint\":\"m\",\"image_position\":\"center-center\",\"media_overlay_gradient\":\"\"},\"children\":[{\"type\":\"html\",\"props\":{\"content\":\"<iframe width=\\\"1200\\\" height=\\\"415\\\" src=\\\"https:\\\/\\\/www.youtube.com\\\/embed\\\/o-xgxOzAs_g?si=-x74C67TZBIfahyB\\\" title=\\\"YouTube video player\\\" frameborder=\\\"0\\\" allow=\\\"accelerometer; autoplay; clipboard-write; encrypted-media; gyroscope; picture-in-picture; web-share\\\" referrerpolicy=\\\"strict-origin-when-cross-origin\\\" allowfullscreen><\\\/iframe>\"}}]}]}]},{\"type\":\"section\",\"props\":{\"style\":\"default\",\"width\":\"default\",\"vertical_align\":\"middle\",\"title_position\":\"top-left\",\"title_rotation\":\"left\",\"title_breakpoint\":\"xl\",\"image_position\":\"center-center\",\"image\":\"wp-content\\\/uploads\\\/2022\\\/08\\\/06-scaled.jpg\"},\"children\":[{\"type\":\"row\",\"props\":{\"layout\":\"1-2,1-2\"},\"children\":[{\"type\":\"column\",\"props\":{\"position_sticky_breakpoint\":\"m\",\"image_position\":\"center-center\",\"media_overlay_gradient\":\"\",\"width_medium\":\"1-2\"},\"children\":[{\"type\":\"text\",\"props\":{\"margin\":\"default\",\"column_breakpoint\":\"m\",\"content\":\"\n\n<p class=\\\"_04xlpA direction-ltr align-justify para-style-body\\\"><span class=\\\"JsGRdQ\\\">CircuTex<\\\/span><\\\/p>\\n\n\n<p class=\\\"_04xlpA direction-ltr align-justify para-style-body\\\">Erasmus+ projekt\\u0105, kuriuo siekiama stiprinti auk\\u0161t\\u0173j\\u0173 mokykl\\u0173 student\\u0173 ir d\\u0117stytoj\\u0173 tvarumo kompetencijas pluo\\u0161tini\\u0173 kompozit\\u0173 ir technin\\u0117s tekstil\\u0117s sektoriuje.<\\\/p>\",\"text_style\":\"lead\",\"text_color\":\"muted\"}}]},{\"type\":\"column\",\"props\":{\"position_sticky_breakpoint\":\"m\",\"image_position\":\"center-center\",\"media_overlay_gradient\":\"\",\"width_medium\":\"1-2\"},\"children\":[{\"type\":\"text\",\"props\":{\"margin\":\"default\",\"column_breakpoint\":\"m\",\"content\":\"\n\n<p>Finansuojama Europos S\\u0105jungos l\\u0117\\u0161omis. Ta\\u010diau i\\u0161rei\\u0161kiamas po\\u017ei\\u016bris ar nuomon\\u0117 yra tik autoriaus (-i\\u0173) ir neb\\u016btinai atspindi Europos S\\u0105jungos ar Europos \\u0161vietimo ir kult\\u016bros vykdomosios \\u012fstaigos (EACEA) po\\u017ei\\u016br\\u012f ar nuomon\\u0119. Nei Europos S\\u0105junga, nei EACEA negali b\\u016bti laikoma u\\u017e juos atsakinga.<\\\/p>\",\"text_style\":\"lead\",\"text_color\":\"muted\"}}]}]},{\"type\":\"row\",\"props\":{\"layout\":\"1-2,1-2\"},\"children\":[{\"type\":\"column\",\"props\":{\"position_sticky_breakpoint\":\"m\",\"image_position\":\"center-center\",\"media_overlay_gradient\":\"\",\"width_medium\":\"1-2\"},\"children\":[{\"type\":\"image\",\"props\":{\"margin\":\"default\",\"image_svg_color\":\"emphasis\",\"image\":\"wp-content\\\/uploads\\\/2022\\\/09\\\/logosbeneficaireserasmusright_lt_0-1.jpg\",\"position\":\"relative\",\"position_right\":\"-40\",\"maxwidth\":\"large\",\"position_bottom\":\"-30\"}}]},{\"type\":\"column\",\"props\":{\"position_sticky_breakpoint\":\"m\",\"image_position\":\"center-center\",\"media_overlay_gradient\":\"\",\"width_medium\":\"1-2\"},\"children\":[{\"type\":\"image\",\"props\":{\"margin\":\"default\",\"image_svg_color\":\"emphasis\",\"image\":\"wp-content\\\/uploads\\\/2022\\\/09\\\/SEPIE_erasmus_plus.gif\"}}]}]},{\"type\":\"row\",\"children\":[{\"type\":\"column\",\"props\":{\"position_sticky_breakpoint\":\"m\",\"image_position\":\"center-center\",\"media_overlay_gradient\":\"\"},\"children\":[{\"type\":\"headline\",\"props\":{\"title_element\":\"h1\",\"content\":\"\n\n<p class=\\\"_04xlpA direction-ltr align-center para-style-body\\\" style=\\\"text-align: center;\\\"><span class=\\\"JsGRdQ\\\">KA220-HED - Cooperation partnerships in higher education<\\\/span><\\\/p>\\n\n\n<p class=\\\"_04xlpA direction-ltr align-center para-style-body\\\" style=\\\"text-align: center;\\\"><span class=\\\"JsGRdQ\\\">2021-1-ES01-KA220-HED-000032075<\\\/span><\\\/p>\",\"title_style\":\"h3\",\"title_color\":\"muted\"}}]}]}],\"name\":\"footer lt 3\"}],\"version\":\"2.7.22\"} --><\/p>\n","protected":false},"excerpt":{"rendered":"<p>VIRTUALI LABORATORIJA Bus sukurta virtuali laboratorija, kuri bus \u012ftraukta \u012f e-mokymosi kurs\u0105. Per virtuali\u0105 laboratorij\u0105 e-mokymosi kurso dalyviai gal\u0117s i\u0161bandyti ir pritaikyti eksperimentus, susijusius su pluo\u0161tini\u0173 kompozit\u0173 ir technin\u0117s tekstil\u0117s \u017eiedine ekonomika. \u0160ie eksperimentai bus mokymosi proceso ir vertinimo dalis. Laboratorijoje bus virtual\u016bs \u201eskaitmeniniai dvyniai\u201c i\u0161 tikrosios laboratorijos \u012frangos, patobulintos 3D vaizdais ir virtualiu judesiu. [&hellip;]<\/p>\n","protected":false},"author":1,"featured_media":0,"parent":0,"menu_order":6,"comment_status":"open","ping_status":"open","template":"","meta":[],"acf":[],"_links":{"self":[{"href":"https:\/\/circutex.eu\/lt\/wp-json\/wp\/v2\/pages\/2443"}],"collection":[{"href":"https:\/\/circutex.eu\/lt\/wp-json\/wp\/v2\/pages"}],"about":[{"href":"https:\/\/circutex.eu\/lt\/wp-json\/wp\/v2\/types\/page"}],"author":[{"embeddable":true,"href":"https:\/\/circutex.eu\/lt\/wp-json\/wp\/v2\/users\/1"}],"replies":[{"embeddable":true,"href":"https:\/\/circutex.eu\/lt\/wp-json\/wp\/v2\/comments?post=2443"}],"version-history":[{"count":8,"href":"https:\/\/circutex.eu\/lt\/wp-json\/wp\/v2\/pages\/2443\/revisions"}],"predecessor-version":[{"id":3240,"href":"https:\/\/circutex.eu\/lt\/wp-json\/wp\/v2\/pages\/2443\/revisions\/3240"}],"wp:attachment":[{"href":"https:\/\/circutex.eu\/lt\/wp-json\/wp\/v2\/media?parent=2443"}],"curies":[{"name":"wp","href":"https:\/\/api.w.org\/{rel}","templated":true}]}}