{"id":2448,"date":"2022-08-31T12:12:18","date_gmt":"2022-08-31T12:12:18","guid":{"rendered":"https:\/\/circutex.eu\/?page_id=2448"},"modified":"2024-03-11T13:40:11","modified_gmt":"2024-03-11T13:40:11","slug":"roadmap","status":"publish","type":"page","link":"https:\/\/circutex.eu\/lt\/roadmap\/","title":{"rendered":"PLANAS"},"content":{"rendered":"<p><img decoding=\"async\" src=\"\/wp-content\/uploads\/2022\/08\/man-working-in-an-office-background-2021-08-29-09-10-27-utc-scaled.jpg\" alt=\"\"><\/p>\n<h1>MIKROKREDENCIAL\u0172 PLANAS<\/h1>\n<div>\n<h3 class=\"_04xlpA direction-ltr align-start para-style-body\">\u0160is rezultatas pad\u0117s parengti rekomendacijas d\u0117l mikrokredencial\u0173 taikymo partneri\u0173 auk\u0161tosiose mokyklose.<\/h3>\n<h3 class=\"_04xlpA direction-ltr align-start para-style-body\">Partneriai ketina sukurti e-mokymosi kurso kokyb\u0117s u\u017etikrinimo sistem\u0105 ir ECTS ta\u0161k\u0173 taikymo kursui metodik\u0105. Partneriai imsis veiksm\u0173, kad patvirtint\u0173 kurs\u0105 ir i\u0161duot\u0173 skaitmeninius sertifikatus, kurie gali b\u016bti \u012ftraukti \u012f nauj\u0105j\u012f Europos skaitmenin\u012f format\u0105 \u201eEuropass Digital Credentials.<\/h3>\n<\/div>\n<div>\n<p>Download PDF: <a href=\"https:\/\/circutex.eu\/wp-content\/uploads\/2024\/03\/CircuText_3_A4_Roadmap-in-validation.pdf\"><span lang=\"EN-US\">Roadmap for the validation and accreditation of micro-credential<\/span><\/a><\/p>\n<p>Download PDF: <a href=\"https:\/\/circutex.eu\/wp-content\/uploads\/2024\/03\/CircuText_3_A5_Recommendations-to-policymakers-FINAL.pdf\"><span lang=\"EN-US\">Recommendations for policy makers<\/span><\/a><\/p>\n<\/div>\n<div>\n<p class=\"_04xlpA direction-ltr align-justify para-style-body\"><span class=\"JsGRdQ\">CircuTex<\/span><\/p>\n<p class=\"_04xlpA direction-ltr align-justify para-style-body\">Erasmus+ projekt\u0105, kuriuo siekiama stiprinti auk\u0161t\u0173j\u0173 mokykl\u0173 student\u0173 ir d\u0117stytoj\u0173 tvarumo kompetencijas pluo\u0161tini\u0173 kompozit\u0173 ir technin\u0117s tekstil\u0117s sektoriuje.<\/p>\n<\/div>\n<div>\n<p>Finansuojama Europos S\u0105jungos l\u0117\u0161omis. Ta\u010diau i\u0161rei\u0161kiamas po\u017ei\u016bris ar nuomon\u0117 yra tik autoriaus (-i\u0173) ir neb\u016btinai atspindi Europos S\u0105jungos ar Europos \u0161vietimo ir kult\u016bros vykdomosios \u012fstaigos (EACEA) po\u017ei\u016br\u012f ar nuomon\u0119. Nei Europos S\u0105junga, nei EACEA negali b\u016bti laikoma u\u017e juos atsakinga.<\/p>\n<\/div>\n<p><img decoding=\"async\" src=\"\/wp-content\/uploads\/2022\/09\/logosbeneficaireserasmusright_lt_0-1.jpg\" alt=\"\"><br \/>\n<img decoding=\"async\" src=\"\/wp-content\/uploads\/2022\/09\/SEPIE_erasmus_plus.gif\" alt=\"\"><\/p>\n<h1>\n<p class=\"_04xlpA direction-ltr align-center para-style-body\" style=\"text-align: center;\"><span class=\"JsGRdQ\">KA220-HED &#8211; Cooperation partnerships in higher education<\/span><\/p>\n<p class=\"_04xlpA direction-ltr align-center para-style-body\" style=\"text-align: center;\"><span class=\"JsGRdQ\">2021-1-ES01-KA220-HED-000032075<\/span><\/p>\n<\/h1>\n<p><!--more--><br \/>\n<!-- {\"type\":\"layout\",\"children\":[{\"type\":\"section\",\"props\":{\"style\":\"default\",\"width\":\"default\",\"vertical_align\":\"middle\",\"title_position\":\"top-left\",\"title_rotation\":\"left\",\"title_breakpoint\":\"xl\",\"image_position\":\"center-center\",\"width_expand\":\"right\"},\"children\":[{\"type\":\"row\",\"props\":{\"layout\":\"1-2,1-2\"},\"children\":[{\"type\":\"column\",\"props\":{\"position_sticky_breakpoint\":\"m\",\"image_position\":\"center-center\",\"media_overlay_gradient\":\"\",\"width_medium\":\"1-2\",\"width_large\":\"1-4\"},\"children\":[{\"type\":\"image\",\"props\":{\"margin\":\"default\",\"image_svg_color\":\"emphasis\",\"image\":\"wp-content\\\/uploads\\\/2022\\\/08\\\/man-working-in-an-office-background-2021-08-29-09-10-27-utc-scaled.jpg\",\"position\":\"relative\",\"position_left\":\"0\"}}]},{\"type\":\"column\",\"props\":{\"position_sticky_breakpoint\":\"m\",\"image_position\":\"top-center\",\"media_overlay_gradient\":\"\",\"width_medium\":\"1-2\",\"image\":\"wp-content\\\/uploads\\\/2022\\\/09\\\/Screenshot_495.png\",\"image_height\":\"450\"},\"children\":[{\"type\":\"headline\",\"props\":{\"title_element\":\"h1\",\"content\":\"MIKROKREDENCIAL\\u0172 PLANAS\",\"title_style\":\"h2\",\"title_color\":\"emphasis\",\"position\":\"relative\",\"position_bottom\":\"50\",\"position_left\":\"0\"}},{\"type\":\"text\",\"props\":{\"margin\":\"default\",\"column_breakpoint\":\"m\",\"content\":\"\n\n<h3 class=\\\"_04xlpA direction-ltr align-start para-style-body\\\">\\u0160is rezultatas pad\\u0117s parengti rekomendacijas d\\u0117l mikrokredencial\\u0173 taikymo partneri\\u0173 auk\\u0161tosiose mokyklose.<\\\/h3>\\n\n\n<h3 class=\\\"_04xlpA direction-ltr align-start para-style-body\\\">Partneriai ketina sukurti e-mokymosi kurso kokyb\\u0117s u\\u017etikrinimo sistem\\u0105 ir ECTS ta\\u0161k\\u0173 taikymo kursui metodik\\u0105. Partneriai imsis veiksm\\u0173, kad patvirtint\\u0173 kurs\\u0105 ir i\\u0161duot\\u0173 skaitmeninius sertifikatus, kurie gali b\\u016bti \\u012ftraukti \\u012f nauj\\u0105j\\u012f Europos skaitmenin\\u012f format\\u0105 \\u201eEuropass Digital Credentials.<\\\/h3>\",\"text_style\":\"lead\",\"position\":\"relative\",\"position_bottom\":\"60\"}},{\"type\":\"text\",\"props\":{\"margin\":\"default\",\"column_breakpoint\":\"m\",\"content\":\"\n\n<p><\\\/p>\\n\n\n<p>Download PDF: <a href=\\\"https:\\\/\\\/circutex.eu\\\/wp-content\\\/uploads\\\/2024\\\/03\\\/CircuText_3_A4_Roadmap-in-validation.pdf\\\"><span lang=\\\"EN-US\\\">Roadmap for the validation and accreditation of micro-credential<\\\/span><\\\/a><\\\/p>\\n\n\n<p>Download PDF: <a href=\\\"https:\\\/\\\/circutex.eu\\\/wp-content\\\/uploads\\\/2024\\\/03\\\/CircuText_3_A5_Recommendations-to-policymakers-FINAL.pdf\\\"><span lang=\\\"EN-US\\\">Recommendations for policy makers<\\\/span><\\\/a><\\\/p>\",\"text_style\":\"lead\",\"position\":\"relative\",\"position_bottom\":\"60\"},\"name\":\"text\"}]}]}]},{\"type\":\"section\",\"props\":{\"style\":\"default\",\"width\":\"default\",\"vertical_align\":\"middle\",\"title_position\":\"top-left\",\"title_rotation\":\"left\",\"title_breakpoint\":\"xl\",\"image_position\":\"center-center\",\"image\":\"wp-content\\\/uploads\\\/2022\\\/08\\\/06-scaled.jpg\"},\"children\":[{\"type\":\"row\",\"props\":{\"layout\":\"1-2,1-2\"},\"children\":[{\"type\":\"column\",\"props\":{\"position_sticky_breakpoint\":\"m\",\"image_position\":\"center-center\",\"media_overlay_gradient\":\"\",\"width_medium\":\"1-2\"},\"children\":[{\"type\":\"text\",\"props\":{\"margin\":\"default\",\"column_breakpoint\":\"m\",\"content\":\"\n\n<p class=\\\"_04xlpA direction-ltr align-justify para-style-body\\\"><span class=\\\"JsGRdQ\\\">CircuTex<\\\/span><\\\/p>\\n\n\n<p class=\\\"_04xlpA direction-ltr align-justify para-style-body\\\">Erasmus+ projekt\\u0105, kuriuo siekiama stiprinti auk\\u0161t\\u0173j\\u0173 mokykl\\u0173 student\\u0173 ir d\\u0117stytoj\\u0173 tvarumo kompetencijas pluo\\u0161tini\\u0173 kompozit\\u0173 ir technin\\u0117s tekstil\\u0117s sektoriuje.<\\\/p>\",\"text_style\":\"lead\",\"text_color\":\"muted\"}}]},{\"type\":\"column\",\"props\":{\"position_sticky_breakpoint\":\"m\",\"image_position\":\"center-center\",\"media_overlay_gradient\":\"\",\"width_medium\":\"1-2\"},\"children\":[{\"type\":\"text\",\"props\":{\"margin\":\"default\",\"column_breakpoint\":\"m\",\"content\":\"\n\n<p>Finansuojama Europos S\\u0105jungos l\\u0117\\u0161omis. Ta\\u010diau i\\u0161rei\\u0161kiamas po\\u017ei\\u016bris ar nuomon\\u0117 yra tik autoriaus (-i\\u0173) ir neb\\u016btinai atspindi Europos S\\u0105jungos ar Europos \\u0161vietimo ir kult\\u016bros vykdomosios \\u012fstaigos (EACEA) po\\u017ei\\u016br\\u012f ar nuomon\\u0119. Nei Europos S\\u0105junga, nei EACEA negali b\\u016bti laikoma u\\u017e juos atsakinga.<\\\/p>\",\"text_style\":\"lead\",\"text_color\":\"muted\"}}]}]},{\"type\":\"row\",\"props\":{\"layout\":\"1-2,1-2\"},\"children\":[{\"type\":\"column\",\"props\":{\"position_sticky_breakpoint\":\"m\",\"image_position\":\"center-center\",\"media_overlay_gradient\":\"\",\"width_medium\":\"1-2\"},\"children\":[{\"type\":\"image\",\"props\":{\"margin\":\"default\",\"image_svg_color\":\"emphasis\",\"image\":\"wp-content\\\/uploads\\\/2022\\\/09\\\/logosbeneficaireserasmusright_lt_0-1.jpg\",\"position\":\"relative\",\"position_right\":\"-40\",\"maxwidth\":\"large\",\"position_bottom\":\"-30\"}}]},{\"type\":\"column\",\"props\":{\"position_sticky_breakpoint\":\"m\",\"image_position\":\"center-center\",\"media_overlay_gradient\":\"\",\"width_medium\":\"1-2\"},\"children\":[{\"type\":\"image\",\"props\":{\"margin\":\"default\",\"image_svg_color\":\"emphasis\",\"image\":\"wp-content\\\/uploads\\\/2022\\\/09\\\/SEPIE_erasmus_plus.gif\"}}]}]},{\"type\":\"row\",\"children\":[{\"type\":\"column\",\"props\":{\"position_sticky_breakpoint\":\"m\",\"image_position\":\"center-center\",\"media_overlay_gradient\":\"\"},\"children\":[{\"type\":\"headline\",\"props\":{\"title_element\":\"h1\",\"content\":\"\n\n<p class=\\\"_04xlpA direction-ltr align-center para-style-body\\\" style=\\\"text-align: center;\\\"><span class=\\\"JsGRdQ\\\">KA220-HED - Cooperation partnerships in higher education<\\\/span><\\\/p>\\n\n\n<p class=\\\"_04xlpA direction-ltr align-center para-style-body\\\" style=\\\"text-align: center;\\\"><span class=\\\"JsGRdQ\\\">2021-1-ES01-KA220-HED-000032075<\\\/span><\\\/p>\",\"title_style\":\"h3\",\"title_color\":\"muted\"}}]}]}],\"name\":\"footer lt 3\"}],\"version\":\"2.7.22\"} --><\/p>\n","protected":false},"excerpt":{"rendered":"<p>MIKROKREDENCIAL\u0172 PLANAS \u0160is rezultatas pad\u0117s parengti rekomendacijas d\u0117l mikrokredencial\u0173 taikymo partneri\u0173 auk\u0161tosiose mokyklose. Partneriai ketina sukurti e-mokymosi kurso kokyb\u0117s u\u017etikrinimo sistem\u0105 ir ECTS ta\u0161k\u0173 taikymo kursui metodik\u0105. Partneriai imsis veiksm\u0173, kad patvirtint\u0173 kurs\u0105 ir i\u0161duot\u0173 skaitmeninius sertifikatus, kurie gali b\u016bti \u012ftraukti \u012f nauj\u0105j\u012f Europos skaitmenin\u012f format\u0105 \u201eEuropass Digital Credentials. Download PDF: Roadmap for the validation [&hellip;]<\/p>\n","protected":false},"author":1,"featured_media":0,"parent":0,"menu_order":6,"comment_status":"open","ping_status":"open","template":"","meta":[],"acf":[],"_links":{"self":[{"href":"https:\/\/circutex.eu\/lt\/wp-json\/wp\/v2\/pages\/2448"}],"collection":[{"href":"https:\/\/circutex.eu\/lt\/wp-json\/wp\/v2\/pages"}],"about":[{"href":"https:\/\/circutex.eu\/lt\/wp-json\/wp\/v2\/types\/page"}],"author":[{"embeddable":true,"href":"https:\/\/circutex.eu\/lt\/wp-json\/wp\/v2\/users\/1"}],"replies":[{"embeddable":true,"href":"https:\/\/circutex.eu\/lt\/wp-json\/wp\/v2\/comments?post=2448"}],"version-history":[{"count":7,"href":"https:\/\/circutex.eu\/lt\/wp-json\/wp\/v2\/pages\/2448\/revisions"}],"predecessor-version":[{"id":3106,"href":"https:\/\/circutex.eu\/lt\/wp-json\/wp\/v2\/pages\/2448\/revisions\/3106"}],"wp:attachment":[{"href":"https:\/\/circutex.eu\/lt\/wp-json\/wp\/v2\/media?parent=2448"}],"curies":[{"name":"wp","href":"https:\/\/api.w.org\/{rel}","templated":true}]}}