{"id":2453,"date":"2022-07-27T13:24:08","date_gmt":"2022-07-27T13:24:08","guid":{"rendered":"https:\/\/circutex.eu\/?page_id=2453"},"modified":"2022-10-06T12:51:21","modified_gmt":"2022-10-06T12:51:21","slug":"partners","status":"publish","type":"page","link":"https:\/\/circutex.eu\/lt\/partners\/","title":{"rendered":"PARTNERIAI"},"content":{"rendered":"<h1>PARTNERIAI<\/h1>\n<ul>\n<li>\n<p>        <img decoding=\"async\" src=\"\/wp-content\/uploads\/2022\/07\/image.png\" alt=\"\"><\/p>\n<h3>UNIVERSITAT POLITECNICA DE VALENCIA<\/h3>\n<div>\n<p>Valensijos technikos universitetas yra vie\u0161oji auk\u0161tojo mokslo institucija, aktyviai dalyvaujanti tarptautinio bendradarbiavimo ir mobilumo projektuose. UPV studijuoja beveik 30 000 student\u0173 ir dirba daugiau nei 4 000 \u017emoni\u0173 (d\u0117stytoj\u0173, tyr\u0117j\u0173 ir administracinio personalo). Tai pirmasis technologinis universitetas Ispanijoje pagal tarptautinius reitingus (pvz., Shanghai Ranking of World Universities).<\/p>\n<p>Projekte dalyvauja dvi vyriausybin\u0117s grup\u0117s:<\/p>\n<p>&#8211; dinami\u0161ka Tekstil\u0117s katedros mokslini\u0173 tyrim\u0173 grup\u0117 GIITEX, pristatanti svarbias \u017einias tekstil\u0117s ir kompozit\u0173 srityse. Ji orientuota \u012f mikrokapsules, i\u0161mani\u0105j\u0105 tekstil\u0119, biomed\u017eiagas ir naujas technologijas bei orientuota \u012f tekstil\u0117s \u012fmoni\u0173 konsultavim\u0105 ar bendradarbiavim\u0105 siekiant pagerinti j\u0173 konkurencingum\u0105 diegiant naujus procesus ar kuriant naujus produktus.<\/p>\n<p>&#8211; VERTEX LIT, UPV tyrim\u0173 grup\u0117, orientuota \u012f HCI (\u017emogaus ir kompiuterio s\u0105veikos) technologijas. Daugiausia specializuojasi pa\u017eangiausi\u0173 interaktyvi\u0173 sprendim\u0173, virtualios realyb\u0117s, papildytosios realyb\u0117s ir t.t. bei naujausi\u0173 dirbtinio intelekto (AI) sprendim\u0173 naudojimo, siekiant pagerinti HCI, srityse.<\/p>\n<p>Tinklalapis: <a href=\"http:\/\/www.upv.es\" target=\"_blank\" rel=\"noopener\">www.upv.es<\/a><\/p>\n<\/div>\n<\/li>\n<li>\n<p>        <img decoding=\"async\" src=\"\/wp-content\/uploads\/2022\/09\/%CE%B1%CF%81%CF%87%CE%B5%CE%AF%CE%BF-%CE%BB%CE%AE%CF%88%CE%B7%CF%82-3-1.png\" alt=\"\"><\/p>\n<h3>UNIVERSITATEA DIN ORADEA<\/h3>\n<div>\n<p>Orad\u0117jos universitetas teikia i\u0161silavinim\u0105 ir vykdo mokslinius tyrimus pagal auk\u0161t\u0105 kokyb\u0117s standart\u0105 nacionaliniame ir tarptautiniame kontekste asmen\u0173 socialinio, profesinio ir intelektualinio tobul\u0117jimo srityse.<\/p>\n<p>\u0160ias misijas formuoja tokie tikslai, kaip pritraukti studentus i\u0161 viso pasaulio (universitetas u\u017emezg\u0117 tarptautinius ry\u0161ius su 529 institucijomis i\u0161 39 \u0161ali\u0173), kaip pozicionuoti universitet\u0105 tarp geriausi\u0173 \u0161alies ir Europos \u0161vietimo \u012fstaig\u0173 bei perteikti platesnei bendruomenei akademinio i\u0161silavinimo ir mokslini\u0173 tyrim\u0173 pasiekimus apskritai bei \u0161iame universitete atliekam\u0173 tyrim\u0173 reik\u0161m\u0119 ir svarb\u0105 konkre\u010diai.<\/p>\n<p>I\u0161 Orad\u0117jos universiteto projekte dalyvaus dvi katedros:<\/p>\n<p>Tekstil\u0117s, odos ir pramon\u0117s vadybos katedra (DTPMI) ir Geografijos, turizmo ir planavimo katedra. \u0160ie padaliniai yra tiesiogiai susij\u0119 su projekto veikla ir tikslu, suteikiant auk\u0161\u010diausios kokyb\u0117s konkurencing\u0105 auk\u0161t\u0105j\u012f i\u0161silavinim\u0105, tenkinant\u012f \u0161iandienos naujos kartos profesional\u0173 poreik\u012f Rumunijos pramon\u0117je.<\/p>\n<p>Tinklalapis: <a href=\"http:\/\/www.uoradea.ro\" target=\"_blank\" rel=\"noopener\">www.uoradea.ro\u00a0<\/a><\/p>\n<\/div>\n<\/li>\n<li>\n<p>        <img decoding=\"async\" src=\"\/wp-content\/uploads\/2022\/07\/image-2.png\" alt=\"\"><\/p>\n<h3>KAUNO TECHNOLOGIJOS UNIVERSITETAS<\/h3>\n<div>\n<p>Kauno technologijos universitetas yra did\u017eiausias ir seniausias technologij\u0173 universitetas Lietuvoje ir vienas did\u017eiausi\u0173 Baltijos \u0161alyse.<\/p>\n<p>Tai vienas i\u0161kiliausi\u0173 Lietuvos universitet\u0173, u\u017e\u0117m\u0119s lyderio pozicijas daugelyje mokslini\u0173 tyrim\u0173 ir studij\u0173 kryp\u010di\u0173.<\/p>\n<p>Mechanikos in\u017einerijos ir dizaino fakultetas yra vienintelis Lietuvoje, kuriame vyksta tekstil\u0117s studijos.<\/p>\n<p>Pastaruoju metu tyrimai buvo ai\u0161kiai skirti tvarumui ir \u017eiedinei ekonomikai tekstil\u0117s ir mados sektoriuje.<\/p>\n<p>Kasmet sukuriama keletas ES, Lietuvos Vyriausyb\u0117s ar pramon\u0117s \u012fmoni\u0173 finansuojam\u0173 projekt\u0173.<\/p>\n<p>Tinklalapis: <a href=\"http:\/\/www.ktu.edu\" target=\"_blank\" rel=\"noopener\">www.ktu.edu<\/a><\/p>\n<\/div>\n<\/li>\n<li>\n<p>        <img decoding=\"async\" src=\"\/wp-content\/uploads\/2022\/07\/image-1.png\" alt=\"\"><\/p>\n<h3>PANEPISTIMIO DYTIKIS ATTIKIS<\/h3>\n<div>\n<p>Vakar\u0173 Atikos universitetas buvo \u012fsteigtas 2018 m. Tai yra Taikom\u0173j\u0173 moksl\u0173 universiteto ir At\u0117n\u0173 taikom\u0173j\u0173 moksl\u0173 universiteto susijungimo rezultatas. Naujasis universitetas yra tre\u010dias pagal dyd\u012f Graikijoje. Universitetas, pagr\u012fstas ilgomis ir s\u0117kmingomis konstitucini\u0173 institut\u0173 tradicijomis, suteikia auk\u0161to lygio bakalauro ir magistrant\u016bros studijas kartu su intensyvia tyrim\u0173 veikla konkre\u010dioje srityje.<\/p>\n<p>UNIWA palaiko nuolatin\u0119 partneryst\u0119 su kitais vidaus ir u\u017esienio \u0161vietimo ir tyrim\u0173 institutais, siekdama nuolat tobulinti studij\u0173 ir tyrim\u0173 lyg\u012f. UNIWA aktyviai dalyvauja keliose Nacionalin\u0117se ir Europos S\u0105jungos programose, skirtose tarptautiniam bendradarbiavimui, tyrimams ir \u017eini\u0173 sklaidai.<\/p>\n<p>Projekte dalyvauja inovatyvi\u0173 mezgimo technologij\u0173, tekstil\u0117s ir drabu\u017ei\u0173 projektavimo ir tyrimo laboratorija, tai buvusi UNIWA tekstil\u0117s in\u017einerijos padalinio laboratorija (naujas departamento pavadinimas yra pramoninio dizaino ir gamybos in\u017einerija).<\/p>\n<p>Tinklalapis: <a href=\"http:\/\/www.uniwa.gr\" target=\"_blank\" rel=\"noopener\">www.uniwa.gr<\/a><\/p>\n<\/div>\n<\/li>\n<li>\n<p>        <img decoding=\"async\" src=\"\/wp-content\/uploads\/2022\/07\/image-4.png\" alt=\"\"><\/p>\n<h3>IDEC S.A<\/h3>\n<div>\n<p class=\"_04xlpA direction-ltr align-justify para-style-body\">IDEC yra mokymo konsultacij\u0173 \u012fmon\u0117, \u012fsik\u016brusi Pir\u0117juje, Graikijoje. Jos veikl\u0105 sudaro mokymai, vadybos konsultacijos, kokyb\u0117s u\u017etikrinimas, IKT sprendim\u0173 vertinimas ir k\u016brimas tiek priva\u010diam, tiek vie\u0161ajam sektoriui. IDEC pastaruosius 20 met\u0173 aktyviai dirba ES projekt\u0173 srityje. Ji turi ilgamet\u0119 patirt\u012f Europos politikoje, susijusioje su mokymusi vis\u0105 gyvenim\u0105, ypa\u010d EKS, ECVET, Europass, EQAVET, neformaliojo ir savaiminio mokymosi \u012fteisinimo, mokymosi darbo vietoje ir pameistryst\u0117s schem\u0173 bei nacionalini\u0173 \u0161vietimo ir mokymo sistem\u0173 reform\u0173 srityje.<\/p>\n<p class=\"_04xlpA direction-ltr align-justify para-style-body\">IDEC pastaruosius 25 metus aktyviai dirba suaugusi\u0173j\u0173 \u0161vietimo ir ES projekt\u0173 srityje. Atlikdama dvigub\u0105 vaidmen\u012f \u2013 tiek \u0161vietimo teik\u0117jo, tiek vadybos konsultacij\u0173 bendrov\u0117s \u2013 IDEC sugeb\u0117jo \u012ftraukti geriausi\u0105 verslo sektoriaus praktik\u0105 \u012f \u0161vietimo sistem\u0105, pritaikydama jas atviro, tvaraus ir visiems prieinamo \u0161vietimo dvasiai.<\/p>\n<p>Tinklalapis: <a href=\"http:\/\/www.idec.gr\" target=\"_blank\" rel=\"noopener\">www.idec.gr<\/a><\/p>\n<\/div>\n<\/li>\n<\/ul>\n<div>\n<p class=\"_04xlpA direction-ltr align-justify para-style-body\"><span class=\"JsGRdQ\">CircuTex<\/span><\/p>\n<p class=\"_04xlpA direction-ltr align-justify para-style-body\">Erasmus+ projekt\u0105, kuriuo siekiama stiprinti auk\u0161t\u0173j\u0173 mokykl\u0173 student\u0173 ir d\u0117stytoj\u0173 tvarumo kompetencijas pluo\u0161tini\u0173 kompozit\u0173 ir technin\u0117s tekstil\u0117s sektoriuje.<\/p>\n<\/div>\n<div>\n<p>Finansuojama Europos S\u0105jungos l\u0117\u0161omis. Ta\u010diau i\u0161rei\u0161kiamas po\u017ei\u016bris ar nuomon\u0117 yra tik autoriaus (-i\u0173) ir neb\u016btinai atspindi Europos S\u0105jungos ar Europos \u0161vietimo ir kult\u016bros vykdomosios \u012fstaigos (EACEA) po\u017ei\u016br\u012f ar nuomon\u0119. Nei Europos S\u0105junga, nei EACEA negali b\u016bti laikoma u\u017e juos atsakinga.<\/p>\n<\/div>\n<p><img decoding=\"async\" src=\"\/wp-content\/uploads\/2022\/09\/logosbeneficaireserasmusright_lt_0-1.jpg\" alt=\"\"><br \/>\n<img decoding=\"async\" src=\"\/wp-content\/uploads\/2022\/09\/SEPIE_erasmus_plus.gif\" alt=\"\"><\/p>\n<h1>\n<p class=\"_04xlpA direction-ltr align-center para-style-body\" style=\"text-align: center;\"><span class=\"JsGRdQ\">KA220-HED &#8211; Cooperation partnerships in higher education<\/span><\/p>\n<p class=\"_04xlpA direction-ltr align-center para-style-body\" style=\"text-align: center;\"><span class=\"JsGRdQ\">2021-1-ES01-KA220-HED-000032075<\/span><\/p>\n<\/h1>\n<p><!--more--><br \/>\n<!-- {\"name\":\"Home\",\"type\":\"layout\",\"children\":[{\"name\":\"Hero\",\"type\":\"section\",\"props\":{\"width\":\"default\",\"padding\":\"large\",\"style\":\"default\",\"animation\":\"slide-top-small\",\"image\":\"\",\"image_position\":\"center-center\",\"height\":\"full\",\"image_fixed\":true,\"header_transparent\":\"dark\",\"padding_remove_top\":true,\"vertical_align\":\"middle\",\"title_position\":\"top-left\",\"title_rotation\":\"left\",\"title_breakpoint\":\"xl\",\"image_effect\":\"parallax\",\"image_parallax_bgy_end\":\"500\",\"image_parallax_easing\":\"1\",\"image_parallax_breakpoint\":\"m\",\"media_visibility\":\"s\",\"title\":\"xdgsdfsd\"},\"children\":[{\"name\":\"\",\"type\":\"row\",\"children\":[{\"name\":\"\",\"type\":\"column\",\"props\":{\"image_position\":\"center-center\",\"media_overlay_gradient\":\"\",\"width_medium\":\"1-1\",\"position_sticky_breakpoint\":\"m\"},\"children\":[{\"type\":\"headline\",\"props\":{\"title_element\":\"h1\",\"content\":\"PARTNERIAI\",\"title_style\":\"heading-medium\",\"title_color\":\"emphasis\",\"title_decoration\":\"divider\"}}]}]},{\"type\":\"row\",\"children\":[{\"type\":\"column\",\"props\":{\"position_sticky_breakpoint\":\"m\",\"image_position\":\"center-center\",\"media_overlay_gradient\":\"\"},\"children\":[{\"type\":\"grid\",\"props\":{\"show_title\":true,\"show_meta\":false,\"show_content\":true,\"show_image\":true,\"show_link\":false,\"grid_default\":\"1\",\"grid_medium\":\"3\",\"filter_style\":\"tab\",\"filter_all\":true,\"filter_position\":\"top\",\"filter_align\":\"left\",\"filter_grid_width\":\"auto\",\"filter_grid_breakpoint\":\"m\",\"title_hover_style\":\"reset\",\"title_element\":\"h3\",\"title_align\":\"top\",\"title_grid_width\":\"1-2\",\"title_grid_breakpoint\":\"m\",\"meta_style\":\"meta\",\"meta_align\":\"below-title\",\"meta_element\":\"div\",\"content_column_breakpoint\":\"m\",\"icon_width\":80,\"image_align\":\"top\",\"image_grid_width\":\"1-2\",\"image_grid_breakpoint\":\"m\",\"image_svg_color\":\"emphasis\",\"link_text\":\"Read more\",\"link_style\":\"default\",\"margin\":\"default\",\"item_animation\":true,\"content_style\":\"lead\",\"grid_column_align\":false,\"grid_large\":\"2\"},\"children\":[{\"type\":\"grid_item\",\"props\":{\"image\":\"wp-content\\\/uploads\\\/2022\\\/07\\\/image.png\",\"link\":\"\",\"title\":\"UNIVERSITAT POLITECNICA DE VALENCIA\",\"content\":\"\n\n<p>Valensijos technikos universitetas yra vie\\u0161oji auk\\u0161tojo mokslo institucija, aktyviai dalyvaujanti tarptautinio bendradarbiavimo ir mobilumo projektuose. UPV studijuoja beveik 30 000 student\\u0173 ir dirba daugiau nei 4 000 \\u017emoni\\u0173 (d\\u0117stytoj\\u0173, tyr\\u0117j\\u0173 ir administracinio personalo). Tai pirmasis technologinis universitetas Ispanijoje pagal tarptautinius reitingus (pvz., Shanghai Ranking of World Universities).<\\\/p>\\n\n\n<p><br \\\/>Projekte dalyvauja dvi vyriausybin\\u0117s grup\\u0117s:<\\\/p>\\n\n\n<p><br \\\/>- dinami\\u0161ka Tekstil\\u0117s katedros mokslini\\u0173 tyrim\\u0173 grup\\u0117 GIITEX, pristatanti svarbias \\u017einias tekstil\\u0117s ir kompozit\\u0173 srityse. Ji orientuota \\u012f mikrokapsules, i\\u0161mani\\u0105j\\u0105 tekstil\\u0119, biomed\\u017eiagas ir naujas technologijas bei orientuota \\u012f tekstil\\u0117s \\u012fmoni\\u0173 konsultavim\\u0105 ar bendradarbiavim\\u0105 siekiant pagerinti j\\u0173 konkurencingum\\u0105 diegiant naujus procesus ar kuriant naujus produktus.<\\\/p>\\n\n\n<p><br \\\/>- VERTEX LIT, UPV tyrim\\u0173 grup\\u0117, orientuota \\u012f HCI (\\u017emogaus ir kompiuterio s\\u0105veikos) technologijas. Daugiausia specializuojasi pa\\u017eangiausi\\u0173 interaktyvi\\u0173 sprendim\\u0173, virtualios realyb\\u0117s, papildytosios realyb\\u0117s ir t.t. bei naujausi\\u0173 dirbtinio intelekto (AI) sprendim\\u0173 naudojimo, siekiant pagerinti HCI, srityse.<\\\/p>\\n\n\n<p>Tinklalapis: <a href=\\\"http:\\\/\\\/www.upv.es\\\" target=\\\"_blank\\\" rel=\\\"noopener\\\">www.upv.es<\\\/a><\\\/p>\"}},{\"type\":\"grid_item\",\"props\":{\"image\":\"wp-content\\\/uploads\\\/2022\\\/09\\\/\\u03b1\\u03c1\\u03c7\\u03b5\\u03af\\u03bf-\\u03bb\\u03ae\\u03c8\\u03b7\\u03c2-3-1.png\",\"link\":\"\",\"title\":\"UNIVERSITATEA DIN ORADEA\",\"content\":\"\n\n<p>Orad\\u0117jos universitetas teikia i\\u0161silavinim\\u0105 ir vykdo mokslinius tyrimus pagal auk\\u0161t\\u0105 kokyb\\u0117s standart\\u0105 nacionaliniame ir tarptautiniame kontekste asmen\\u0173 socialinio, profesinio ir intelektualinio tobul\\u0117jimo srityse.<\\\/p>\\n\n\n<p>\\u0160ias misijas formuoja tokie tikslai, kaip pritraukti studentus i\\u0161 viso pasaulio (universitetas u\\u017emezg\\u0117 tarptautinius ry\\u0161ius su 529 institucijomis i\\u0161 39 \\u0161ali\\u0173), kaip pozicionuoti universitet\\u0105 tarp geriausi\\u0173 \\u0161alies ir Europos \\u0161vietimo \\u012fstaig\\u0173 bei perteikti platesnei bendruomenei akademinio i\\u0161silavinimo ir mokslini\\u0173 tyrim\\u0173 pasiekimus apskritai bei \\u0161iame universitete atliekam\\u0173 tyrim\\u0173 reik\\u0161m\\u0119 ir svarb\\u0105 konkre\\u010diai.<\\\/p>\\n\n\n<p>I\\u0161 Orad\\u0117jos universiteto projekte dalyvaus dvi katedros:<\\\/p>\\n\n\n<p>Tekstil\\u0117s, odos ir pramon\\u0117s vadybos katedra (DTPMI) ir Geografijos, turizmo ir planavimo katedra. \\u0160ie padaliniai yra tiesiogiai susij\\u0119 su projekto veikla ir tikslu, suteikiant auk\\u0161\\u010diausios kokyb\\u0117s konkurencing\\u0105 auk\\u0161t\\u0105j\\u012f i\\u0161silavinim\\u0105, tenkinant\\u012f \\u0161iandienos naujos kartos profesional\\u0173 poreik\\u012f Rumunijos pramon\\u0117je.<\\\/p>\\n\n\n<p>Tinklalapis: <a href=\\\"http:\\\/\\\/www.uoradea.ro\\\" target=\\\"_blank\\\" rel=\\\"noopener\\\">www.uoradea.ro\\u00a0<\\\/a><\\\/p>\"}},{\"type\":\"grid_item\",\"props\":{\"image\":\"wp-content\\\/uploads\\\/2022\\\/07\\\/image-2.png\",\"title\":\"KAUNO TECHNOLOGIJOS UNIVERSITETAS\",\"content\":\"\n\n<p>Kauno technologijos universitetas yra did\\u017eiausias ir seniausias technologij\\u0173 universitetas Lietuvoje ir vienas did\\u017eiausi\\u0173 Baltijos \\u0161alyse.<\\\/p>\\n\n\n<p>Tai vienas i\\u0161kiliausi\\u0173 Lietuvos universitet\\u0173, u\\u017e\\u0117m\\u0119s lyderio pozicijas daugelyje mokslini\\u0173 tyrim\\u0173 ir studij\\u0173 kryp\\u010di\\u0173.<\\\/p>\\n\n\n<p>Mechanikos in\\u017einerijos ir dizaino fakultetas yra vienintelis Lietuvoje, kuriame vyksta tekstil\\u0117s studijos.<\\\/p>\\n\n\n<p>Pastaruoju metu tyrimai buvo ai\\u0161kiai skirti tvarumui ir \\u017eiedinei ekonomikai tekstil\\u0117s ir mados sektoriuje.<\\\/p>\\n\n\n<p>Kasmet sukuriama keletas ES, Lietuvos Vyriausyb\\u0117s ar pramon\\u0117s \\u012fmoni\\u0173 finansuojam\\u0173 projekt\\u0173.<\\\/p>\\n\n\n<p>Tinklalapis: <a href=\\\"http:\\\/\\\/www.ktu.edu\\\" target=\\\"_blank\\\" rel=\\\"noopener\\\">www.ktu.edu<\\\/a><\\\/p>\",\"link\":\"\"}},{\"type\":\"grid_item\",\"props\":{\"image\":\"wp-content\\\/uploads\\\/2022\\\/07\\\/image-1.png\",\"title\":\"PANEPISTIMIO DYTIKIS ATTIKIS\",\"content\":\"\n\n<p>Vakar\\u0173 Atikos universitetas buvo \\u012fsteigtas 2018 m. Tai yra Taikom\\u0173j\\u0173 moksl\\u0173 universiteto ir At\\u0117n\\u0173 taikom\\u0173j\\u0173 moksl\\u0173 universiteto susijungimo rezultatas. Naujasis universitetas yra tre\\u010dias pagal dyd\\u012f Graikijoje. Universitetas, pagr\\u012fstas ilgomis ir s\\u0117kmingomis konstitucini\\u0173 institut\\u0173 tradicijomis, suteikia auk\\u0161to lygio bakalauro ir magistrant\\u016bros studijas kartu su intensyvia tyrim\\u0173 veikla konkre\\u010dioje srityje.<\\\/p>\\n\n\n<p>UNIWA palaiko nuolatin\\u0119 partneryst\\u0119 su kitais vidaus ir u\\u017esienio \\u0161vietimo ir tyrim\\u0173 institutais, siekdama nuolat tobulinti studij\\u0173 ir tyrim\\u0173 lyg\\u012f. UNIWA aktyviai dalyvauja keliose Nacionalin\\u0117se ir Europos S\\u0105jungos programose, skirtose tarptautiniam bendradarbiavimui, tyrimams ir \\u017eini\\u0173 sklaidai.<\\\/p>\\n\n\n<p><br \\\/>Projekte dalyvauja inovatyvi\\u0173 mezgimo technologij\\u0173, tekstil\\u0117s ir drabu\\u017ei\\u0173 projektavimo ir tyrimo laboratorija, tai buvusi UNIWA tekstil\\u0117s in\\u017einerijos padalinio laboratorija (naujas departamento pavadinimas yra pramoninio dizaino ir gamybos in\\u017einerija).<\\\/p>\\n\n\n<p>Tinklalapis: <a href=\\\"http:\\\/\\\/www.uniwa.gr\\\" target=\\\"_blank\\\" rel=\\\"noopener\\\">www.uniwa.gr<\\\/a><\\\/p>\"}},{\"type\":\"grid_item\",\"props\":{\"content\":\"\n\n<p class=\\\"_04xlpA direction-ltr align-justify para-style-body\\\">IDEC yra mokymo konsultacij\\u0173 \\u012fmon\\u0117, \\u012fsik\\u016brusi Pir\\u0117juje, Graikijoje. Jos veikl\\u0105 sudaro mokymai, vadybos konsultacijos, kokyb\\u0117s u\\u017etikrinimas, IKT sprendim\\u0173 vertinimas ir k\\u016brimas tiek priva\\u010diam, tiek vie\\u0161ajam sektoriui. IDEC pastaruosius 20 met\\u0173 aktyviai dirba ES projekt\\u0173 srityje. Ji turi ilgamet\\u0119 patirt\\u012f Europos politikoje, susijusioje su mokymusi vis\\u0105 gyvenim\\u0105, ypa\\u010d EKS, ECVET, Europass, EQAVET, neformaliojo ir savaiminio mokymosi \\u012fteisinimo, mokymosi darbo vietoje ir pameistryst\\u0117s schem\\u0173 bei nacionalini\\u0173 \\u0161vietimo ir mokymo sistem\\u0173 reform\\u0173 srityje.<\\\/p>\\n\n\n<p class=\\\"_04xlpA direction-ltr align-justify para-style-body\\\"><br \\\/>IDEC pastaruosius 25 metus aktyviai dirba suaugusi\\u0173j\\u0173 \\u0161vietimo ir ES projekt\\u0173 srityje. Atlikdama dvigub\\u0105 vaidmen\\u012f \\u2013 tiek \\u0161vietimo teik\\u0117jo, tiek vadybos konsultacij\\u0173 bendrov\\u0117s \\u2013 IDEC sugeb\\u0117jo \\u012ftraukti geriausi\\u0105 verslo sektoriaus praktik\\u0105 \\u012f \\u0161vietimo sistem\\u0105, pritaikydama jas atviro, tvaraus ir visiems prieinamo \\u0161vietimo dvasiai.<\\\/p>\\n\n\n<p>Tinklalapis: <a href=\\\"http:\\\/\\\/www.idec.gr\\\" target=\\\"_blank\\\" rel=\\\"noopener\\\">www.idec.gr<\\\/a><\\\/p>\",\"title\":\"IDEC S.A\",\"image\":\"wp-content\\\/uploads\\\/2022\\\/07\\\/image-4.png\"}}]}]}]}]},{\"type\":\"section\",\"props\":{\"style\":\"default\",\"width\":\"default\",\"vertical_align\":\"middle\",\"title_position\":\"top-left\",\"title_rotation\":\"left\",\"title_breakpoint\":\"xl\",\"image_position\":\"center-center\",\"image\":\"wp-content\\\/uploads\\\/2022\\\/08\\\/06-scaled.jpg\"},\"children\":[{\"type\":\"row\",\"props\":{\"layout\":\"1-2,1-2\"},\"children\":[{\"type\":\"column\",\"props\":{\"position_sticky_breakpoint\":\"m\",\"image_position\":\"center-center\",\"media_overlay_gradient\":\"\",\"width_medium\":\"1-2\"},\"children\":[{\"type\":\"text\",\"props\":{\"margin\":\"default\",\"column_breakpoint\":\"m\",\"content\":\"\n\n<p class=\\\"_04xlpA direction-ltr align-justify para-style-body\\\"><span class=\\\"JsGRdQ\\\">CircuTex<\\\/span><\\\/p>\\n\n\n<p class=\\\"_04xlpA direction-ltr align-justify para-style-body\\\">Erasmus+ projekt\\u0105, kuriuo siekiama stiprinti auk\\u0161t\\u0173j\\u0173 mokykl\\u0173 student\\u0173 ir d\\u0117stytoj\\u0173 tvarumo kompetencijas pluo\\u0161tini\\u0173 kompozit\\u0173 ir technin\\u0117s tekstil\\u0117s sektoriuje.<\\\/p>\",\"text_style\":\"lead\",\"text_color\":\"muted\"}}]},{\"type\":\"column\",\"props\":{\"position_sticky_breakpoint\":\"m\",\"image_position\":\"center-center\",\"media_overlay_gradient\":\"\",\"width_medium\":\"1-2\"},\"children\":[{\"type\":\"text\",\"props\":{\"margin\":\"default\",\"column_breakpoint\":\"m\",\"content\":\"\n\n<p>Finansuojama Europos S\\u0105jungos l\\u0117\\u0161omis. Ta\\u010diau i\\u0161rei\\u0161kiamas po\\u017ei\\u016bris ar nuomon\\u0117 yra tik autoriaus (-i\\u0173) ir neb\\u016btinai atspindi Europos S\\u0105jungos ar Europos \\u0161vietimo ir kult\\u016bros vykdomosios \\u012fstaigos (EACEA) po\\u017ei\\u016br\\u012f ar nuomon\\u0119. Nei Europos S\\u0105junga, nei EACEA negali b\\u016bti laikoma u\\u017e juos atsakinga.<\\\/p>\",\"text_style\":\"lead\",\"text_color\":\"muted\"}}]}]},{\"type\":\"row\",\"props\":{\"layout\":\"1-2,1-2\"},\"children\":[{\"type\":\"column\",\"props\":{\"position_sticky_breakpoint\":\"m\",\"image_position\":\"center-center\",\"media_overlay_gradient\":\"\",\"width_medium\":\"1-2\"},\"children\":[{\"type\":\"image\",\"props\":{\"margin\":\"default\",\"image_svg_color\":\"emphasis\",\"image\":\"wp-content\\\/uploads\\\/2022\\\/09\\\/logosbeneficaireserasmusright_lt_0-1.jpg\",\"position\":\"relative\",\"position_right\":\"-40\",\"maxwidth\":\"large\",\"position_bottom\":\"-30\"}}]},{\"type\":\"column\",\"props\":{\"position_sticky_breakpoint\":\"m\",\"image_position\":\"center-center\",\"media_overlay_gradient\":\"\",\"width_medium\":\"1-2\"},\"children\":[{\"type\":\"image\",\"props\":{\"margin\":\"default\",\"image_svg_color\":\"emphasis\",\"image\":\"wp-content\\\/uploads\\\/2022\\\/09\\\/SEPIE_erasmus_plus.gif\"}}]}]},{\"type\":\"row\",\"children\":[{\"type\":\"column\",\"props\":{\"position_sticky_breakpoint\":\"m\",\"image_position\":\"center-center\",\"media_overlay_gradient\":\"\"},\"children\":[{\"type\":\"headline\",\"props\":{\"title_element\":\"h1\",\"content\":\"\n\n<p class=\\\"_04xlpA direction-ltr align-center para-style-body\\\" style=\\\"text-align: center;\\\"><span class=\\\"JsGRdQ\\\">KA220-HED - Cooperation partnerships in higher education<\\\/span><\\\/p>\\n\n\n<p class=\\\"_04xlpA direction-ltr align-center para-style-body\\\" style=\\\"text-align: center;\\\"><span class=\\\"JsGRdQ\\\">2021-1-ES01-KA220-HED-000032075<\\\/span><\\\/p>\",\"title_style\":\"h3\",\"title_color\":\"muted\"}}]}]}],\"name\":\"footer lt 3\"}],\"version\":\"2.7.22\"} --><\/p>\n","protected":false},"excerpt":{"rendered":"<p>PARTNERIAI UNIVERSITAT POLITECNICA DE VALENCIA Valensijos technikos universitetas yra vie\u0161oji auk\u0161tojo mokslo institucija, aktyviai dalyvaujanti tarptautinio bendradarbiavimo ir mobilumo projektuose. UPV studijuoja beveik 30 000 student\u0173 ir dirba daugiau nei 4 000 \u017emoni\u0173 (d\u0117stytoj\u0173, tyr\u0117j\u0173 ir administracinio personalo). Tai pirmasis technologinis universitetas Ispanijoje pagal tarptautinius reitingus (pvz., Shanghai Ranking of World Universities). Projekte dalyvauja dvi [&hellip;]<\/p>\n","protected":false},"author":1,"featured_media":0,"parent":0,"menu_order":6,"comment_status":"open","ping_status":"open","template":"","meta":[],"acf":[],"_links":{"self":[{"href":"https:\/\/circutex.eu\/lt\/wp-json\/wp\/v2\/pages\/2453"}],"collection":[{"href":"https:\/\/circutex.eu\/lt\/wp-json\/wp\/v2\/pages"}],"about":[{"href":"https:\/\/circutex.eu\/lt\/wp-json\/wp\/v2\/types\/page"}],"author":[{"embeddable":true,"href":"https:\/\/circutex.eu\/lt\/wp-json\/wp\/v2\/users\/1"}],"replies":[{"embeddable":true,"href":"https:\/\/circutex.eu\/lt\/wp-json\/wp\/v2\/comments?post=2453"}],"version-history":[{"count":6,"href":"https:\/\/circutex.eu\/lt\/wp-json\/wp\/v2\/pages\/2453\/revisions"}],"predecessor-version":[{"id":2569,"href":"https:\/\/circutex.eu\/lt\/wp-json\/wp\/v2\/pages\/2453\/revisions\/2569"}],"wp:attachment":[{"href":"https:\/\/circutex.eu\/lt\/wp-json\/wp\/v2\/media?parent=2453"}],"curies":[{"name":"wp","href":"https:\/\/api.w.org\/{rel}","templated":true}]}}