{"id":2752,"date":"2022-08-31T12:08:25","date_gmt":"2022-08-31T12:08:25","guid":{"rendered":"https:\/\/circutex.eu\/?page_id=2752"},"modified":"2024-04-10T13:50:42","modified_gmt":"2024-04-10T13:50:42","slug":"laboratory","status":"publish","type":"page","link":"https:\/\/circutex.eu\/ro\/laboratory\/","title":{"rendered":"LABORATOR"},"content":{"rendered":"<p><img decoding=\"async\" src=\"\/wp-content\/uploads\/2022\/08\/close-up-of-a-microscope-for-studying-laboratory-m-2022-03-08-05-27-29-utc-scaled.jpg\" alt=\"\"><\/p>\n<h1>LABORATOR VIRTUAL<\/h1>\n<div>\n<h3 class=\"_04xlpA direction-ltr align-start para-style-body\">Va fi realizat un laborator virtual, care va fi inclus \u00een cursul e-learning. Prin intermediul laboratorului virtual, participan\u021bii la curs vor putea testa \u0219i aplica experimente legate de economia circular\u0103 a compozitelor fibroase \u0219i a textilelor tehnice.<\/h3>\n<h3 class=\"_04xlpA direction-ltr align-start para-style-body\">Aceste experimente vor face parte din procesul de \u00eenv\u0103\u021bare \u0219i evaluare. Laboratorul va include modele virtuale actuale de echipamente de laborator, de tipul \u201edigital twin\u201d, \u00eembun\u0103t\u0103\u021bite cu reprezent\u0103ri 3D \u0219i mi\u0219care virtual\u0103. Studen\u021bii vor putea accesa online laboratorul virtual prin intermediul dispozitivelor mobile.<\/h3>\n<h3 class=\"_04xlpA direction-ltr align-start para-style-body\">Mai mult, vor fi organizate workshop-uri \u00een institu\u021biile de \u00eenv\u0103\u021b\u0103m\u00e2nt superior partenere, unde studen\u021bii vor avea \u0219ansa de accesa laboratoarele virtuale, folosind echipamente de realitate virtual\u0103.<\/h3>\n<\/div>\n<p>\n    <a href=\"https:\/\/www.meta.com\/experiences\/8448051588603239\/?ranking_trace=0_8448051588603239_QUESTSEARCH_4ce16685-2e15-4316-a589-ee959c311eb7&#038;utm_source=e-trainingcentre.gr&#038;utm_medium=oculusredirect\">Enter<\/a>\n<\/p>\n<div>\n<p>    <iframe loading=\"lazy\" width=\"1200\" height=\"415\" src=\"https:\/\/www.youtube.com\/embed\/o-xgxOzAs_g?si=-x74C67TZBIfahyB\" title=\"YouTube video player\" frameborder=\"0\" allow=\"accelerometer; autoplay; clipboard-write; encrypted-media; gyroscope; picture-in-picture; web-share\" referrerpolicy=\"strict-origin-when-cross-origin\" allowfullscreen><\/iframe>\n<\/div>\n<p><!--more--><br \/>\n<!-- {\"type\":\"layout\",\"children\":[{\"type\":\"section\",\"props\":{\"style\":\"default\",\"width\":\"default\",\"vertical_align\":\"middle\",\"title_position\":\"top-left\",\"title_rotation\":\"left\",\"title_breakpoint\":\"xl\",\"image_position\":\"center-center\"},\"children\":[{\"type\":\"row\",\"children\":[{\"type\":\"column\",\"props\":{\"position_sticky_breakpoint\":\"m\",\"image_position\":\"center-center\",\"media_overlay_gradient\":\"\"},\"children\":[]}]},{\"type\":\"row\",\"props\":{\"layout\":\"1-2,1-2\"},\"children\":[{\"type\":\"column\",\"props\":{\"position_sticky_breakpoint\":\"m\",\"image_position\":\"center-center\",\"media_overlay_gradient\":\"\",\"width_medium\":\"1-2\",\"width_large\":\"1-4\"},\"children\":[{\"type\":\"image\",\"props\":{\"margin\":\"default\",\"image_svg_color\":\"emphasis\",\"image\":\"wp-content\\\/uploads\\\/2022\\\/08\\\/close-up-of-a-microscope-for-studying-laboratory-m-2022-03-08-05-27-29-utc-scaled.jpg\"}}]},{\"type\":\"column\",\"props\":{\"position_sticky_breakpoint\":\"m\",\"image_position\":\"top-center\",\"media_overlay_gradient\":\"\",\"width_medium\":\"1-2\",\"image\":\"wp-content\\\/uploads\\\/2022\\\/09\\\/Screenshot_495.png\",\"image_height\":\"640\"},\"children\":[{\"type\":\"headline\",\"props\":{\"title_element\":\"h1\",\"content\":\"LABORATOR VIRTUAL\",\"title_color\":\"emphasis\",\"position\":\"relative\",\"position_bottom\":\"50\"}},{\"type\":\"text\",\"props\":{\"margin\":\"default\",\"column_breakpoint\":\"m\",\"content\":\"\n\n<h3 class=\\\"_04xlpA direction-ltr align-start para-style-body\\\">Va fi realizat un laborator virtual, care va fi inclus \\u00een cursul e-learning. Prin intermediul laboratorului virtual, participan\\u021bii la curs vor putea testa \\u0219i aplica experimente legate de economia circular\\u0103 a compozitelor fibroase \\u0219i a textilelor tehnice.<\\\/h3>\\n\n\n<h3 class=\\\"_04xlpA direction-ltr align-start para-style-body\\\">Aceste experimente vor face parte din procesul de \\u00eenv\\u0103\\u021bare \\u0219i evaluare. Laboratorul va include modele virtuale actuale de echipamente de laborator, de tipul \\u201edigital twin\\u201d, \\u00eembun\\u0103t\\u0103\\u021bite cu reprezent\\u0103ri 3D \\u0219i mi\\u0219care virtual\\u0103. Studen\\u021bii vor putea accesa online laboratorul virtual prin intermediul dispozitivelor mobile.<\\\/h3>\\n\n\n<h3 class=\\\"_04xlpA direction-ltr align-start para-style-body\\\">Mai mult, vor fi organizate workshop-uri \\u00een institu\\u021biile de \\u00eenv\\u0103\\u021b\\u0103m\\u00e2nt superior partenere, unde studen\\u021bii vor avea \\u0219ansa de accesa laboratoarele virtuale, folosind echipamente de realitate virtual\\u0103.<\\\/h3>\",\"text_style\":\"lead\",\"position\":\"relative\",\"position_bottom\":\"40\"}},{\"type\":\"button\",\"props\":{\"grid_column_gap\":\"small\",\"grid_row_gap\":\"small\",\"margin\":\"default\"},\"children\":[{\"type\":\"button_item\",\"props\":{\"button_style\":\"default\",\"icon_align\":\"left\",\"content\":\"Enter\",\"link\":\"https:\\\/\\\/www.meta.com\\\/experiences\\\/8448051588603239\\\/?ranking_trace=0_8448051588603239_QUESTSEARCH_4ce16685-2e15-4316-a589-ee959c311eb7&utm_source=e-trainingcentre.gr&utm_medium=oculusredirect\"}}],\"name\":\"lab\"}]}]}]},{\"type\":\"section\",\"props\":{\"style\":\"default\",\"width\":\"default\",\"vertical_align\":\"middle\",\"title_position\":\"top-left\",\"title_rotation\":\"left\",\"title_breakpoint\":\"xl\",\"image_position\":\"center-center\"},\"children\":[{\"type\":\"row\",\"children\":[{\"type\":\"column\",\"props\":{\"position_sticky_breakpoint\":\"m\",\"image_position\":\"center-center\",\"media_overlay_gradient\":\"\"},\"children\":[{\"type\":\"html\",\"props\":{\"content\":\"<iframe width=\\\"1200\\\" height=\\\"415\\\" src=\\\"https:\\\/\\\/www.youtube.com\\\/embed\\\/o-xgxOzAs_g?si=-x74C67TZBIfahyB\\\" title=\\\"YouTube video player\\\" frameborder=\\\"0\\\" allow=\\\"accelerometer; autoplay; clipboard-write; encrypted-media; gyroscope; picture-in-picture; web-share\\\" referrerpolicy=\\\"strict-origin-when-cross-origin\\\" allowfullscreen><\\\/iframe>\"}}]}]}]}],\"version\":\"2.7.22\"} --><\/p>\n","protected":false},"excerpt":{"rendered":"<p>LABORATOR VIRTUAL Va fi realizat un laborator virtual, care va fi inclus \u00een cursul e-learning. Prin intermediul laboratorului virtual, participan\u021bii la curs vor putea testa \u0219i aplica experimente legate de economia circular\u0103 a compozitelor fibroase \u0219i a textilelor tehnice. Aceste experimente vor face parte din procesul de \u00eenv\u0103\u021bare \u0219i evaluare. Laboratorul va include modele virtuale [&hellip;]<\/p>\n","protected":false},"author":1,"featured_media":0,"parent":0,"menu_order":6,"comment_status":"open","ping_status":"open","template":"","meta":[],"acf":[],"_links":{"self":[{"href":"https:\/\/circutex.eu\/ro\/wp-json\/wp\/v2\/pages\/2752"}],"collection":[{"href":"https:\/\/circutex.eu\/ro\/wp-json\/wp\/v2\/pages"}],"about":[{"href":"https:\/\/circutex.eu\/ro\/wp-json\/wp\/v2\/types\/page"}],"author":[{"embeddable":true,"href":"https:\/\/circutex.eu\/ro\/wp-json\/wp\/v2\/users\/1"}],"replies":[{"embeddable":true,"href":"https:\/\/circutex.eu\/ro\/wp-json\/wp\/v2\/comments?post=2752"}],"version-history":[{"count":10,"href":"https:\/\/circutex.eu\/ro\/wp-json\/wp\/v2\/pages\/2752\/revisions"}],"predecessor-version":[{"id":3241,"href":"https:\/\/circutex.eu\/ro\/wp-json\/wp\/v2\/pages\/2752\/revisions\/3241"}],"wp:attachment":[{"href":"https:\/\/circutex.eu\/ro\/wp-json\/wp\/v2\/media?parent=2752"}],"curies":[{"name":"wp","href":"https:\/\/api.w.org\/{rel}","templated":true}]}}