{"id":2758,"date":"2022-08-31T12:12:18","date_gmt":"2022-08-31T12:12:18","guid":{"rendered":"https:\/\/circutex.eu\/?page_id=2758"},"modified":"2024-03-11T13:40:33","modified_gmt":"2024-03-11T13:40:33","slug":"roadmap","status":"publish","type":"page","link":"https:\/\/circutex.eu\/ro\/roadmap\/","title":{"rendered":"FOAIA DE PARCURS"},"content":{"rendered":"<p><img decoding=\"async\" src=\"\/wp-content\/uploads\/2022\/08\/man-working-in-an-office-background-2021-08-29-09-10-27-utc-scaled.jpg\" alt=\"\"><\/p>\n<h1><span><span class=\"ui-provider bna bnb c d e f g h i j k l m n o p q r s t bnc bnd w x y z ab ac ae af ag ah ai aj ak\" dir=\"ltr\">Foaia de parcurs privind acordarea de microcredite<\/span><\/span><\/h1>\n<div>\n<h3 class=\"_04xlpA direction-ltr align-start para-style-body\">Acest rezultat se va concretiza \u00een recomand\u0103ri cu privire la aplicarea microcreditelor \u00een institu\u021biile de \u00eenv\u0103\u021b\u0103m\u00e2nt superior partenere.<\/h3>\n<h3 class=\"_04xlpA direction-ltr align-start para-style-body\">Partenerii vor lucra la un cadru de asigurare a calit\u0103\u021bii pentru cursul elearning \u0219i la o metodologie de aplicare a punctelor ECTS la curs.<\/h3>\n<h3 class=\"_04xlpA direction-ltr align-start para-style-body\">Partenerii vor \u00eentreprinde ac\u021biuni pentru validarea cursului \u0219i eliberarea de certificate digitale ce vor putea fi incluse \u00een noul format digital la nivel european de \u201eAcredit\u0103ri digitale Europass\u201d.<\/h3>\n<\/div>\n<div>\n<p>Download PDF: <a href=\"https:\/\/circutex.eu\/wp-content\/uploads\/2024\/03\/CircuText_3_A4_Roadmap-in-validation.pdf\"><span lang=\"EN-US\">Roadmap for the validation and accreditation of micro-credential<\/span><\/a><\/p>\n<p>Download PDF: <a href=\"https:\/\/circutex.eu\/wp-content\/uploads\/2024\/03\/CircuText_3_A5_Recommendations-to-policymakers-FINAL.pdf\"><span lang=\"EN-US\">Recommendations for policy makers<\/span><\/a><\/p>\n<\/div>\n<p><!--more--><br \/>\n<!-- {\"type\":\"layout\",\"children\":[{\"type\":\"section\",\"props\":{\"style\":\"default\",\"width\":\"default\",\"vertical_align\":\"middle\",\"title_position\":\"top-left\",\"title_rotation\":\"left\",\"title_breakpoint\":\"xl\",\"image_position\":\"center-center\",\"width_expand\":\"right\"},\"children\":[{\"type\":\"row\",\"props\":{\"layout\":\"1-2,1-2\"},\"children\":[{\"type\":\"column\",\"props\":{\"position_sticky_breakpoint\":\"m\",\"image_position\":\"center-center\",\"media_overlay_gradient\":\"\",\"width_medium\":\"1-2\",\"width_large\":\"1-4\"},\"children\":[{\"type\":\"image\",\"props\":{\"margin\":\"default\",\"image_svg_color\":\"emphasis\",\"image\":\"wp-content\\\/uploads\\\/2022\\\/08\\\/man-working-in-an-office-background-2021-08-29-09-10-27-utc-scaled.jpg\",\"position\":\"relative\",\"position_left\":\"0\"}}]},{\"type\":\"column\",\"props\":{\"position_sticky_breakpoint\":\"m\",\"image_position\":\"top-center\",\"media_overlay_gradient\":\"\",\"width_medium\":\"1-2\",\"image\":\"wp-content\\\/uploads\\\/2022\\\/09\\\/Screenshot_495.png\",\"image_height\":\"540\"},\"children\":[{\"type\":\"headline\",\"props\":{\"title_element\":\"h1\",\"content\":\"<span><span class=\\\"ui-provider bna bnb c d e f g h i j k l m n o p q r s t bnc bnd w x y z ab ac ae af ag ah ai aj ak\\\" dir=\\\"ltr\\\">Foaia de parcurs privind acordarea de microcredite<\\\/span><\\\/span>\",\"title_style\":\"h2\",\"title_color\":\"emphasis\",\"position\":\"relative\",\"position_bottom\":\"50\",\"position_left\":\"0\"}},{\"type\":\"text\",\"props\":{\"margin\":\"default\",\"column_breakpoint\":\"m\",\"content\":\"\n\n<h3 class=\\\"_04xlpA direction-ltr align-start para-style-body\\\">Acest rezultat se va concretiza \\u00een recomand\\u0103ri cu privire la aplicarea microcreditelor \\u00een institu\\u021biile de \\u00eenv\\u0103\\u021b\\u0103m\\u00e2nt superior partenere.<\\\/h3>\\n\n\n<h3 class=\\\"_04xlpA direction-ltr align-start para-style-body\\\">Partenerii vor lucra la un cadru de asigurare a calit\\u0103\\u021bii pentru cursul elearning \\u0219i la o metodologie de aplicare a punctelor ECTS la curs.<\\\/h3>\\n\n\n<h3 class=\\\"_04xlpA direction-ltr align-start para-style-body\\\">Partenerii vor \\u00eentreprinde ac\\u021biuni pentru validarea cursului \\u0219i eliberarea de certificate digitale ce vor putea fi incluse \\u00een noul format digital la nivel european de \\u201eAcredit\\u0103ri digitale Europass\\u201d.<\\\/h3>\",\"text_style\":\"lead\",\"position\":\"relative\",\"position_bottom\":\"60\"}},{\"type\":\"text\",\"props\":{\"margin\":\"default\",\"column_breakpoint\":\"m\",\"content\":\"\n\n<p><\\\/p>\\n\n\n<p>Download PDF: <a href=\\\"https:\\\/\\\/circutex.eu\\\/wp-content\\\/uploads\\\/2024\\\/03\\\/CircuText_3_A4_Roadmap-in-validation.pdf\\\"><span lang=\\\"EN-US\\\">Roadmap for the validation and accreditation of micro-credential<\\\/span><\\\/a><\\\/p>\\n\n\n<p>Download PDF: <a href=\\\"https:\\\/\\\/circutex.eu\\\/wp-content\\\/uploads\\\/2024\\\/03\\\/CircuText_3_A5_Recommendations-to-policymakers-FINAL.pdf\\\"><span lang=\\\"EN-US\\\">Recommendations for policy makers<\\\/span><\\\/a><\\\/p>\",\"text_style\":\"lead\",\"position\":\"relative\",\"position_bottom\":\"60\"},\"name\":\"text\"}]}]}]}],\"version\":\"2.7.22\"} --><\/p>\n","protected":false},"excerpt":{"rendered":"<p>Foaia de parcurs privind acordarea de microcredite Acest rezultat se va concretiza \u00een recomand\u0103ri cu privire la aplicarea microcreditelor \u00een institu\u021biile de \u00eenv\u0103\u021b\u0103m\u00e2nt superior partenere. Partenerii vor lucra la un cadru de asigurare a calit\u0103\u021bii pentru cursul elearning \u0219i la o metodologie de aplicare a punctelor ECTS la curs. Partenerii vor \u00eentreprinde ac\u021biuni pentru validarea [&hellip;]<\/p>\n","protected":false},"author":1,"featured_media":0,"parent":0,"menu_order":6,"comment_status":"open","ping_status":"open","template":"","meta":[],"acf":[],"_links":{"self":[{"href":"https:\/\/circutex.eu\/ro\/wp-json\/wp\/v2\/pages\/2758"}],"collection":[{"href":"https:\/\/circutex.eu\/ro\/wp-json\/wp\/v2\/pages"}],"about":[{"href":"https:\/\/circutex.eu\/ro\/wp-json\/wp\/v2\/types\/page"}],"author":[{"embeddable":true,"href":"https:\/\/circutex.eu\/ro\/wp-json\/wp\/v2\/users\/1"}],"replies":[{"embeddable":true,"href":"https:\/\/circutex.eu\/ro\/wp-json\/wp\/v2\/comments?post=2758"}],"version-history":[{"count":8,"href":"https:\/\/circutex.eu\/ro\/wp-json\/wp\/v2\/pages\/2758\/revisions"}],"predecessor-version":[{"id":3107,"href":"https:\/\/circutex.eu\/ro\/wp-json\/wp\/v2\/pages\/2758\/revisions\/3107"}],"wp:attachment":[{"href":"https:\/\/circutex.eu\/ro\/wp-json\/wp\/v2\/media?parent=2758"}],"curies":[{"name":"wp","href":"https:\/\/api.w.org\/{rel}","templated":true}]}}