{"id":2768,"date":"2022-07-27T13:24:08","date_gmt":"2022-07-27T13:24:08","guid":{"rendered":"https:\/\/circutex.eu\/?page_id=2768"},"modified":"2023-01-26T13:30:03","modified_gmt":"2023-01-26T13:30:03","slug":"partners","status":"publish","type":"page","link":"https:\/\/circutex.eu\/ro\/partners\/","title":{"rendered":"PARTENERI"},"content":{"rendered":"<h1>PARTENERI<\/h1>\n<ul>\n<li>\n<p>        <img decoding=\"async\" src=\"\/wp-content\/uploads\/2022\/07\/image.png\" alt=\"\"><\/p>\n<h3>UNIVERSITATEA POLITECNIC\u0102 DIN VALENCIA<\/h3>\n<div>\n<p>Universitatea Politecnic\u0103 din Valencia este o institu\u021bie public\u0103 de \u00eenv\u0103\u021b\u0103m\u00e2nt superior implicat\u0103 activ \u00een proiecte interna\u021bionale de cooperare \u0219i mobilitate.<\/p>\n<p>In UPV inva\u021b\u0103 aproape 30.000 de studen\u021bi \u0219i are peste 4.000 de angaja\u021bi (personal didactic, de cercetare \u0219i administrativ). Este cea mai buna universitate tehnologic\u0103 din Spania, conform unor clasamente interna\u021bionale (de exemplu, Shanghai Ranking of World Universities).<\/p>\n<\/p>\n<p>Pagina web: <a href=\"http:\/\/www.upv.es\/\" target=\"_blank\" rel=\"noopener\">www.upv.es<\/a><\/p>\n<\/div>\n<\/li>\n<li>\n<p>        <img decoding=\"async\" src=\"\/wp-content\/uploads\/2022\/09\/%CE%B1%CF%81%CF%87%CE%B5%CE%AF%CE%BF-%CE%BB%CE%AE%CF%88%CE%B7%CF%82-3-1.png\" alt=\"\"><\/p>\n<h3>UNIVERSITATEA DIN ORADEA<\/h3>\n<div>\n<p>Universitatea din Oradea (UO) ofer\u0103 educa\u021bie \u0219i cercetare la un \u00eenalt standard de calitate, \u00eentr-un context na\u021bional \u0219i interna\u021bional de dezvoltare social\u0103, profesional\u0103 \u0219i intelectual\u0103 a indivizilor.<\/p>\n<p>Aceast\u0103 misiune este modelat\u0103 de obiective precum atragerea de studen\u021bi din \u00eentreaga lume (universitatea a implementat rela\u021bii interna\u021bionale cu 529 de institu\u021bii din 39 de \u021b\u0103ri). UO se pozi\u021bioneaz\u0103 printre cele mai bune institu\u021bii de \u00eenv\u0103\u021b\u0103m\u00e2nt din \u021bar\u0103 \u0219i din Europa, transmi\u021b\u00e2nd comunit\u0103\u021bii semnifica\u021bia \u0219i importan\u021ba educa\u021biei academice \u0219i a cercet\u0103rii \u0219tiin\u021bifice.<\/p>\n<p><span>Pagina web: <a href=\"http:\/\/www.uoradea.ro\/\" target=\"_blank\" rel=\"noopener\">www.uoradea.ro<\/a><\/span><\/p>\n<\/div>\n<\/li>\n<li>\n<p>        <img decoding=\"async\" src=\"\/wp-content\/uploads\/2022\/07\/image-2.png\" alt=\"\"><\/p>\n<h3>UNIVERSITATEA TEHNOLOGIC\u0102 DIN KAUNAS<\/h3>\n<div>\n<p>Universitatea Tehnologic\u0103 din Kaunas este cea mai mare \u0219i mai veche universitate tehnologic\u0103 din Lituania \u0219i una dintre cele mai mari din industriale \u021aarile Baltice. Este una dintre universit\u0103\u021bile remarcabile din Lituania, care a ocupat pozi\u021bia de lider \u00een multe direc\u021bii de investiga\u021bii \u0219i studii \u0219tiin\u021bifice.<\/p>\n<p>Facultatea de Inginerie Mecanic\u0103 \u0219i Design este singura din Lituania care ofer\u0103 studii \u00een textile. Recent, studiile s-au concentrat clar pe durabilitate \u0219i pe economia circular\u0103 \u00een sectorul textil \u0219i al modei. \u00cen fiecare an sunt elaborate proiecte finan\u021bate de UE, de guvernul lituanian sau de diferite companii industriale.<\/p>\n<p><span>Pagina web<\/span>: <a href=\"http:\/\/www.ktu.edu\" target=\"_blank\" rel=\"noopener\">www.ktu.edu<\/a><\/p>\n<\/div>\n<\/li>\n<li>\n<p>        <img decoding=\"async\" src=\"\/wp-content\/uploads\/2022\/07\/image-1.png\" alt=\"\"><\/p>\n<h3>UNIVERSITY OF WEST ATTICA<\/h3>\n<div>\n<p>University of West Attica a fost \u00eenfiin\u021bat\u0103 \u00een 2018 \u0219i este rezultatul fuziunii dintre Universitatea de \u0218tiin\u021be Aplicate din Pireu \u0219i Universitatea de \u0218tiin\u021be Aplicate din Atena. Noua universitate este a treia ca m\u0103rime din Grecia. Universitatea, bazat\u0103 pe tradi\u021bia lung\u0103 \u0219i de succes a celor doua institutii care o compun, ofer\u0103 o educa\u021bie universitar\u0103 \u0219i postuniversitar\u0103 de nivel \u00eenalt, combinat\u0103 cu activit\u0103\u021bi intensive de cercetare \u00een domeniul stiintelor aplicate.<\/p>\n<p>UNIWA a dezvoltat parteneriate permanente cu alte institutii na\u021bionale \u0219i internationale de educa\u021bie \u0219i cercetare pentru a \u00eembun\u0103t\u0103\u021bi continuu nivelul studiilor \u0219i cercet\u0103rii. <br \/>UNIWA particip\u0103 activ la mai multe programe na\u021bionale \u0219i ale Uniunii Europene de cooperare interna\u021bional\u0103, cercetare \u0219i diseminare a cuno\u0219tin\u021belor.<\/p>\n<p><span>Pagina web<\/span>: <a href=\"http:\/\/www.uniwa.gr\" target=\"_blank\" rel=\"noopener\">www.uniwa.gr<\/a><\/p>\n<\/div>\n<\/li>\n<li>\n<p>        <img decoding=\"async\" src=\"\/wp-content\/uploads\/2022\/07\/image-4.png\" alt=\"\"><\/p>\n<h3>IDEC S.A<\/h3>\n<div>\n<p class=\"_04xlpA direction-ltr align-justify para-style-body\">IDEC este o companie de consultan\u021b\u0103 situat\u0103 \u00een Pireu, Grecia. Activit\u0103\u021bile sale constau \u00een formare, consultan\u021b\u0103 \u00een management, asigurare a calit\u0103\u021bii, evaluare \u0219i dezvoltare de solu\u021bii TIC at\u00e2t pentru sectorul privat, c\u00e2t \u0219i pentru cel public.<\/p>\n<p class=\"_04xlpA direction-ltr align-justify para-style-body\">\u00cen ultimii 20 de ani, IDEC a fost activ\u0103 \u00een domeniul proiectelor UE. Are o experien\u021b\u0103 \u00eendelungat\u0103 \u00een politicile europene privind \u00eenv\u0103\u021barea pe tot parcursul vie\u021bii, \u00een special EQF, ECVET, Europass, EQAVET, validarea \u00eenv\u0103\u021b\u0103rii non-formale \u0219i informale, \u00eenv\u0103\u021barea la locul de munc\u0103, programe de ucenicie, dar \u0219i \u00een reformele na\u021bionale ale sistemelor de educa\u021bie \u0219i formare.<\/p>\n<p><span>Pagina web<\/span><span>: www.idec.gr<\/span><\/p>\n<\/div>\n<\/li>\n<\/ul>\n<p><!--more--><br \/>\n<!-- {\"name\":\"Home\",\"type\":\"layout\",\"children\":[{\"name\":\"Hero\",\"type\":\"section\",\"props\":{\"width\":\"default\",\"padding\":\"large\",\"style\":\"default\",\"animation\":\"slide-top-small\",\"image\":\"\",\"image_position\":\"center-center\",\"height\":\"full\",\"image_fixed\":true,\"header_transparent\":\"dark\",\"padding_remove_top\":true,\"vertical_align\":\"middle\",\"title_position\":\"top-left\",\"title_rotation\":\"left\",\"title_breakpoint\":\"xl\",\"image_effect\":\"parallax\",\"image_parallax_bgy_end\":\"500\",\"image_parallax_easing\":\"1\",\"image_parallax_breakpoint\":\"m\",\"media_visibility\":\"s\",\"title\":\"xdgsdfsd\"},\"children\":[{\"name\":\"\",\"type\":\"row\",\"children\":[{\"name\":\"\",\"type\":\"column\",\"props\":{\"image_position\":\"center-center\",\"media_overlay_gradient\":\"\",\"width_medium\":\"1-1\",\"position_sticky_breakpoint\":\"m\"},\"children\":[{\"type\":\"headline\",\"props\":{\"title_element\":\"h1\",\"content\":\"PARTENERI\",\"title_style\":\"heading-medium\",\"title_color\":\"emphasis\",\"title_decoration\":\"divider\"}}]}]},{\"type\":\"row\",\"children\":[{\"type\":\"column\",\"props\":{\"position_sticky_breakpoint\":\"m\",\"image_position\":\"center-center\",\"media_overlay_gradient\":\"\"},\"children\":[{\"type\":\"grid\",\"props\":{\"show_title\":true,\"show_meta\":false,\"show_content\":true,\"show_image\":true,\"show_link\":false,\"grid_default\":\"1\",\"grid_medium\":\"3\",\"filter_style\":\"tab\",\"filter_all\":true,\"filter_position\":\"top\",\"filter_align\":\"left\",\"filter_grid_width\":\"auto\",\"filter_grid_breakpoint\":\"m\",\"title_hover_style\":\"reset\",\"title_element\":\"h3\",\"title_align\":\"top\",\"title_grid_width\":\"1-2\",\"title_grid_breakpoint\":\"m\",\"meta_style\":\"meta\",\"meta_align\":\"below-title\",\"meta_element\":\"div\",\"content_column_breakpoint\":\"m\",\"icon_width\":80,\"image_align\":\"top\",\"image_grid_width\":\"1-2\",\"image_grid_breakpoint\":\"m\",\"image_svg_color\":\"emphasis\",\"link_text\":\"Read more\",\"link_style\":\"default\",\"margin\":\"default\",\"item_animation\":true,\"content_style\":\"lead\",\"grid_column_align\":false,\"grid_large\":\"2\"},\"children\":[{\"type\":\"grid_item\",\"props\":{\"image\":\"wp-content\\\/uploads\\\/2022\\\/07\\\/image.png\",\"link\":\"\",\"title\":\"UNIVERSITATEA POLITECNIC\\u0102 DIN VALENCIA\",\"content\":\"\n\n<p>Universitatea Politecnic\\u0103 din Valencia este o institu\\u021bie public\\u0103 de \\u00eenv\\u0103\\u021b\\u0103m\\u00e2nt superior implicat\\u0103 activ \\u00een proiecte interna\\u021bionale de cooperare \\u0219i mobilitate.<\\\/p>\\n\n\n<p>In UPV inva\\u021b\\u0103 aproape 30.000 de studen\\u021bi \\u0219i are peste 4.000 de angaja\\u021bi (personal didactic, de cercetare \\u0219i administrativ). Este cea mai buna universitate tehnologic\\u0103 din Spania, conform unor clasamente interna\\u021bionale (de exemplu, Shanghai Ranking of World Universities).<\\\/p>\\n\n\n<p><\\\/p>\\n\n\n<p>Pagina web: <a href=\\\"http:\\\/\\\/www.upv.es\\\/\\\" target=\\\"_blank\\\" rel=\\\"noopener\\\">www.upv.es<\\\/a><\\\/p>\"}},{\"type\":\"grid_item\",\"props\":{\"image\":\"wp-content\\\/uploads\\\/2022\\\/09\\\/\\u03b1\\u03c1\\u03c7\\u03b5\\u03af\\u03bf-\\u03bb\\u03ae\\u03c8\\u03b7\\u03c2-3-1.png\",\"link\":\"\",\"title\":\"UNIVERSITATEA DIN ORADEA\",\"content\":\"\n\n<p>Universitatea din Oradea (UO) ofer\\u0103 educa\\u021bie \\u0219i cercetare la un \\u00eenalt standard de calitate, \\u00eentr-un context na\\u021bional \\u0219i interna\\u021bional de dezvoltare social\\u0103, profesional\\u0103 \\u0219i intelectual\\u0103 a indivizilor.<\\\/p>\\n\n\n<p>Aceast\\u0103 misiune este modelat\\u0103 de obiective precum atragerea de studen\\u021bi din \\u00eentreaga lume (universitatea a implementat rela\\u021bii interna\\u021bionale cu 529 de institu\\u021bii din 39 de \\u021b\\u0103ri). UO se pozi\\u021bioneaz\\u0103 printre cele mai bune institu\\u021bii de \\u00eenv\\u0103\\u021b\\u0103m\\u00e2nt din \\u021bar\\u0103 \\u0219i din Europa, transmi\\u021b\\u00e2nd comunit\\u0103\\u021bii semnifica\\u021bia \\u0219i importan\\u021ba educa\\u021biei academice \\u0219i a cercet\\u0103rii \\u0219tiin\\u021bifice.<\\\/p>\\n\n\n<p><span>Pagina web: <a href=\\\"http:\\\/\\\/www.uoradea.ro\\\/\\\" target=\\\"_blank\\\" rel=\\\"noopener\\\">www.uoradea.ro<\\\/a><\\\/span><\\\/p>\"}},{\"type\":\"grid_item\",\"props\":{\"image\":\"wp-content\\\/uploads\\\/2022\\\/07\\\/image-2.png\",\"title\":\"UNIVERSITATEA TEHNOLOGIC\\u0102 DIN KAUNAS\",\"content\":\"\n\n<p>Universitatea Tehnologic\\u0103 din Kaunas este cea mai mare \\u0219i mai veche universitate tehnologic\\u0103 din Lituania \\u0219i una dintre cele mai mari din industriale \\u021aarile Baltice. Este una dintre universit\\u0103\\u021bile remarcabile din Lituania, care a ocupat pozi\\u021bia de lider \\u00een multe direc\\u021bii de investiga\\u021bii \\u0219i studii \\u0219tiin\\u021bifice.<\\\/p>\\n\n\n<p>Facultatea de Inginerie Mecanic\\u0103 \\u0219i Design este singura din Lituania care ofer\\u0103 studii \\u00een textile. Recent, studiile s-au concentrat clar pe durabilitate \\u0219i pe economia circular\\u0103 \\u00een sectorul textil \\u0219i al modei. \\u00cen fiecare an sunt elaborate proiecte finan\\u021bate de UE, de guvernul lituanian sau de diferite companii industriale.<\\\/p>\\n\n\n<p><span>Pagina web<\\\/span>: <a href=\\\"http:\\\/\\\/www.ktu.edu\\\" target=\\\"_blank\\\" rel=\\\"noopener\\\">www.ktu.edu<\\\/a><\\\/p>\",\"link\":\"\"}},{\"type\":\"grid_item\",\"props\":{\"image\":\"wp-content\\\/uploads\\\/2022\\\/07\\\/image-1.png\",\"title\":\"UNIVERSITY OF WEST ATTICA\",\"content\":\"\n\n<p>University of West Attica a fost \\u00eenfiin\\u021bat\\u0103 \\u00een 2018 \\u0219i este rezultatul fuziunii dintre Universitatea de \\u0218tiin\\u021be Aplicate din Pireu \\u0219i Universitatea de \\u0218tiin\\u021be Aplicate din Atena. Noua universitate este a treia ca m\\u0103rime din Grecia. Universitatea, bazat\\u0103 pe tradi\\u021bia lung\\u0103 \\u0219i de succes a celor doua institutii care o compun, ofer\\u0103 o educa\\u021bie universitar\\u0103 \\u0219i postuniversitar\\u0103 de nivel \\u00eenalt, combinat\\u0103 cu activit\\u0103\\u021bi intensive de cercetare \\u00een domeniul stiintelor aplicate.<\\\/p>\\n\n\n<p>UNIWA a dezvoltat parteneriate permanente cu alte institutii na\\u021bionale \\u0219i internationale de educa\\u021bie \\u0219i cercetare pentru a \\u00eembun\\u0103t\\u0103\\u021bi continuu nivelul studiilor \\u0219i cercet\\u0103rii. <br \\\/>UNIWA particip\\u0103 activ la mai multe programe na\\u021bionale \\u0219i ale Uniunii Europene de cooperare interna\\u021bional\\u0103, cercetare \\u0219i diseminare a cuno\\u0219tin\\u021belor.<br \\\/><br \\\/><\\\/p>\\n\n\n<p><span>Pagina web<\\\/span>: <a href=\\\"http:\\\/\\\/www.uniwa.gr\\\" target=\\\"_blank\\\" rel=\\\"noopener\\\">www.uniwa.gr<\\\/a><\\\/p>\"}},{\"type\":\"grid_item\",\"props\":{\"content\":\"\n\n<p class=\\\"_04xlpA direction-ltr align-justify para-style-body\\\">IDEC este o companie de consultan\\u021b\\u0103 situat\\u0103 \\u00een Pireu, Grecia. Activit\\u0103\\u021bile sale constau \\u00een formare, consultan\\u021b\\u0103 \\u00een management, asigurare a calit\\u0103\\u021bii, evaluare \\u0219i dezvoltare de solu\\u021bii TIC at\\u00e2t pentru sectorul privat, c\\u00e2t \\u0219i pentru cel public.<\\\/p>\\n\n\n<p class=\\\"_04xlpA direction-ltr align-justify para-style-body\\\">\\u00cen ultimii 20 de ani, IDEC a fost activ\\u0103 \\u00een domeniul proiectelor UE. Are o experien\\u021b\\u0103 \\u00eendelungat\\u0103 \\u00een politicile europene privind \\u00eenv\\u0103\\u021barea pe tot parcursul vie\\u021bii, \\u00een special EQF, ECVET, Europass, EQAVET, validarea \\u00eenv\\u0103\\u021b\\u0103rii non-formale \\u0219i informale, \\u00eenv\\u0103\\u021barea la locul de munc\\u0103, programe de ucenicie, dar \\u0219i \\u00een reformele na\\u021bionale ale sistemelor de educa\\u021bie \\u0219i formare.<\\\/p>\\n\n\n<p><span>Pagina web<\\\/span><span>: www.idec.gr<\\\/span><\\\/p>\",\"title\":\"IDEC S.A\",\"image\":\"wp-content\\\/uploads\\\/2022\\\/07\\\/image-4.png\"}}]}]}]}]}],\"version\":\"2.7.22\"} --><\/p>\n","protected":false},"excerpt":{"rendered":"<p>PARTENERI UNIVERSITATEA POLITECNIC\u0102 DIN VALENCIA Universitatea Politecnic\u0103 din Valencia este o institu\u021bie public\u0103 de \u00eenv\u0103\u021b\u0103m\u00e2nt superior implicat\u0103 activ \u00een proiecte interna\u021bionale de cooperare \u0219i mobilitate. In UPV inva\u021b\u0103 aproape 30.000 de studen\u021bi \u0219i are peste 4.000 de angaja\u021bi (personal didactic, de cercetare \u0219i administrativ). Este cea mai buna universitate tehnologic\u0103 din Spania, conform unor clasamente [&hellip;]<\/p>\n","protected":false},"author":1,"featured_media":0,"parent":0,"menu_order":6,"comment_status":"open","ping_status":"open","template":"","meta":[],"acf":[],"_links":{"self":[{"href":"https:\/\/circutex.eu\/ro\/wp-json\/wp\/v2\/pages\/2768"}],"collection":[{"href":"https:\/\/circutex.eu\/ro\/wp-json\/wp\/v2\/pages"}],"about":[{"href":"https:\/\/circutex.eu\/ro\/wp-json\/wp\/v2\/types\/page"}],"author":[{"embeddable":true,"href":"https:\/\/circutex.eu\/ro\/wp-json\/wp\/v2\/users\/1"}],"replies":[{"embeddable":true,"href":"https:\/\/circutex.eu\/ro\/wp-json\/wp\/v2\/comments?post=2768"}],"version-history":[{"count":5,"href":"https:\/\/circutex.eu\/ro\/wp-json\/wp\/v2\/pages\/2768\/revisions"}],"predecessor-version":[{"id":2773,"href":"https:\/\/circutex.eu\/ro\/wp-json\/wp\/v2\/pages\/2768\/revisions\/2773"}],"wp:attachment":[{"href":"https:\/\/circutex.eu\/ro\/wp-json\/wp\/v2\/media?parent=2768"}],"curies":[{"name":"wp","href":"https:\/\/api.w.org\/{rel}","templated":true}]}}